{"id":34712,"date":"2024-11-05T09:07:58","date_gmt":"2024-11-05T09:07:58","guid":{"rendered":"https:\/\/jnksport.com\/?post_type=product&#038;p=34712"},"modified":"2025-11-14T22:49:21","modified_gmt":"2025-11-14T22:49:21","slug":"zapatilla-reebok-court-advance-100207971-mujer","status":"publish","type":"product","link":"https:\/\/jnksport.com\/en\/product\/zapatilla-reebok-court-advance-100207971-mujer\/","title":{"rendered":"Zapatilla Reebok Court Advance 100207971 Mujer"},"content":{"rendered":"<p>Los Zapatillas Classics Reebok Court Advance Bold para mujer ofrecen durabilidad y rendimiento al caminar. \u00a1Est\u00e1s a un clic de tenerlos!<\/p>\n<p>Los Zapatillas Classics Reebok Court Advance Bold para mujer combinan a la perfecci\u00f3n sofisticaci\u00f3n y funcionalidad. Su confecci\u00f3n en materiales de alta calidad proporciona un acabado impecable, mientras que la tecnolog\u00eda de la suela garantiza comodidad y soporte durante todo el d\u00eda. La estructura de estos Zapatillas asegura un ajuste ideal.<\/p>","protected":false},"excerpt":{"rendered":"<p>Los Zapatillas Classics Reebok Court Advance Bold para mujer ofrecen durabilidad y rendimiento al caminar. \u00a1Est\u00e1s a un clic de tenerlos! Los Zapatillas Classics Reebok&#8230;<\/p>","protected":false},"featured_media":33496,"comment_status":"open","ping_status":"closed","template":"","meta":{"om_disable_all_campaigns":false,"_monsterinsights_skip_tracking":false,"_monsterinsights_sitenote_active":false,"_monsterinsights_sitenote_note":"","_monsterinsights_sitenote_category":0,"_uf_show_specific_survey":0,"_uf_disable_surveys":false,"_joinchat":[]},"etheme_brands":[],"product_brand":[],"product_cat":[18],"product_tag":[],"class_list":{"0":"post-34712","1":"product","2":"type-product","3":"status-publish","4":"has-post-thumbnail","6":"product_cat-mujer","7":"product_shipping_class-envio-a-lima-y-provincia","9":"first","10":"instock","11":"sale","12":"featured","13":"shipping-taxable","14":"purchasable","15":"product-type-variable"},"aioseo_notices":[],"_links":{"self":[{"href":"https:\/\/jnksport.com\/en\/wp-json\/wp\/v2\/product\/34712","targetHints":{"allow":["GET"]}}],"collection":[{"href":"https:\/\/jnksport.com\/en\/wp-json\/wp\/v2\/product"}],"about":[{"href":"https:\/\/jnksport.com\/en\/wp-json\/wp\/v2\/types\/product"}],"replies":[{"embeddable":true,"href":"https:\/\/jnksport.com\/en\/wp-json\/wp\/v2\/comments?post=34712"}],"version-history":[{"count":0,"href":"https:\/\/jnksport.com\/en\/wp-json\/wp\/v2\/product\/34712\/revisions"}],"wp:featuredmedia":[{"embeddable":true,"href":"https:\/\/jnksport.com\/en\/wp-json\/wp\/v2\/media\/33496"}],"wp:attachment":[{"href":"https:\/\/jnksport.com\/en\/wp-json\/wp\/v2\/media?parent=34712"}],"wp:term":[{"taxonomy":"brand","embeddable":true,"href":"https:\/\/jnksport.com\/en\/wp-json\/wp\/v2\/etheme_brands?post=34712"},{"taxonomy":"product_brand","embeddable":true,"href":"https:\/\/jnksport.com\/en\/wp-json\/wp\/v2\/product_brand?post=34712"},{"taxonomy":"product_cat","embeddable":true,"href":"https:\/\/jnksport.com\/en\/wp-json\/wp\/v2\/product_cat?post=34712"},{"taxonomy":"product_tag","embeddable":true,"href":"https:\/\/jnksport.com\/en\/wp-json\/wp\/v2\/product_tag?post=34712"}],"curies":[{"name":"wp","href":"https:\/\/api.w.org\/{rel}","templated":true}]}}