{"id":34721,"date":"2024-11-05T09:08:06","date_gmt":"2024-11-05T09:08:06","guid":{"rendered":"https:\/\/jnksport.com\/?post_type=product&#038;p=34721"},"modified":"2025-12-30T08:01:19","modified_gmt":"2025-12-30T08:01:19","slug":"zapatilla-asics-gel-excite-9-1011b338-410-hombre","status":"publish","type":"product","link":"https:\/\/jnksport.com\/en\/product\/zapatilla-asics-gel-excite-9-1011b338-410-hombre\/","title":{"rendered":"Zapatilla Asics Gel-Excite 9 1011B338-410 Hombre"},"content":{"rendered":"<p>La zapatilla GEL-EXCITE\u2122 9 es una zapatilla c\u00f3moda para el corredor de fitness casual.<\/p>\n<p>Gracias a su parte superior de malla jacquard, este material aumenta el flujo de aire y crea una sensaci\u00f3n m\u00e1s suave contra el pie.<\/p>\n<p>En la entresuela se coloca una combinaci\u00f3n de amortiguaci\u00f3n AMPLIFOAM\u2122 y tecnolog\u00eda GEL\u00ae. Estas caracter\u00edsticas proporcionan una mejor absorci\u00f3n del impacto con un aterrizaje m\u00e1s tolerante al pisar.<\/p>","protected":false},"excerpt":{"rendered":"<p>La zapatilla GEL-EXCITE\u2122 9 es una zapatilla c\u00f3moda para el corredor de fitness casual. Gracias a su parte superior de malla jacquard, este material aumenta&#8230;<\/p>","protected":false},"featured_media":33210,"comment_status":"open","ping_status":"closed","template":"","meta":{"om_disable_all_campaigns":false,"_monsterinsights_skip_tracking":false,"_monsterinsights_sitenote_active":false,"_monsterinsights_sitenote_note":"","_monsterinsights_sitenote_category":0,"_uf_show_specific_survey":0,"_uf_disable_surveys":false,"_joinchat":[]},"etheme_brands":[],"product_brand":[],"product_cat":[19],"product_tag":[],"class_list":{"0":"post-34721","1":"product","2":"type-product","3":"status-publish","4":"has-post-thumbnail","6":"product_cat-hombre","7":"product_shipping_class-envio-a-lima-y-provincia","9":"first","10":"instock","11":"sale","12":"featured","13":"shipping-taxable","14":"purchasable","15":"product-type-variable"},"aioseo_notices":[],"_links":{"self":[{"href":"https:\/\/jnksport.com\/en\/wp-json\/wp\/v2\/product\/34721","targetHints":{"allow":["GET"]}}],"collection":[{"href":"https:\/\/jnksport.com\/en\/wp-json\/wp\/v2\/product"}],"about":[{"href":"https:\/\/jnksport.com\/en\/wp-json\/wp\/v2\/types\/product"}],"replies":[{"embeddable":true,"href":"https:\/\/jnksport.com\/en\/wp-json\/wp\/v2\/comments?post=34721"}],"version-history":[{"count":0,"href":"https:\/\/jnksport.com\/en\/wp-json\/wp\/v2\/product\/34721\/revisions"}],"wp:featuredmedia":[{"embeddable":true,"href":"https:\/\/jnksport.com\/en\/wp-json\/wp\/v2\/media\/33210"}],"wp:attachment":[{"href":"https:\/\/jnksport.com\/en\/wp-json\/wp\/v2\/media?parent=34721"}],"wp:term":[{"taxonomy":"brand","embeddable":true,"href":"https:\/\/jnksport.com\/en\/wp-json\/wp\/v2\/etheme_brands?post=34721"},{"taxonomy":"product_brand","embeddable":true,"href":"https:\/\/jnksport.com\/en\/wp-json\/wp\/v2\/product_brand?post=34721"},{"taxonomy":"product_cat","embeddable":true,"href":"https:\/\/jnksport.com\/en\/wp-json\/wp\/v2\/product_cat?post=34721"},{"taxonomy":"product_tag","embeddable":true,"href":"https:\/\/jnksport.com\/en\/wp-json\/wp\/v2\/product_tag?post=34721"}],"curies":[{"name":"wp","href":"https:\/\/api.w.org\/{rel}","templated":true}]}}