{"id":34729,"date":"2024-11-05T09:08:14","date_gmt":"2024-11-05T09:08:14","guid":{"rendered":"https:\/\/jnksport.com\/?post_type=product&#038;p=34729"},"modified":"2025-12-30T08:01:19","modified_gmt":"2025-12-30T08:01:19","slug":"zapatilla-asics-gel-excite-10-1011b600-401-hombre","status":"publish","type":"product","link":"https:\/\/jnksport.com\/en\/product\/zapatilla-asics-gel-excite-10-1011b600-401-hombre\/","title":{"rendered":"Zapatilla Asics Gel-Excite 10 1011B600-401 Hombre"},"content":{"rendered":"<p>La zapatilla GEL-EXCITE\u2122 10 presenta un dise\u00f1o significativamente m\u00e1s ligero que la versi\u00f3n anterior. Est\u00e1 dise\u00f1ado para ayudar a crear m\u00e1s comodidad bajo los pies para tu rutina de carrera y ejercicio. \u200b<\/p>\n<p>Con capas de tecnolog\u00eda AMPLIFOAM\u2122 PLUS en la entresuela, este zapato tambi\u00e9n incluye una altura de pila m\u00e1s alta para ayudar a brindar una experiencia de amortiguaci\u00f3n m\u00e1s c\u00f3moda.<\/p>","protected":false},"excerpt":{"rendered":"<p>La zapatilla GEL-EXCITE\u2122 10 presenta un dise\u00f1o significativamente m\u00e1s ligero que la versi\u00f3n anterior. Est\u00e1 dise\u00f1ado para ayudar a crear m\u00e1s comodidad bajo los pies&#8230;<\/p>","protected":false},"featured_media":33219,"comment_status":"open","ping_status":"closed","template":"","meta":{"om_disable_all_campaigns":false,"_monsterinsights_skip_tracking":false,"_monsterinsights_sitenote_active":false,"_monsterinsights_sitenote_note":"","_monsterinsights_sitenote_category":0,"_uf_show_specific_survey":0,"_uf_disable_surveys":false,"_joinchat":[]},"etheme_brands":[],"product_brand":[],"product_cat":[19],"product_tag":[],"class_list":{"0":"post-34729","1":"product","2":"type-product","3":"status-publish","4":"has-post-thumbnail","6":"product_cat-hombre","7":"product_shipping_class-envio-a-lima-y-provincia","9":"first","10":"instock","11":"sale","12":"featured","13":"shipping-taxable","14":"purchasable","15":"product-type-variable"},"aioseo_notices":[],"_links":{"self":[{"href":"https:\/\/jnksport.com\/en\/wp-json\/wp\/v2\/product\/34729","targetHints":{"allow":["GET"]}}],"collection":[{"href":"https:\/\/jnksport.com\/en\/wp-json\/wp\/v2\/product"}],"about":[{"href":"https:\/\/jnksport.com\/en\/wp-json\/wp\/v2\/types\/product"}],"replies":[{"embeddable":true,"href":"https:\/\/jnksport.com\/en\/wp-json\/wp\/v2\/comments?post=34729"}],"version-history":[{"count":0,"href":"https:\/\/jnksport.com\/en\/wp-json\/wp\/v2\/product\/34729\/revisions"}],"wp:featuredmedia":[{"embeddable":true,"href":"https:\/\/jnksport.com\/en\/wp-json\/wp\/v2\/media\/33219"}],"wp:attachment":[{"href":"https:\/\/jnksport.com\/en\/wp-json\/wp\/v2\/media?parent=34729"}],"wp:term":[{"taxonomy":"brand","embeddable":true,"href":"https:\/\/jnksport.com\/en\/wp-json\/wp\/v2\/etheme_brands?post=34729"},{"taxonomy":"product_brand","embeddable":true,"href":"https:\/\/jnksport.com\/en\/wp-json\/wp\/v2\/product_brand?post=34729"},{"taxonomy":"product_cat","embeddable":true,"href":"https:\/\/jnksport.com\/en\/wp-json\/wp\/v2\/product_cat?post=34729"},{"taxonomy":"product_tag","embeddable":true,"href":"https:\/\/jnksport.com\/en\/wp-json\/wp\/v2\/product_tag?post=34729"}],"curies":[{"name":"wp","href":"https:\/\/api.w.org\/{rel}","templated":true}]}}