{"id":34739,"date":"2024-11-05T09:08:23","date_gmt":"2024-11-05T09:08:23","guid":{"rendered":"https:\/\/jnksport.com\/?post_type=product&#038;p=34739"},"modified":"2026-04-29T22:31:57","modified_gmt":"2026-04-29T22:31:57","slug":"zapatilla-asics-fuzeblast-se-1012b367-002-mujer","status":"publish","type":"product","link":"https:\/\/jnksport.com\/en\/product\/zapatilla-asics-fuzeblast-se-1012b367-002-mujer\/","title":{"rendered":"Zapatilla Asics Fuzeblast Se  1012B367-002 Mujer"},"content":{"rendered":"<p>Las FUZEBLAST est\u00e1n inspirada en las caracter\u00edsticas principales de la franquicia NOVABLAST. Considerado una zapatilla para correr muy versatil y que es funcional para varias rutinas diarias. Este dise\u00f1o cuenta con una parte superior de malla transpirable que mantiene los pies transpirables durante el entrenamiento. Mientras tanto, envuelve c\u00f3modamente tu pie con una sensaci\u00f3n suave y de apoyo. Finalmente, la entresuela est\u00e1 construida con espuma E.V.A liviana para crear una comodidad excepcional para tus pies<\/p>","protected":false},"excerpt":{"rendered":"<p>Las FUZEBLAST est\u00e1n inspirada en las caracter\u00edsticas principales de la franquicia NOVABLAST. Considerado una zapatilla para correr muy versatil y que es funcional para varias&#8230;<\/p>","protected":false},"featured_media":33224,"comment_status":"open","ping_status":"closed","template":"","meta":{"om_disable_all_campaigns":false,"_monsterinsights_skip_tracking":false,"_monsterinsights_sitenote_active":false,"_monsterinsights_sitenote_note":"","_monsterinsights_sitenote_category":0,"_uf_show_specific_survey":0,"_uf_disable_surveys":false,"_joinchat":[]},"etheme_brands":[],"product_brand":[],"product_cat":[18],"product_tag":[],"class_list":{"0":"post-34739","1":"product","2":"type-product","3":"status-publish","4":"has-post-thumbnail","6":"product_cat-mujer","7":"product_shipping_class-envio-a-lima-y-provincia","9":"first","10":"instock","11":"sale","12":"featured","13":"shipping-taxable","14":"purchasable","15":"product-type-variable"},"aioseo_notices":[],"_links":{"self":[{"href":"https:\/\/jnksport.com\/en\/wp-json\/wp\/v2\/product\/34739","targetHints":{"allow":["GET"]}}],"collection":[{"href":"https:\/\/jnksport.com\/en\/wp-json\/wp\/v2\/product"}],"about":[{"href":"https:\/\/jnksport.com\/en\/wp-json\/wp\/v2\/types\/product"}],"replies":[{"embeddable":true,"href":"https:\/\/jnksport.com\/en\/wp-json\/wp\/v2\/comments?post=34739"}],"version-history":[{"count":0,"href":"https:\/\/jnksport.com\/en\/wp-json\/wp\/v2\/product\/34739\/revisions"}],"wp:featuredmedia":[{"embeddable":true,"href":"https:\/\/jnksport.com\/en\/wp-json\/wp\/v2\/media\/33224"}],"wp:attachment":[{"href":"https:\/\/jnksport.com\/en\/wp-json\/wp\/v2\/media?parent=34739"}],"wp:term":[{"taxonomy":"brand","embeddable":true,"href":"https:\/\/jnksport.com\/en\/wp-json\/wp\/v2\/etheme_brands?post=34739"},{"taxonomy":"product_brand","embeddable":true,"href":"https:\/\/jnksport.com\/en\/wp-json\/wp\/v2\/product_brand?post=34739"},{"taxonomy":"product_cat","embeddable":true,"href":"https:\/\/jnksport.com\/en\/wp-json\/wp\/v2\/product_cat?post=34739"},{"taxonomy":"product_tag","embeddable":true,"href":"https:\/\/jnksport.com\/en\/wp-json\/wp\/v2\/product_tag?post=34739"}],"curies":[{"name":"wp","href":"https:\/\/api.w.org\/{rel}","templated":true}]}}