{"id":34754,"date":"2024-11-05T09:08:38","date_gmt":"2024-11-05T09:08:38","guid":{"rendered":"https:\/\/jnksport.com\/?post_type=product&#038;p=34754"},"modified":"2025-11-14T22:49:23","modified_gmt":"2025-11-14T22:49:23","slug":"zapatilla-asics-gel-dedicate-8-1041a408-001-hombre","status":"publish","type":"product","link":"https:\/\/jnksport.com\/en\/product\/zapatilla-asics-gel-dedicate-8-1041a408-001-hombre\/","title":{"rendered":"Zapatilla Asics Gel-Dedicate 8 1041A408-001 Hombre"},"content":{"rendered":"<p>La zapatilla de tenis GEL-DEDICATE\u00ae 8 ofrece buena estabilidad y una sensaci\u00f3n de flexibilidad para mantener la mente centrada durante el partido.<\/p>\n<p>La parte superior de este zapato est\u00e1 construida con superposiciones de cuero sint\u00e9tico para mejorar el soporte. Mantienen tus pies sujetos cuando cambias de direcci\u00f3n y persigues tiros desafiantes.<\/p>\n<p>Una unidad de soporte TRUSSTIC\u00ae y una suela envolvente mejoran la estabilidad y permiten que los pies se muevan libremente. Esto le permite cambiar de direcci\u00f3n con m\u00e1s confianza, especialmente si se mueve de lado a lado.<\/p>","protected":false},"excerpt":{"rendered":"<p>La zapatilla de tenis GEL-DEDICATE\u00ae 8 ofrece buena estabilidad y una sensaci\u00f3n de flexibilidad para mantener la mente centrada durante el partido. La parte superior&#8230;<\/p>","protected":false},"featured_media":33235,"comment_status":"open","ping_status":"closed","template":"","meta":{"om_disable_all_campaigns":false,"_monsterinsights_skip_tracking":false,"_monsterinsights_sitenote_active":false,"_monsterinsights_sitenote_note":"","_monsterinsights_sitenote_category":0,"_uf_show_specific_survey":0,"_uf_disable_surveys":false,"_joinchat":[]},"etheme_brands":[],"product_brand":[],"product_cat":[19],"product_tag":[],"class_list":{"0":"post-34754","1":"product","2":"type-product","3":"status-publish","4":"has-post-thumbnail","6":"product_cat-hombre","7":"product_shipping_class-envio-a-lima-y-provincia","9":"first","10":"instock","11":"sale","12":"featured","13":"shipping-taxable","14":"purchasable","15":"product-type-variable"},"aioseo_notices":[],"_links":{"self":[{"href":"https:\/\/jnksport.com\/en\/wp-json\/wp\/v2\/product\/34754","targetHints":{"allow":["GET"]}}],"collection":[{"href":"https:\/\/jnksport.com\/en\/wp-json\/wp\/v2\/product"}],"about":[{"href":"https:\/\/jnksport.com\/en\/wp-json\/wp\/v2\/types\/product"}],"replies":[{"embeddable":true,"href":"https:\/\/jnksport.com\/en\/wp-json\/wp\/v2\/comments?post=34754"}],"version-history":[{"count":0,"href":"https:\/\/jnksport.com\/en\/wp-json\/wp\/v2\/product\/34754\/revisions"}],"wp:featuredmedia":[{"embeddable":true,"href":"https:\/\/jnksport.com\/en\/wp-json\/wp\/v2\/media\/33235"}],"wp:attachment":[{"href":"https:\/\/jnksport.com\/en\/wp-json\/wp\/v2\/media?parent=34754"}],"wp:term":[{"taxonomy":"brand","embeddable":true,"href":"https:\/\/jnksport.com\/en\/wp-json\/wp\/v2\/etheme_brands?post=34754"},{"taxonomy":"product_brand","embeddable":true,"href":"https:\/\/jnksport.com\/en\/wp-json\/wp\/v2\/product_brand?post=34754"},{"taxonomy":"product_cat","embeddable":true,"href":"https:\/\/jnksport.com\/en\/wp-json\/wp\/v2\/product_cat?post=34754"},{"taxonomy":"product_tag","embeddable":true,"href":"https:\/\/jnksport.com\/en\/wp-json\/wp\/v2\/product_tag?post=34754"}],"curies":[{"name":"wp","href":"https:\/\/api.w.org\/{rel}","templated":true}]}}