{"id":34812,"date":"2024-11-05T09:09:35","date_gmt":"2024-11-05T09:09:35","guid":{"rendered":"https:\/\/jnksport.com\/?post_type=product&#038;p=34812"},"modified":"2025-11-14T22:49:24","modified_gmt":"2025-11-14T22:49:24","slug":"zapatilla-puma-graviton-383462-28-hombre","status":"publish","type":"product","link":"https:\/\/jnksport.com\/en\/product\/zapatilla-puma-graviton-383462-28-hombre\/","title":{"rendered":"Zapatilla Puma Graviton 383462-28 Hombre"},"content":{"rendered":"<p>Donde quiera que los lleve, su viaje puede ir con estilo y comodidad. R22 una nueva incorporaci\u00f3n al mundo de carrera, cuentan con un patr\u00f3n superior tradicional con superposici\u00f3n en la puntera, pero una entresuela de altura ligeramente mayor y presenta una serie de colores combinables y adaptables a cualquier estilo. Adem\u00e1s, sus pies estar\u00e1n amortiguados durante todo el d\u00eda, en cada paso, en cada salto, gracias a nuestra innovadora plantilla SoftFoam. Material exterior: Textil y sint\u00e9tico y material de goma EVA.<\/p>","protected":false},"excerpt":{"rendered":"<p>Donde quiera que los lleve, su viaje puede ir con estilo y comodidad. R22 una nueva incorporaci\u00f3n al mundo de carrera, cuentan con un patr\u00f3n&#8230;<\/p>","protected":false},"featured_media":33316,"comment_status":"open","ping_status":"closed","template":"","meta":{"om_disable_all_campaigns":false,"_monsterinsights_skip_tracking":false,"_monsterinsights_sitenote_active":false,"_monsterinsights_sitenote_note":"","_monsterinsights_sitenote_category":0,"_uf_show_specific_survey":0,"_uf_disable_surveys":false,"_joinchat":[]},"etheme_brands":[],"product_brand":[],"product_cat":[19],"product_tag":[],"class_list":{"0":"post-34812","1":"product","2":"type-product","3":"status-publish","4":"has-post-thumbnail","6":"product_cat-hombre","7":"product_shipping_class-envio-a-lima-y-provincia","9":"first","10":"instock","11":"sale","12":"featured","13":"shipping-taxable","14":"purchasable","15":"product-type-variable"},"aioseo_notices":[],"_links":{"self":[{"href":"https:\/\/jnksport.com\/en\/wp-json\/wp\/v2\/product\/34812","targetHints":{"allow":["GET"]}}],"collection":[{"href":"https:\/\/jnksport.com\/en\/wp-json\/wp\/v2\/product"}],"about":[{"href":"https:\/\/jnksport.com\/en\/wp-json\/wp\/v2\/types\/product"}],"replies":[{"embeddable":true,"href":"https:\/\/jnksport.com\/en\/wp-json\/wp\/v2\/comments?post=34812"}],"version-history":[{"count":0,"href":"https:\/\/jnksport.com\/en\/wp-json\/wp\/v2\/product\/34812\/revisions"}],"wp:featuredmedia":[{"embeddable":true,"href":"https:\/\/jnksport.com\/en\/wp-json\/wp\/v2\/media\/33316"}],"wp:attachment":[{"href":"https:\/\/jnksport.com\/en\/wp-json\/wp\/v2\/media?parent=34812"}],"wp:term":[{"taxonomy":"brand","embeddable":true,"href":"https:\/\/jnksport.com\/en\/wp-json\/wp\/v2\/etheme_brands?post=34812"},{"taxonomy":"product_brand","embeddable":true,"href":"https:\/\/jnksport.com\/en\/wp-json\/wp\/v2\/product_brand?post=34812"},{"taxonomy":"product_cat","embeddable":true,"href":"https:\/\/jnksport.com\/en\/wp-json\/wp\/v2\/product_cat?post=34812"},{"taxonomy":"product_tag","embeddable":true,"href":"https:\/\/jnksport.com\/en\/wp-json\/wp\/v2\/product_tag?post=34812"}],"curies":[{"name":"wp","href":"https:\/\/api.w.org\/{rel}","templated":true}]}}