{"id":34831,"date":"2024-11-05T09:09:54","date_gmt":"2024-11-05T09:09:54","guid":{"rendered":"https:\/\/jnksport.com\/?post_type=product&#038;p=34831"},"modified":"2026-03-13T12:48:40","modified_gmt":"2026-03-13T12:48:40","slug":"zapatilla-puma-rbd-game-386373-07-hombre","status":"publish","type":"product","link":"https:\/\/jnksport.com\/en\/product\/zapatilla-puma-rbd-game-386373-07-hombre\/","title":{"rendered":"Zapatilla Puma Rbd Game 386373-07 Hombre"},"content":{"rendered":"<p>Puma RBD Game Low<br \/>\nLos Puma RBD Game Low son zapatos urbanos, para hombre, son f\u00e1ciles de usar, con una parte superior con material de cuero suave y un cierre de gancho y bucle en la parte superior. Camine por la vida con estilo y comodidad gracias a la amortiguaci\u00f3n superior de la plantilla SoftFoam+ y el llamativo d\u00fao de colores en el dise\u00f1o retro de la suela.<\/p>\n<p>Beneficios del Producto<br \/>\nSOFTFOAM+: plantilla c\u00f3moda dise\u00f1ada para proporcionar una amortiguaci\u00f3n suave gracias a su tal\u00f3n extra grueso.<br \/>\nEmpeine reciclado.<br \/>\nEntresuela de goma.<br \/>\nSuela de goma.<br \/>\nFranja caracter\u00edstica de PUMA en los lados lateral y medial.<br \/>\nLogotipo del felino de PUMA en el tal\u00f3n.<\/p>","protected":false},"excerpt":{"rendered":"<p>Puma RBD Game Low Los Puma RBD Game Low son zapatos urbanos, para hombre, son f\u00e1ciles de usar, con una parte superior con material de&#8230;<\/p>","protected":false},"featured_media":33327,"comment_status":"open","ping_status":"closed","template":"","meta":{"om_disable_all_campaigns":false,"_monsterinsights_skip_tracking":false,"_monsterinsights_sitenote_active":false,"_monsterinsights_sitenote_note":"","_monsterinsights_sitenote_category":0,"_uf_show_specific_survey":0,"_uf_disable_surveys":false,"_joinchat":[]},"etheme_brands":[],"product_brand":[],"product_cat":[19],"product_tag":[],"class_list":{"0":"post-34831","1":"product","2":"type-product","3":"status-publish","4":"has-post-thumbnail","6":"product_cat-hombre","7":"product_shipping_class-envio-a-lima-y-provincia","9":"first","10":"instock","11":"sale","12":"featured","13":"shipping-taxable","14":"purchasable","15":"product-type-variable"},"aioseo_notices":[],"_links":{"self":[{"href":"https:\/\/jnksport.com\/en\/wp-json\/wp\/v2\/product\/34831","targetHints":{"allow":["GET"]}}],"collection":[{"href":"https:\/\/jnksport.com\/en\/wp-json\/wp\/v2\/product"}],"about":[{"href":"https:\/\/jnksport.com\/en\/wp-json\/wp\/v2\/types\/product"}],"replies":[{"embeddable":true,"href":"https:\/\/jnksport.com\/en\/wp-json\/wp\/v2\/comments?post=34831"}],"version-history":[{"count":0,"href":"https:\/\/jnksport.com\/en\/wp-json\/wp\/v2\/product\/34831\/revisions"}],"wp:featuredmedia":[{"embeddable":true,"href":"https:\/\/jnksport.com\/en\/wp-json\/wp\/v2\/media\/33327"}],"wp:attachment":[{"href":"https:\/\/jnksport.com\/en\/wp-json\/wp\/v2\/media?parent=34831"}],"wp:term":[{"taxonomy":"brand","embeddable":true,"href":"https:\/\/jnksport.com\/en\/wp-json\/wp\/v2\/etheme_brands?post=34831"},{"taxonomy":"product_brand","embeddable":true,"href":"https:\/\/jnksport.com\/en\/wp-json\/wp\/v2\/product_brand?post=34831"},{"taxonomy":"product_cat","embeddable":true,"href":"https:\/\/jnksport.com\/en\/wp-json\/wp\/v2\/product_cat?post=34831"},{"taxonomy":"product_tag","embeddable":true,"href":"https:\/\/jnksport.com\/en\/wp-json\/wp\/v2\/product_tag?post=34831"}],"curies":[{"name":"wp","href":"https:\/\/api.w.org\/{rel}","templated":true}]}}