{"id":34876,"date":"2024-11-05T09:10:41","date_gmt":"2024-11-05T09:10:41","guid":{"rendered":"https:\/\/jnksport.com\/?post_type=product&#038;p=34876"},"modified":"2026-04-25T19:59:27","modified_gmt":"2026-04-25T19:59:27","slug":"zapatilla-puma-caven-2-0-392290-03-hombre","status":"publish","type":"product","link":"https:\/\/jnksport.com\/en\/product\/zapatilla-puma-caven-2-0-392290-03-hombre\/","title":{"rendered":"Zapatilla Puma Caven 2.0 392290-03 Hombre"},"content":{"rendered":"<p>Las Caven 2.0 son una versi\u00f3n sutil de un modelo de baloncesto de los a\u00f1os 80 que crea un cl\u00e1sico fiel al original tanto dentro como fuera de la cancha. Estas zapatillas, que combinan la incre\u00edblemente c\u00f3moda espuma SoftFoam con una moderna est\u00e9tica retro, son la esencia del estilo deportivo.<\/p>\n<p>CARACTER\u00cdSTICAS + BENEFICIOS<br \/>\nContenido reciclado: el exterior se ha fabricado con al menos un 20 % de materiales reciclados y la base, con al menos un 10 % como paso hacia un futuro mejor.<br \/>\nDETALLES<br \/>\nEntresuela gruesa de goma<br \/>\nSuela de goma<br \/>\nFormstrip de PUMA en el lateral<br \/>\nDetalles de la marca PUMA en el exterior, el tal\u00f3n y la etiqueta de la leng\u00fceta<\/p>","protected":false},"excerpt":{"rendered":"<p>Las Caven 2.0 son una versi\u00f3n sutil de un modelo de baloncesto de los a\u00f1os 80 que crea un cl\u00e1sico fiel al original tanto dentro&#8230;<\/p>","protected":false},"featured_media":33358,"comment_status":"open","ping_status":"closed","template":"","meta":{"om_disable_all_campaigns":false,"_monsterinsights_skip_tracking":false,"_monsterinsights_sitenote_active":false,"_monsterinsights_sitenote_note":"","_monsterinsights_sitenote_category":0,"_uf_show_specific_survey":0,"_uf_disable_surveys":false,"_joinchat":[]},"etheme_brands":[],"product_brand":[],"product_cat":[19],"product_tag":[],"class_list":{"0":"post-34876","1":"product","2":"type-product","3":"status-publish","4":"has-post-thumbnail","6":"product_cat-hombre","7":"product_shipping_class-envio-a-lima-y-provincia","9":"first","10":"instock","11":"sale","12":"featured","13":"shipping-taxable","14":"purchasable","15":"product-type-variable"},"aioseo_notices":[],"_links":{"self":[{"href":"https:\/\/jnksport.com\/en\/wp-json\/wp\/v2\/product\/34876","targetHints":{"allow":["GET"]}}],"collection":[{"href":"https:\/\/jnksport.com\/en\/wp-json\/wp\/v2\/product"}],"about":[{"href":"https:\/\/jnksport.com\/en\/wp-json\/wp\/v2\/types\/product"}],"replies":[{"embeddable":true,"href":"https:\/\/jnksport.com\/en\/wp-json\/wp\/v2\/comments?post=34876"}],"version-history":[{"count":0,"href":"https:\/\/jnksport.com\/en\/wp-json\/wp\/v2\/product\/34876\/revisions"}],"wp:featuredmedia":[{"embeddable":true,"href":"https:\/\/jnksport.com\/en\/wp-json\/wp\/v2\/media\/33358"}],"wp:attachment":[{"href":"https:\/\/jnksport.com\/en\/wp-json\/wp\/v2\/media?parent=34876"}],"wp:term":[{"taxonomy":"brand","embeddable":true,"href":"https:\/\/jnksport.com\/en\/wp-json\/wp\/v2\/etheme_brands?post=34876"},{"taxonomy":"product_brand","embeddable":true,"href":"https:\/\/jnksport.com\/en\/wp-json\/wp\/v2\/product_brand?post=34876"},{"taxonomy":"product_cat","embeddable":true,"href":"https:\/\/jnksport.com\/en\/wp-json\/wp\/v2\/product_cat?post=34876"},{"taxonomy":"product_tag","embeddable":true,"href":"https:\/\/jnksport.com\/en\/wp-json\/wp\/v2\/product_tag?post=34876"}],"curies":[{"name":"wp","href":"https:\/\/api.w.org\/{rel}","templated":true}]}}