{"id":34909,"date":"2024-11-05T09:11:13","date_gmt":"2024-11-05T09:11:13","guid":{"rendered":"https:\/\/jnksport.com\/?post_type=product&#038;p=34909"},"modified":"2026-01-03T23:35:00","modified_gmt":"2026-01-03T23:35:00","slug":"zapatilla-puma-carina-2-0-395017-10-mujer","status":"publish","type":"product","link":"https:\/\/jnksport.com\/en\/product\/zapatilla-puma-carina-2-0-395017-10-mujer\/","title":{"rendered":"Zapatilla Puma Carina 2.0 395017-10 Mujer"},"content":{"rendered":"<p>Sal a la calle con unas zapatillas de inspiraci\u00f3n retro pensadas para el hoy. Las Carina 2.0 Lux cuentan con empeine de cuero, detalle de perforaciones y plantilla SoftFoam+, que te proporciona una comodidad instant\u00e1nea para recorrer avenidas costeras o el centro de la ciudad. Su dise\u00f1o cl\u00e1sico de los a\u00f1os 80 te asegura un estilo californiano y relajado a cada paso.<\/p>\n<p>CARACTER\u00cdSTICAS + BENEFICIOS<br \/>\nLos productos de cuero PUMA respaldan la fabricaci\u00f3n responsable a trav\u00e9s del Leather Working Group: www.leatherworkinggroup.com<br \/>\nDETALLES<br \/>\nEmpeine de cuero con detalle de perforaciones<br \/>\nEntresuela de goma EVA y TPU<br \/>\nPlantilla SOFTFOAM+, que proporciona amortiguaci\u00f3n y comodidad todo el d\u00eda<br \/>\nEntresuela con l\u00edneas verticales m\u00e1s anchas y con logo PUMA en tal\u00f3n<br \/>\nFormstrip PUMA en ambos laterales<br \/>\nInformaci\u00f3n del material<br \/>\nPlantilla: 100% Textil<br \/>\nSuela: 100% Goma<br \/>\nExterior: 62.26% Piel de vacuno, 37.74% Sint\u00e9tico<br \/>\nForro: 78.22% Textil, 21.78% Sint\u00e9tico<br \/>\nPuma Inicio<\/p>","protected":false},"excerpt":{"rendered":"<p>Sal a la calle con unas zapatillas de inspiraci\u00f3n retro pensadas para el hoy. Las Carina 2.0 Lux cuentan con empeine de cuero, detalle de&#8230;<\/p>","protected":false},"featured_media":33388,"comment_status":"open","ping_status":"closed","template":"","meta":{"om_disable_all_campaigns":false,"_monsterinsights_skip_tracking":false,"_monsterinsights_sitenote_active":false,"_monsterinsights_sitenote_note":"","_monsterinsights_sitenote_category":0,"_uf_show_specific_survey":0,"_uf_disable_surveys":false,"_joinchat":[]},"etheme_brands":[],"product_brand":[],"product_cat":[18],"product_tag":[],"class_list":{"0":"post-34909","1":"product","2":"type-product","3":"status-publish","4":"has-post-thumbnail","6":"product_cat-mujer","7":"product_shipping_class-envio-a-lima-y-provincia","9":"first","10":"instock","11":"sale","12":"featured","13":"shipping-taxable","14":"purchasable","15":"product-type-variable"},"aioseo_notices":[],"_links":{"self":[{"href":"https:\/\/jnksport.com\/en\/wp-json\/wp\/v2\/product\/34909","targetHints":{"allow":["GET"]}}],"collection":[{"href":"https:\/\/jnksport.com\/en\/wp-json\/wp\/v2\/product"}],"about":[{"href":"https:\/\/jnksport.com\/en\/wp-json\/wp\/v2\/types\/product"}],"replies":[{"embeddable":true,"href":"https:\/\/jnksport.com\/en\/wp-json\/wp\/v2\/comments?post=34909"}],"version-history":[{"count":0,"href":"https:\/\/jnksport.com\/en\/wp-json\/wp\/v2\/product\/34909\/revisions"}],"wp:featuredmedia":[{"embeddable":true,"href":"https:\/\/jnksport.com\/en\/wp-json\/wp\/v2\/media\/33388"}],"wp:attachment":[{"href":"https:\/\/jnksport.com\/en\/wp-json\/wp\/v2\/media?parent=34909"}],"wp:term":[{"taxonomy":"brand","embeddable":true,"href":"https:\/\/jnksport.com\/en\/wp-json\/wp\/v2\/etheme_brands?post=34909"},{"taxonomy":"product_brand","embeddable":true,"href":"https:\/\/jnksport.com\/en\/wp-json\/wp\/v2\/product_brand?post=34909"},{"taxonomy":"product_cat","embeddable":true,"href":"https:\/\/jnksport.com\/en\/wp-json\/wp\/v2\/product_cat?post=34909"},{"taxonomy":"product_tag","embeddable":true,"href":"https:\/\/jnksport.com\/en\/wp-json\/wp\/v2\/product_tag?post=34909"}],"curies":[{"name":"wp","href":"https:\/\/api.w.org\/{rel}","templated":true}]}}