{"id":35101,"date":"2024-11-05T09:14:30","date_gmt":"2024-11-05T09:14:30","guid":{"rendered":"https:\/\/jnksport.com\/?post_type=product&#038;p=35101"},"modified":"2026-04-29T01:02:42","modified_gmt":"2026-04-29T01:02:42","slug":"zapatilla-lacoste-carnaby-pro-747sma0047-147-hombre","status":"publish","type":"product","link":"https:\/\/jnksport.com\/en\/product\/zapatilla-lacoste-carnaby-pro-747sma0047-147-hombre\/","title":{"rendered":"Zapatilla Lacoste Carnaby Pro 747SMA0047-147 Hombre"},"content":{"rendered":"<p>Las zapatillas Carnaby Pro, que se inspiran en el estilo de la herencia ten\u00edstica de Lacoste, est\u00e1n dise\u00f1adas en cuero con correas en la barra para puros. Para la \u00faltima colecci\u00f3n de Lacoste, el estilo actualizado tambi\u00e9n presenta un cocodrilo bordado como acabado.<\/p>\n<p>Parte superior de cuero<br \/>\nCintas rayadas a gran escala para barra de cigarros<br \/>\nCocodrilo bordado<br \/>\n94,66 % cuero; 5,34 % PU<\/p>","protected":false},"excerpt":{"rendered":"<p>Las zapatillas Carnaby Pro, que se inspiran en el estilo de la herencia ten\u00edstica de Lacoste, est\u00e1n dise\u00f1adas en cuero con correas en la barra&#8230;<\/p>","protected":false},"featured_media":59709,"comment_status":"open","ping_status":"closed","template":"","meta":{"om_disable_all_campaigns":false,"_monsterinsights_skip_tracking":false,"_monsterinsights_sitenote_active":false,"_monsterinsights_sitenote_note":"","_monsterinsights_sitenote_category":0,"_uf_show_specific_survey":0,"_uf_disable_surveys":false,"_joinchat":[]},"etheme_brands":[],"product_brand":[],"product_cat":[19],"product_tag":[],"class_list":{"0":"post-35101","1":"product","2":"type-product","3":"status-publish","4":"has-post-thumbnail","6":"product_cat-hombre","7":"product_shipping_class-envio-a-lima-y-provincia","9":"first","10":"instock","11":"sale","12":"featured","13":"shipping-taxable","14":"purchasable","15":"product-type-variable"},"aioseo_notices":[],"_links":{"self":[{"href":"https:\/\/jnksport.com\/en\/wp-json\/wp\/v2\/product\/35101","targetHints":{"allow":["GET"]}}],"collection":[{"href":"https:\/\/jnksport.com\/en\/wp-json\/wp\/v2\/product"}],"about":[{"href":"https:\/\/jnksport.com\/en\/wp-json\/wp\/v2\/types\/product"}],"replies":[{"embeddable":true,"href":"https:\/\/jnksport.com\/en\/wp-json\/wp\/v2\/comments?post=35101"}],"version-history":[{"count":1,"href":"https:\/\/jnksport.com\/en\/wp-json\/wp\/v2\/product\/35101\/revisions"}],"predecessor-version":[{"id":59710,"href":"https:\/\/jnksport.com\/en\/wp-json\/wp\/v2\/product\/35101\/revisions\/59710"}],"wp:featuredmedia":[{"embeddable":true,"href":"https:\/\/jnksport.com\/en\/wp-json\/wp\/v2\/media\/59709"}],"wp:attachment":[{"href":"https:\/\/jnksport.com\/en\/wp-json\/wp\/v2\/media?parent=35101"}],"wp:term":[{"taxonomy":"brand","embeddable":true,"href":"https:\/\/jnksport.com\/en\/wp-json\/wp\/v2\/etheme_brands?post=35101"},{"taxonomy":"product_brand","embeddable":true,"href":"https:\/\/jnksport.com\/en\/wp-json\/wp\/v2\/product_brand?post=35101"},{"taxonomy":"product_cat","embeddable":true,"href":"https:\/\/jnksport.com\/en\/wp-json\/wp\/v2\/product_cat?post=35101"},{"taxonomy":"product_tag","embeddable":true,"href":"https:\/\/jnksport.com\/en\/wp-json\/wp\/v2\/product_tag?post=35101"}],"curies":[{"name":"wp","href":"https:\/\/api.w.org\/{rel}","templated":true}]}}