{"id":35131,"date":"2024-11-05T09:15:02","date_gmt":"2024-11-05T09:15:02","guid":{"rendered":"https:\/\/jnksport.com\/?post_type=product&#038;p=35131"},"modified":"2026-04-29T00:38:43","modified_gmt":"2026-04-29T00:38:43","slug":"zapatilla-lacoste-powercourt-747sma0082-147-hombre","status":"publish","type":"product","link":"https:\/\/jnksport.com\/en\/product\/zapatilla-lacoste-powercourt-747sma0082-147-hombre\/","title":{"rendered":"Zapatilla Lacoste Powercourt 747SMA0082-147 Hombre"},"content":{"rendered":"<p>Las zapatillas bajas Powercourt est\u00e1n creadas con parte superior de cuero con bloques de colores, una suela de goma y un parche de cocodrilo bordado, lo que las convierte en una opci\u00f3n inspirada en la herencia para el uso diario.<\/p>\n<p>Parte superior: 93 % cuero, 7 % gamuza; forro: 63 % poli\u00e9ster reciclado, 37 % poli\u00e9ster; plantilla: 100 % poli\u00e9ster; suela: 100 % caucho<br \/>\nParte superior de cuero<br \/>\nSuela de goma<br \/>\nCocodrilo bordado<br \/>\nImpresi\u00f3n gr\u00e1fica de monograma en 3D<\/p>","protected":false},"excerpt":{"rendered":"<p>Las zapatillas bajas Powercourt est\u00e1n creadas con parte superior de cuero con bloques de colores, una suela de goma y un parche de cocodrilo bordado,&#8230;<\/p>","protected":false},"featured_media":59691,"comment_status":"open","ping_status":"closed","template":"","meta":{"om_disable_all_campaigns":false,"_monsterinsights_skip_tracking":false,"_monsterinsights_sitenote_active":false,"_monsterinsights_sitenote_note":"","_monsterinsights_sitenote_category":0,"_uf_show_specific_survey":0,"_uf_disable_surveys":false,"_joinchat":[]},"etheme_brands":[],"product_brand":[],"product_cat":[19],"product_tag":[],"class_list":{"0":"post-35131","1":"product","2":"type-product","3":"status-publish","4":"has-post-thumbnail","6":"product_cat-hombre","7":"product_shipping_class-envio-a-lima-y-provincia","9":"first","10":"instock","11":"sale","12":"featured","13":"shipping-taxable","14":"purchasable","15":"product-type-variable"},"aioseo_notices":[],"_links":{"self":[{"href":"https:\/\/jnksport.com\/en\/wp-json\/wp\/v2\/product\/35131","targetHints":{"allow":["GET"]}}],"collection":[{"href":"https:\/\/jnksport.com\/en\/wp-json\/wp\/v2\/product"}],"about":[{"href":"https:\/\/jnksport.com\/en\/wp-json\/wp\/v2\/types\/product"}],"replies":[{"embeddable":true,"href":"https:\/\/jnksport.com\/en\/wp-json\/wp\/v2\/comments?post=35131"}],"version-history":[{"count":1,"href":"https:\/\/jnksport.com\/en\/wp-json\/wp\/v2\/product\/35131\/revisions"}],"predecessor-version":[{"id":59692,"href":"https:\/\/jnksport.com\/en\/wp-json\/wp\/v2\/product\/35131\/revisions\/59692"}],"wp:featuredmedia":[{"embeddable":true,"href":"https:\/\/jnksport.com\/en\/wp-json\/wp\/v2\/media\/59691"}],"wp:attachment":[{"href":"https:\/\/jnksport.com\/en\/wp-json\/wp\/v2\/media?parent=35131"}],"wp:term":[{"taxonomy":"brand","embeddable":true,"href":"https:\/\/jnksport.com\/en\/wp-json\/wp\/v2\/etheme_brands?post=35131"},{"taxonomy":"product_brand","embeddable":true,"href":"https:\/\/jnksport.com\/en\/wp-json\/wp\/v2\/product_brand?post=35131"},{"taxonomy":"product_cat","embeddable":true,"href":"https:\/\/jnksport.com\/en\/wp-json\/wp\/v2\/product_cat?post=35131"},{"taxonomy":"product_tag","embeddable":true,"href":"https:\/\/jnksport.com\/en\/wp-json\/wp\/v2\/product_tag?post=35131"}],"curies":[{"name":"wp","href":"https:\/\/api.w.org\/{rel}","templated":true}]}}