{"id":35150,"date":"2024-11-05T09:15:23","date_gmt":"2024-11-05T09:15:23","guid":{"rendered":"https:\/\/jnksport.com\/?post_type=product&#038;p=35150"},"modified":"2026-04-29T00:44:16","modified_gmt":"2026-04-29T00:44:16","slug":"zapatilla-lacoste-powercourt-747sma0110-1r5-hombre","status":"publish","type":"product","link":"https:\/\/jnksport.com\/en\/product\/zapatilla-lacoste-powercourt-747sma0110-1r5-hombre\/","title":{"rendered":"Zapatilla Lacoste Powercourt 747SMA0110-1R5 Hombre"},"content":{"rendered":"<p>Esta es una excelente opci\u00f3n para las personas que valoran la simplicidad. Este modelo est\u00e1 fabricado en piel natural de alta calidad. El interior del zapato est\u00e1 relleno con una plantilla antibacteriana OrthoLite, que tambi\u00e9n garantiza una adecuada ventilaci\u00f3n de los pies. La suela est\u00e1 hecha de un material duradero que garantiza comodidad y conveniencia en cada paso. Todo est\u00e1 decorado con el logo caracter\u00edstico del fabricante colocado en el lateral y en el tal\u00f3n del zapato. Estos zapatos cl\u00e1sicos para hombre son perfectos para el uso diario y complementan muchos estilos de vida. Este modelo complementar\u00e1 perfectamente los pantalones de hombre .<\/p>\n<p>Especificaci\u00f3n:<br \/>\n&#8211; Corte cl\u00e1sico<br \/>\n&#8211; Modelo con cordones<br \/>\n&#8211; Plantilla OrthoLite<\/p>","protected":false},"excerpt":{"rendered":"<p>Esta es una excelente opci\u00f3n para las personas que valoran la simplicidad. Este modelo est\u00e1 fabricado en piel natural de alta calidad. El interior del&#8230;<\/p>","protected":false},"featured_media":59695,"comment_status":"open","ping_status":"closed","template":"","meta":{"om_disable_all_campaigns":false,"_monsterinsights_skip_tracking":false,"_monsterinsights_sitenote_active":false,"_monsterinsights_sitenote_note":"","_monsterinsights_sitenote_category":0,"_uf_show_specific_survey":0,"_uf_disable_surveys":false,"_joinchat":[]},"etheme_brands":[],"product_brand":[],"product_cat":[19],"product_tag":[],"class_list":{"0":"post-35150","1":"product","2":"type-product","3":"status-publish","4":"has-post-thumbnail","6":"product_cat-hombre","7":"product_shipping_class-envio-a-lima-y-provincia","9":"first","10":"instock","11":"sale","12":"featured","13":"shipping-taxable","14":"purchasable","15":"product-type-variable"},"aioseo_notices":[],"_links":{"self":[{"href":"https:\/\/jnksport.com\/en\/wp-json\/wp\/v2\/product\/35150","targetHints":{"allow":["GET"]}}],"collection":[{"href":"https:\/\/jnksport.com\/en\/wp-json\/wp\/v2\/product"}],"about":[{"href":"https:\/\/jnksport.com\/en\/wp-json\/wp\/v2\/types\/product"}],"replies":[{"embeddable":true,"href":"https:\/\/jnksport.com\/en\/wp-json\/wp\/v2\/comments?post=35150"}],"version-history":[{"count":1,"href":"https:\/\/jnksport.com\/en\/wp-json\/wp\/v2\/product\/35150\/revisions"}],"predecessor-version":[{"id":59696,"href":"https:\/\/jnksport.com\/en\/wp-json\/wp\/v2\/product\/35150\/revisions\/59696"}],"wp:featuredmedia":[{"embeddable":true,"href":"https:\/\/jnksport.com\/en\/wp-json\/wp\/v2\/media\/59695"}],"wp:attachment":[{"href":"https:\/\/jnksport.com\/en\/wp-json\/wp\/v2\/media?parent=35150"}],"wp:term":[{"taxonomy":"brand","embeddable":true,"href":"https:\/\/jnksport.com\/en\/wp-json\/wp\/v2\/etheme_brands?post=35150"},{"taxonomy":"product_brand","embeddable":true,"href":"https:\/\/jnksport.com\/en\/wp-json\/wp\/v2\/product_brand?post=35150"},{"taxonomy":"product_cat","embeddable":true,"href":"https:\/\/jnksport.com\/en\/wp-json\/wp\/v2\/product_cat?post=35150"},{"taxonomy":"product_tag","embeddable":true,"href":"https:\/\/jnksport.com\/en\/wp-json\/wp\/v2\/product_tag?post=35150"}],"curies":[{"name":"wp","href":"https:\/\/api.w.org\/{rel}","templated":true}]}}