{"id":35224,"date":"2024-11-05T09:16:36","date_gmt":"2024-11-05T09:16:36","guid":{"rendered":"https:\/\/jnksport.com\/?post_type=product&#038;p=35224"},"modified":"2025-12-12T07:57:23","modified_gmt":"2025-12-12T07:57:23","slug":"zapatilla-joma-flexys-men-24-cflexs2432-hombre","status":"publish","type":"product","link":"https:\/\/jnksport.com\/en\/product\/zapatilla-joma-flexys-men-24-cflexs2432-hombre\/","title":{"rendered":"Zapatilla Joma Flexys Men 24 CFLEXS2432 Hombre"},"content":{"rendered":"<p>Nuevo modelo de zapatillas deportivas para hombre. Inspirada en las cl\u00e1sicas l\u00edneas de f\u00fatbol sala. Elegancia, comodidad y durabilidad en unas solas zapatillas de uso diario.<\/p>\n<p>Upper elaborado con piel flexible, duradera y transpirable. Para mejorar la ventilaci\u00f3n del sudor, se ha aplicado la tecnolog\u00eda VTS para permitir que se forme el flujo de aire necesario para que el pie se mantenga fresco. Zona del tobillo y leng\u00fceta de textil acolchado para conseguir un ajuste m\u00e1s c\u00f3modo.<\/p>\n<p>Suela de caucho de buena calidad para resistir al desgaste por abrasi\u00f3n.<\/p>","protected":false},"excerpt":{"rendered":"<p>Nuevo modelo de zapatillas deportivas para hombre. Inspirada en las cl\u00e1sicas l\u00edneas de f\u00fatbol sala. Elegancia, comodidad y durabilidad en unas solas zapatillas de uso&#8230;<\/p>","protected":false},"featured_media":33574,"comment_status":"open","ping_status":"closed","template":"","meta":{"om_disable_all_campaigns":false,"_monsterinsights_skip_tracking":false,"_monsterinsights_sitenote_active":false,"_monsterinsights_sitenote_note":"","_monsterinsights_sitenote_category":0,"_uf_show_specific_survey":0,"_uf_disable_surveys":false,"_joinchat":[]},"etheme_brands":[],"product_brand":[],"product_cat":[19],"product_tag":[],"class_list":{"0":"post-35224","1":"product","2":"type-product","3":"status-publish","4":"has-post-thumbnail","6":"product_cat-hombre","7":"product_shipping_class-envio-a-lima-y-provincia","9":"first","10":"instock","11":"sale","12":"featured","13":"shipping-taxable","14":"purchasable","15":"product-type-variable"},"aioseo_notices":[],"_links":{"self":[{"href":"https:\/\/jnksport.com\/en\/wp-json\/wp\/v2\/product\/35224","targetHints":{"allow":["GET"]}}],"collection":[{"href":"https:\/\/jnksport.com\/en\/wp-json\/wp\/v2\/product"}],"about":[{"href":"https:\/\/jnksport.com\/en\/wp-json\/wp\/v2\/types\/product"}],"replies":[{"embeddable":true,"href":"https:\/\/jnksport.com\/en\/wp-json\/wp\/v2\/comments?post=35224"}],"version-history":[{"count":0,"href":"https:\/\/jnksport.com\/en\/wp-json\/wp\/v2\/product\/35224\/revisions"}],"wp:featuredmedia":[{"embeddable":true,"href":"https:\/\/jnksport.com\/en\/wp-json\/wp\/v2\/media\/33574"}],"wp:attachment":[{"href":"https:\/\/jnksport.com\/en\/wp-json\/wp\/v2\/media?parent=35224"}],"wp:term":[{"taxonomy":"brand","embeddable":true,"href":"https:\/\/jnksport.com\/en\/wp-json\/wp\/v2\/etheme_brands?post=35224"},{"taxonomy":"product_brand","embeddable":true,"href":"https:\/\/jnksport.com\/en\/wp-json\/wp\/v2\/product_brand?post=35224"},{"taxonomy":"product_cat","embeddable":true,"href":"https:\/\/jnksport.com\/en\/wp-json\/wp\/v2\/product_cat?post=35224"},{"taxonomy":"product_tag","embeddable":true,"href":"https:\/\/jnksport.com\/en\/wp-json\/wp\/v2\/product_tag?post=35224"}],"curies":[{"name":"wp","href":"https:\/\/api.w.org\/{rel}","templated":true}]}}