{"id":35305,"date":"2024-11-05T09:17:56","date_gmt":"2024-11-05T09:17:56","guid":{"rendered":"https:\/\/jnksport.com\/?post_type=product&#038;p=35305"},"modified":"2026-04-26T00:27:56","modified_gmt":"2026-04-26T00:27:56","slug":"zapatilla-nike-court-legacy-da5381-102-ninos","status":"publish","type":"product","link":"https:\/\/jnksport.com\/en\/product\/zapatilla-nike-court-legacy-da5381-102-ninos\/","title":{"rendered":"Zapatilla Nike Court Legacy DA5381-102 Ni\u00f1os"},"content":{"rendered":"<p>El legado de Nike Court ofrece un estilo cl\u00e1sico de tenis para ni\u00f1os. Es duradero y c\u00f3modo, adem\u00e1s de contar con costuras de herencia y un Swoosh retro. Cuando tu peque\u00f1o se lo pone, comienza el juego, set, partido.<\/p>\n<p>Beneficios<\/p>\n<p>El cuero duradero representa un estilo de tenis cl\u00e1sico.<br \/>\nLas agujetas el\u00e1sticas y la correa con cierre por contacto les permiten ponerse y quitarse el calzado con facilidad.<br \/>\nLa suela de goma con patr\u00f3n gr\u00e1fico de espiguilla proporciona tracci\u00f3n y un estilo de herencia.<br \/>\nLa amortiguaci\u00f3n de espuma suave proporciona comodidad ligera.<\/p>","protected":false},"excerpt":{"rendered":"<p>El legado de Nike Court ofrece un estilo cl\u00e1sico de tenis para ni\u00f1os. Es duradero y c\u00f3modo, adem\u00e1s de contar con costuras de herencia y&#8230;<\/p>","protected":false},"featured_media":59432,"comment_status":"open","ping_status":"closed","template":"","meta":{"om_disable_all_campaigns":false,"_monsterinsights_skip_tracking":false,"_monsterinsights_sitenote_active":false,"_monsterinsights_sitenote_note":"","_monsterinsights_sitenote_category":0,"_uf_show_specific_survey":0,"_uf_disable_surveys":false,"_joinchat":[]},"etheme_brands":[],"product_brand":[],"product_cat":[159],"product_tag":[],"class_list":{"0":"post-35305","1":"product","2":"type-product","3":"status-publish","4":"has-post-thumbnail","6":"product_cat-ninos","7":"product_shipping_class-envio-a-lima-y-provincia","9":"first","10":"instock","11":"sale","12":"featured","13":"shipping-taxable","14":"purchasable","15":"product-type-variable"},"aioseo_notices":[],"_links":{"self":[{"href":"https:\/\/jnksport.com\/en\/wp-json\/wp\/v2\/product\/35305","targetHints":{"allow":["GET"]}}],"collection":[{"href":"https:\/\/jnksport.com\/en\/wp-json\/wp\/v2\/product"}],"about":[{"href":"https:\/\/jnksport.com\/en\/wp-json\/wp\/v2\/types\/product"}],"replies":[{"embeddable":true,"href":"https:\/\/jnksport.com\/en\/wp-json\/wp\/v2\/comments?post=35305"}],"version-history":[{"count":1,"href":"https:\/\/jnksport.com\/en\/wp-json\/wp\/v2\/product\/35305\/revisions"}],"predecessor-version":[{"id":59433,"href":"https:\/\/jnksport.com\/en\/wp-json\/wp\/v2\/product\/35305\/revisions\/59433"}],"wp:featuredmedia":[{"embeddable":true,"href":"https:\/\/jnksport.com\/en\/wp-json\/wp\/v2\/media\/59432"}],"wp:attachment":[{"href":"https:\/\/jnksport.com\/en\/wp-json\/wp\/v2\/media?parent=35305"}],"wp:term":[{"taxonomy":"brand","embeddable":true,"href":"https:\/\/jnksport.com\/en\/wp-json\/wp\/v2\/etheme_brands?post=35305"},{"taxonomy":"product_brand","embeddable":true,"href":"https:\/\/jnksport.com\/en\/wp-json\/wp\/v2\/product_brand?post=35305"},{"taxonomy":"product_cat","embeddable":true,"href":"https:\/\/jnksport.com\/en\/wp-json\/wp\/v2\/product_cat?post=35305"},{"taxonomy":"product_tag","embeddable":true,"href":"https:\/\/jnksport.com\/en\/wp-json\/wp\/v2\/product_tag?post=35305"}],"curies":[{"name":"wp","href":"https:\/\/api.w.org\/{rel}","templated":true}]}}