{"id":35348,"date":"2024-11-05T09:18:42","date_gmt":"2024-11-05T09:18:42","guid":{"rendered":"https:\/\/jnksport.com\/?post_type=product&#038;p=35348"},"modified":"2026-04-29T22:32:00","modified_gmt":"2026-04-29T22:32:00","slug":"zapatilla-nike-air-force-1-07-dd8959-103-mujer","status":"publish","type":"product","link":"https:\/\/jnksport.com\/en\/product\/zapatilla-nike-air-force-1-07-dd8959-103-mujer\/","title":{"rendered":"Zapatilla Nike Air Force 1 &#8217;07 DD8959-103 Mujer"},"content":{"rendered":"<p>El fulgor vive en Nike Air Force 1 \u201907, el \u00edcono del b\u00e1squetbol que le da un toque fresco a las caracter\u00edsticas m\u00e1s recordadas: colores audaces y la cantidad perfecta de destellos para que brilles.<\/p>\n<p>Beneficios<\/p>\n<p>Los revestimientos de cuero en la parte superior agregan un estilo tradicional con durabilidad y soporte.<br \/>\nDise\u00f1ada originalmente para el b\u00e1squetbol, la amortiguaci\u00f3n Nike Air agrega comodidad ligera durante todo el d\u00eda.<br \/>\nEl estilo de perfil bajo ofrece un look impecable y estilizado.<br \/>\nLa zona del tobillo acolchada es suave y c\u00f3moda.<\/p>","protected":false},"excerpt":{"rendered":"<p>El fulgor vive en Nike Air Force 1 \u201907, el \u00edcono del b\u00e1squetbol que le da un toque fresco a las caracter\u00edsticas m\u00e1s recordadas: colores&#8230;<\/p>","protected":false},"featured_media":59430,"comment_status":"open","ping_status":"closed","template":"","meta":{"om_disable_all_campaigns":false,"_monsterinsights_skip_tracking":false,"_monsterinsights_sitenote_active":false,"_monsterinsights_sitenote_note":"","_monsterinsights_sitenote_category":0,"_uf_show_specific_survey":0,"_uf_disable_surveys":false,"_joinchat":[]},"etheme_brands":[],"product_brand":[],"product_cat":[18],"product_tag":[],"class_list":{"0":"post-35348","1":"product","2":"type-product","3":"status-publish","4":"has-post-thumbnail","6":"product_cat-mujer","7":"product_shipping_class-envio-a-lima-y-provincia","9":"first","10":"instock","11":"sale","12":"featured","13":"shipping-taxable","14":"purchasable","15":"product-type-variable"},"aioseo_notices":[],"_links":{"self":[{"href":"https:\/\/jnksport.com\/en\/wp-json\/wp\/v2\/product\/35348","targetHints":{"allow":["GET"]}}],"collection":[{"href":"https:\/\/jnksport.com\/en\/wp-json\/wp\/v2\/product"}],"about":[{"href":"https:\/\/jnksport.com\/en\/wp-json\/wp\/v2\/types\/product"}],"replies":[{"embeddable":true,"href":"https:\/\/jnksport.com\/en\/wp-json\/wp\/v2\/comments?post=35348"}],"version-history":[{"count":1,"href":"https:\/\/jnksport.com\/en\/wp-json\/wp\/v2\/product\/35348\/revisions"}],"predecessor-version":[{"id":59431,"href":"https:\/\/jnksport.com\/en\/wp-json\/wp\/v2\/product\/35348\/revisions\/59431"}],"wp:featuredmedia":[{"embeddable":true,"href":"https:\/\/jnksport.com\/en\/wp-json\/wp\/v2\/media\/59430"}],"wp:attachment":[{"href":"https:\/\/jnksport.com\/en\/wp-json\/wp\/v2\/media?parent=35348"}],"wp:term":[{"taxonomy":"brand","embeddable":true,"href":"https:\/\/jnksport.com\/en\/wp-json\/wp\/v2\/etheme_brands?post=35348"},{"taxonomy":"product_brand","embeddable":true,"href":"https:\/\/jnksport.com\/en\/wp-json\/wp\/v2\/product_brand?post=35348"},{"taxonomy":"product_cat","embeddable":true,"href":"https:\/\/jnksport.com\/en\/wp-json\/wp\/v2\/product_cat?post=35348"},{"taxonomy":"product_tag","embeddable":true,"href":"https:\/\/jnksport.com\/en\/wp-json\/wp\/v2\/product_tag?post=35348"}],"curies":[{"name":"wp","href":"https:\/\/api.w.org\/{rel}","templated":true}]}}