{"id":35382,"date":"2024-11-05T09:19:14","date_gmt":"2024-11-05T09:19:14","guid":{"rendered":"https:\/\/jnksport.com\/?post_type=product&#038;p=35382"},"modified":"2026-04-29T22:32:16","modified_gmt":"2026-04-29T22:32:16","slug":"zapatilla-nike-court-vision-dh3158-101-mujer","status":"publish","type":"product","link":"https:\/\/jnksport.com\/en\/product\/zapatilla-nike-court-vision-dh3158-101-mujer\/","title":{"rendered":"Zapatilla Nike Court Vision DH3158-101 Mujer"},"content":{"rendered":"<p>\u00bfAmas el look cl\u00e1sico del b\u00e1squetbol de los a\u00f1os 80, pero tambi\u00e9n te apasiona la cultura acelerada de los partidos actuales? Te presentamos el Nike Court Vision Low. Un cl\u00e1sico redise\u00f1ado con al menos un 20% de materiales reciclados por peso, su parte superior n\u00edtida y los revestimientos cosidos mantienen el alma del estilo original. El cuello del tobillo de corte low y acolchado brinda elegancia y comodidad.<\/p>\n<p>Beneficios<\/p>\n<p>Confeccionado con al menos un 20% de materiales reciclados por peso.<br \/>\nCuando veas Nike Sunburst o el nombre Next Nature (NN), identificar\u00e1s un paso m\u00e1s en nuestro camino hacia cero carbono y cero desechos.<br \/>\nEl dise\u00f1o confeccionado con materiales sint\u00e9ticos rinde homenaje al calzado de b\u00e1squetbol de mediados de los 80.<br \/>\nEl cuello acolchado low ofrece un look elegante y una gran comodidad, al tiempo que las perforaciones en las puntas y los laterales aportan comodidad y transpirabilidad.<\/p>","protected":false},"excerpt":{"rendered":"<p>\u00bfAmas el look cl\u00e1sico del b\u00e1squetbol de los a\u00f1os 80, pero tambi\u00e9n te apasiona la cultura acelerada de los partidos actuales? Te presentamos el Nike&#8230;<\/p>","protected":false},"featured_media":59434,"comment_status":"open","ping_status":"closed","template":"","meta":{"om_disable_all_campaigns":false,"_monsterinsights_skip_tracking":false,"_monsterinsights_sitenote_active":false,"_monsterinsights_sitenote_note":"","_monsterinsights_sitenote_category":0,"_uf_show_specific_survey":0,"_uf_disable_surveys":false,"_joinchat":[]},"etheme_brands":[],"product_brand":[],"product_cat":[18],"product_tag":[],"class_list":{"0":"post-35382","1":"product","2":"type-product","3":"status-publish","4":"has-post-thumbnail","6":"product_cat-mujer","7":"product_shipping_class-envio-a-lima-y-provincia","9":"first","10":"instock","11":"sale","12":"featured","13":"shipping-taxable","14":"purchasable","15":"product-type-variable"},"aioseo_notices":[],"_links":{"self":[{"href":"https:\/\/jnksport.com\/en\/wp-json\/wp\/v2\/product\/35382","targetHints":{"allow":["GET"]}}],"collection":[{"href":"https:\/\/jnksport.com\/en\/wp-json\/wp\/v2\/product"}],"about":[{"href":"https:\/\/jnksport.com\/en\/wp-json\/wp\/v2\/types\/product"}],"replies":[{"embeddable":true,"href":"https:\/\/jnksport.com\/en\/wp-json\/wp\/v2\/comments?post=35382"}],"version-history":[{"count":1,"href":"https:\/\/jnksport.com\/en\/wp-json\/wp\/v2\/product\/35382\/revisions"}],"predecessor-version":[{"id":59435,"href":"https:\/\/jnksport.com\/en\/wp-json\/wp\/v2\/product\/35382\/revisions\/59435"}],"wp:featuredmedia":[{"embeddable":true,"href":"https:\/\/jnksport.com\/en\/wp-json\/wp\/v2\/media\/59434"}],"wp:attachment":[{"href":"https:\/\/jnksport.com\/en\/wp-json\/wp\/v2\/media?parent=35382"}],"wp:term":[{"taxonomy":"brand","embeddable":true,"href":"https:\/\/jnksport.com\/en\/wp-json\/wp\/v2\/etheme_brands?post=35382"},{"taxonomy":"product_brand","embeddable":true,"href":"https:\/\/jnksport.com\/en\/wp-json\/wp\/v2\/product_brand?post=35382"},{"taxonomy":"product_cat","embeddable":true,"href":"https:\/\/jnksport.com\/en\/wp-json\/wp\/v2\/product_cat?post=35382"},{"taxonomy":"product_tag","embeddable":true,"href":"https:\/\/jnksport.com\/en\/wp-json\/wp\/v2\/product_tag?post=35382"}],"curies":[{"name":"wp","href":"https:\/\/api.w.org\/{rel}","templated":true}]}}