{"id":35444,"date":"2024-11-05T09:20:17","date_gmt":"2024-11-05T09:20:17","guid":{"rendered":"https:\/\/jnksport.com\/?post_type=product&#038;p=35444"},"modified":"2026-04-26T00:36:22","modified_gmt":"2026-04-26T00:36:22","slug":"zapatilla-nike-blazer-low-dq1470-101-mujer","status":"publish","type":"product","link":"https:\/\/jnksport.com\/en\/product\/zapatilla-nike-blazer-low-dq1470-101-mujer\/","title":{"rendered":"Zapatilla Nike Blazer Low DQ1470-101 Mujer"},"content":{"rendered":"<p>UN Zapatillas F\u00c1CIL DE USAR SE TORNA GRANDE Y AUDAZ.<\/p>\n<p>Dicen: \u00abNo arregles lo que ya funciona\u00bb. Nosotros decimos: \u00abPerfecci\u00f3nalo\u00bb. Esta superestrella de la moda urbana se actualiza con detalles extragrandes. El Zapatillas Nike Blazer Low &#8216; 77 Jumbo, que toma el look cl\u00e1sico que m\u00e1s te gusta, cuenta con un dise\u00f1o de Swoosh extragrande, agujetas extraanchas y costuras m\u00e1s gruesas.<\/p>\n<p>Beneficios<\/p>\n<p>Las agujetas Jumbo son mucho m\u00e1s f\u00e1ciles de atar y aportan un look audaz a cualquier conjunto.<br \/>\nCon un dise\u00f1o que captura la esencia del Blazer cl\u00e1sico, los revestimientos de cuero cosidos y el detalle suave de gamuza en la punta aportan un estilo cl\u00e1sico de b\u00e1squetbol.<br \/>\nEl hilo extragrueso en las costuras agrega un toque audaz y desafiante.<br \/>\nEl patr\u00f3n gr\u00e1fico de espiguilla elevada en la suela de goma exagera el look cl\u00e1sico a la vez que proporciona tracci\u00f3n.<\/p>\n<p>Datos del producto<\/p>\n<p>Leng\u00fceta de espuma expuesta<br \/>\nAgujetas jumbo<br \/>\nCosturas de hilo grueso<br \/>\nEtiqueta oversized de tejido Woven<\/p>\n<p>Blazer Origins<\/p>\n<p>Presentado originalmente en 1972 como un Zapatillas de b\u00e1squetbol, el Blazer se ha transformado en un cl\u00e1sico moderno para los skaters y amantes del Zapatillas deportivo. Este Zapatillas simplemente mejora con los a\u00f1os: su evoluci\u00f3n fue de un simple Zapatillas de lona de corte high a un Zapatillas de cuero con estilo mid y, luego, a un Zapatillas de corte low informal.<\/p>","protected":false},"excerpt":{"rendered":"<p>UN Zapatillas F\u00c1CIL DE USAR SE TORNA GRANDE Y AUDAZ. Dicen: \u00abNo arregles lo que ya funciona\u00bb. Nosotros decimos: \u00abPerfecci\u00f3nalo\u00bb. Esta superestrella de la moda&#8230;<\/p>","protected":false},"featured_media":59438,"comment_status":"open","ping_status":"closed","template":"","meta":{"om_disable_all_campaigns":false,"_monsterinsights_skip_tracking":false,"_monsterinsights_sitenote_active":false,"_monsterinsights_sitenote_note":"","_monsterinsights_sitenote_category":0,"_uf_show_specific_survey":0,"_uf_disable_surveys":false,"_joinchat":[]},"etheme_brands":[],"product_brand":[],"product_cat":[18],"product_tag":[],"class_list":{"0":"post-35444","1":"product","2":"type-product","3":"status-publish","4":"has-post-thumbnail","6":"product_cat-mujer","7":"product_shipping_class-envio-a-lima-y-provincia","9":"first","10":"instock","11":"sale","12":"featured","13":"shipping-taxable","14":"purchasable","15":"product-type-variable"},"aioseo_notices":[],"_links":{"self":[{"href":"https:\/\/jnksport.com\/en\/wp-json\/wp\/v2\/product\/35444","targetHints":{"allow":["GET"]}}],"collection":[{"href":"https:\/\/jnksport.com\/en\/wp-json\/wp\/v2\/product"}],"about":[{"href":"https:\/\/jnksport.com\/en\/wp-json\/wp\/v2\/types\/product"}],"replies":[{"embeddable":true,"href":"https:\/\/jnksport.com\/en\/wp-json\/wp\/v2\/comments?post=35444"}],"version-history":[{"count":1,"href":"https:\/\/jnksport.com\/en\/wp-json\/wp\/v2\/product\/35444\/revisions"}],"predecessor-version":[{"id":59439,"href":"https:\/\/jnksport.com\/en\/wp-json\/wp\/v2\/product\/35444\/revisions\/59439"}],"wp:featuredmedia":[{"embeddable":true,"href":"https:\/\/jnksport.com\/en\/wp-json\/wp\/v2\/media\/59438"}],"wp:attachment":[{"href":"https:\/\/jnksport.com\/en\/wp-json\/wp\/v2\/media?parent=35444"}],"wp:term":[{"taxonomy":"brand","embeddable":true,"href":"https:\/\/jnksport.com\/en\/wp-json\/wp\/v2\/etheme_brands?post=35444"},{"taxonomy":"product_brand","embeddable":true,"href":"https:\/\/jnksport.com\/en\/wp-json\/wp\/v2\/product_brand?post=35444"},{"taxonomy":"product_cat","embeddable":true,"href":"https:\/\/jnksport.com\/en\/wp-json\/wp\/v2\/product_cat?post=35444"},{"taxonomy":"product_tag","embeddable":true,"href":"https:\/\/jnksport.com\/en\/wp-json\/wp\/v2\/product_tag?post=35444"}],"curies":[{"name":"wp","href":"https:\/\/api.w.org\/{rel}","templated":true}]}}