{"id":35502,"date":"2024-11-05T09:21:16","date_gmt":"2024-11-05T09:21:16","guid":{"rendered":"https:\/\/jnksport.com\/?post_type=product&#038;p=35502"},"modified":"2026-04-25T19:22:53","modified_gmt":"2026-04-25T19:22:53","slug":"zapatilla-nike-legend-10-club-dv4345-002-hombre","status":"publish","type":"product","link":"https:\/\/jnksport.com\/en\/product\/zapatilla-nike-legend-10-club-dv4345-002-hombre\/","title":{"rendered":"Zapatilla Nike Legend 10 Club DV4345-002 Hombre"},"content":{"rendered":"<p>s reciente de este calzado de f\u00fatbol Club te lleva a la cancha sin comprometer la calidad. El cuero sint\u00e9tico se adapta al pie y no se estira de m\u00e1s, as\u00ed ofrece un mejor control. M\u00e1s ligero y elegante que cualquier otro Tiempo hasta la fecha, el Legend 10 es para cualquier posici\u00f3n en el campo, ya sea que des un pase milim\u00e9trico a trav\u00e9s de la defensa o regreses para detener una escapada.<\/p>\n<p>Toque amplificado<\/p>\n<p>El cuero sint\u00e9tico moldeado da una sensaci\u00f3n acolchada para brindar un mejor toque.<\/p>\n<p>Ajuste natural y adaptable<\/p>\n<p>El cuero sint\u00e9tico se amolda al pie y brinda un mejor control, mantiene la comodidad para el partido.<\/p>\n<p>Tracci\u00f3n para el pasto sint\u00e9tico (turf)<\/p>\n<p>El patr\u00f3n de la suela te brinda tracci\u00f3n para superficies de pasto sint\u00e9tico (turf).<\/p>\n<p>Datos del producto<\/p>\n<p>Para usar en superficies sint\u00e9ticas de pasto m\u00e1s corto<br \/>\nPlantilla con amortiguaci\u00f3n<\/p>","protected":false},"excerpt":{"rendered":"<p>s reciente de este calzado de f\u00fatbol Club te lleva a la cancha sin comprometer la calidad. El cuero sint\u00e9tico se adapta al pie y&#8230;<\/p>","protected":false},"featured_media":59414,"comment_status":"open","ping_status":"closed","template":"","meta":{"om_disable_all_campaigns":false,"_monsterinsights_skip_tracking":false,"_monsterinsights_sitenote_active":false,"_monsterinsights_sitenote_note":"","_monsterinsights_sitenote_category":0,"_uf_show_specific_survey":0,"_uf_disable_surveys":false,"_joinchat":[]},"etheme_brands":[],"product_brand":[],"product_cat":[19],"product_tag":[],"class_list":{"0":"post-35502","1":"product","2":"type-product","3":"status-publish","4":"has-post-thumbnail","6":"product_cat-hombre","7":"product_shipping_class-envio-a-lima-y-provincia","9":"first","10":"instock","11":"sale","12":"featured","13":"shipping-taxable","14":"purchasable","15":"product-type-variable"},"aioseo_notices":[],"_links":{"self":[{"href":"https:\/\/jnksport.com\/en\/wp-json\/wp\/v2\/product\/35502","targetHints":{"allow":["GET"]}}],"collection":[{"href":"https:\/\/jnksport.com\/en\/wp-json\/wp\/v2\/product"}],"about":[{"href":"https:\/\/jnksport.com\/en\/wp-json\/wp\/v2\/types\/product"}],"replies":[{"embeddable":true,"href":"https:\/\/jnksport.com\/en\/wp-json\/wp\/v2\/comments?post=35502"}],"version-history":[{"count":1,"href":"https:\/\/jnksport.com\/en\/wp-json\/wp\/v2\/product\/35502\/revisions"}],"predecessor-version":[{"id":59418,"href":"https:\/\/jnksport.com\/en\/wp-json\/wp\/v2\/product\/35502\/revisions\/59418"}],"wp:featuredmedia":[{"embeddable":true,"href":"https:\/\/jnksport.com\/en\/wp-json\/wp\/v2\/media\/59414"}],"wp:attachment":[{"href":"https:\/\/jnksport.com\/en\/wp-json\/wp\/v2\/media?parent=35502"}],"wp:term":[{"taxonomy":"brand","embeddable":true,"href":"https:\/\/jnksport.com\/en\/wp-json\/wp\/v2\/etheme_brands?post=35502"},{"taxonomy":"product_brand","embeddable":true,"href":"https:\/\/jnksport.com\/en\/wp-json\/wp\/v2\/product_brand?post=35502"},{"taxonomy":"product_cat","embeddable":true,"href":"https:\/\/jnksport.com\/en\/wp-json\/wp\/v2\/product_cat?post=35502"},{"taxonomy":"product_tag","embeddable":true,"href":"https:\/\/jnksport.com\/en\/wp-json\/wp\/v2\/product_tag?post=35502"}],"curies":[{"name":"wp","href":"https:\/\/api.w.org\/{rel}","templated":true}]}}