{"id":35594,"date":"2024-11-05T09:22:45","date_gmt":"2024-11-05T09:22:45","guid":{"rendered":"https:\/\/jnksport.com\/?post_type=product&#038;p=35594"},"modified":"2026-04-29T22:32:00","modified_gmt":"2026-04-29T22:32:00","slug":"zapatilla-nike-downshifter-13-fd6476-001-hombre","status":"publish","type":"product","link":"https:\/\/jnksport.com\/en\/product\/zapatilla-nike-downshifter-13-fd6476-001-hombre\/","title":{"rendered":"Zapatilla Nike Downshifter 13 FD6476-001 Hombre"},"content":{"rendered":"<p>Ya sea que est\u00e9s empezando en el running o seas una experta deseosa de cambiar de ritmo, el Downshifter 13 est\u00e1 listo para acompa\u00f1arte. Con una parte superior renovada, amortiguaci\u00f3n y durabilidad, te ayuda a encontrar ese equipo adicional o a dar ese primer paso para perseguir tus objetivos.<\/p>\n<p>Confeccionada con Nike Grind<\/p>\n<p>La suela contiene al menos un 15% de material Nike Grind, confeccionado con residuos del proceso de fabricaci\u00f3n de calzado.<\/p>\n<p>Malla transpirable<\/p>\n<p>La malla suave y c\u00f3moda ofrece un alto nivel de transpirabilidad.<\/p>\n<p>Con soporte y seguridad<\/p>\n<p>Una banda de ajuste interna mejorada ofrece sujeci\u00f3n y seguridad alrededor del mediopi\u00e9.<\/p>\n<p>Datos del producto<\/p>\n<p>Detalles reflejantes<br \/>\nEste producto no est\u00e1 dise\u00f1ado para usarse como equipo de protecci\u00f3n personal (EPP)<\/p>","protected":false},"excerpt":{"rendered":"<p>Ya sea que est\u00e9s empezando en el running o seas una experta deseosa de cambiar de ritmo, el Downshifter 13 est\u00e1 listo para acompa\u00f1arte. Con&#8230;<\/p>","protected":false},"featured_media":59448,"comment_status":"open","ping_status":"closed","template":"","meta":{"om_disable_all_campaigns":false,"_monsterinsights_skip_tracking":false,"_monsterinsights_sitenote_active":false,"_monsterinsights_sitenote_note":"","_monsterinsights_sitenote_category":0,"_uf_show_specific_survey":0,"_uf_disable_surveys":false,"_joinchat":[]},"etheme_brands":[],"product_brand":[],"product_cat":[19],"product_tag":[],"class_list":{"0":"post-35594","1":"product","2":"type-product","3":"status-publish","4":"has-post-thumbnail","6":"product_cat-hombre","7":"product_shipping_class-envio-a-lima-y-provincia","9":"first","10":"instock","11":"featured","12":"shipping-taxable","13":"purchasable","14":"product-type-variable"},"aioseo_notices":[],"_links":{"self":[{"href":"https:\/\/jnksport.com\/en\/wp-json\/wp\/v2\/product\/35594","targetHints":{"allow":["GET"]}}],"collection":[{"href":"https:\/\/jnksport.com\/en\/wp-json\/wp\/v2\/product"}],"about":[{"href":"https:\/\/jnksport.com\/en\/wp-json\/wp\/v2\/types\/product"}],"replies":[{"embeddable":true,"href":"https:\/\/jnksport.com\/en\/wp-json\/wp\/v2\/comments?post=35594"}],"version-history":[{"count":1,"href":"https:\/\/jnksport.com\/en\/wp-json\/wp\/v2\/product\/35594\/revisions"}],"predecessor-version":[{"id":59449,"href":"https:\/\/jnksport.com\/en\/wp-json\/wp\/v2\/product\/35594\/revisions\/59449"}],"wp:featuredmedia":[{"embeddable":true,"href":"https:\/\/jnksport.com\/en\/wp-json\/wp\/v2\/media\/59448"}],"wp:attachment":[{"href":"https:\/\/jnksport.com\/en\/wp-json\/wp\/v2\/media?parent=35594"}],"wp:term":[{"taxonomy":"brand","embeddable":true,"href":"https:\/\/jnksport.com\/en\/wp-json\/wp\/v2\/etheme_brands?post=35594"},{"taxonomy":"product_brand","embeddable":true,"href":"https:\/\/jnksport.com\/en\/wp-json\/wp\/v2\/product_brand?post=35594"},{"taxonomy":"product_cat","embeddable":true,"href":"https:\/\/jnksport.com\/en\/wp-json\/wp\/v2\/product_cat?post=35594"},{"taxonomy":"product_tag","embeddable":true,"href":"https:\/\/jnksport.com\/en\/wp-json\/wp\/v2\/product_tag?post=35594"}],"curies":[{"name":"wp","href":"https:\/\/api.w.org\/{rel}","templated":true}]}}