{"id":35603,"date":"2024-11-05T09:22:54","date_gmt":"2024-11-05T09:22:54","guid":{"rendered":"https:\/\/jnksport.com\/?post_type=product&#038;p=35603"},"modified":"2026-04-29T22:32:16","modified_gmt":"2026-04-29T22:32:16","slug":"zapatilla-nike-journey-run-fn0228-001-hombre","status":"publish","type":"product","link":"https:\/\/jnksport.com\/en\/product\/zapatilla-nike-journey-run-fn0228-001-hombre\/","title":{"rendered":"Zapatilla Nike Journey Run FN0228-001 Hombre"},"content":{"rendered":"<p>Disfruta de cada paso, ruta y excursi\u00f3n con los Nike Journey Run. Te har\u00e1 avanzar con una sonrisa en pavimentos exigentes, gracias a las pilas extraaltas de espuma y la amortiguaci\u00f3n supersuave. Son tan c\u00f3modos que desear\u00e1s volver a pon\u00e9rtelos lo antes posible.<\/p>\n<p>Beneficios<\/p>\n<p>La malla dise\u00f1ada estrat\u00e9gicamente les da seguridad a los pies.<br \/>\nLa amortiguaci\u00f3n adicional en el tal\u00f3n y los puntos de contacto suaves en la leng\u00fceta y el cuello a\u00f1aden comodidad.<br \/>\nLa suela de goma brinda tracci\u00f3n para tus kil\u00f3metros.<\/p>\n<p>Datos del producto<\/p>\n<p>Detalles reflejantes<br \/>\nEste producto no est\u00e1 dise\u00f1ado para usarse como equipo de protecci\u00f3n personal (EPP)<\/p>","protected":false},"excerpt":{"rendered":"<p>Disfruta de cada paso, ruta y excursi\u00f3n con los Nike Journey Run. Te har\u00e1 avanzar con una sonrisa en pavimentos exigentes, gracias a las pilas&#8230;<\/p>","protected":false},"featured_media":59446,"comment_status":"open","ping_status":"closed","template":"","meta":{"om_disable_all_campaigns":false,"_monsterinsights_skip_tracking":false,"_monsterinsights_sitenote_active":false,"_monsterinsights_sitenote_note":"","_monsterinsights_sitenote_category":0,"_uf_show_specific_survey":0,"_uf_disable_surveys":false,"_joinchat":[]},"etheme_brands":[],"product_brand":[],"product_cat":[19],"product_tag":[],"class_list":{"0":"post-35603","1":"product","2":"type-product","3":"status-publish","4":"has-post-thumbnail","6":"product_cat-hombre","7":"product_shipping_class-envio-a-lima-y-provincia","9":"first","10":"instock","11":"sale","12":"featured","13":"shipping-taxable","14":"purchasable","15":"product-type-variable"},"aioseo_notices":[],"_links":{"self":[{"href":"https:\/\/jnksport.com\/en\/wp-json\/wp\/v2\/product\/35603","targetHints":{"allow":["GET"]}}],"collection":[{"href":"https:\/\/jnksport.com\/en\/wp-json\/wp\/v2\/product"}],"about":[{"href":"https:\/\/jnksport.com\/en\/wp-json\/wp\/v2\/types\/product"}],"replies":[{"embeddable":true,"href":"https:\/\/jnksport.com\/en\/wp-json\/wp\/v2\/comments?post=35603"}],"version-history":[{"count":1,"href":"https:\/\/jnksport.com\/en\/wp-json\/wp\/v2\/product\/35603\/revisions"}],"predecessor-version":[{"id":59447,"href":"https:\/\/jnksport.com\/en\/wp-json\/wp\/v2\/product\/35603\/revisions\/59447"}],"wp:featuredmedia":[{"embeddable":true,"href":"https:\/\/jnksport.com\/en\/wp-json\/wp\/v2\/media\/59446"}],"wp:attachment":[{"href":"https:\/\/jnksport.com\/en\/wp-json\/wp\/v2\/media?parent=35603"}],"wp:term":[{"taxonomy":"brand","embeddable":true,"href":"https:\/\/jnksport.com\/en\/wp-json\/wp\/v2\/etheme_brands?post=35603"},{"taxonomy":"product_brand","embeddable":true,"href":"https:\/\/jnksport.com\/en\/wp-json\/wp\/v2\/product_brand?post=35603"},{"taxonomy":"product_cat","embeddable":true,"href":"https:\/\/jnksport.com\/en\/wp-json\/wp\/v2\/product_cat?post=35603"},{"taxonomy":"product_tag","embeddable":true,"href":"https:\/\/jnksport.com\/en\/wp-json\/wp\/v2\/product_tag?post=35603"}],"curies":[{"name":"wp","href":"https:\/\/api.w.org\/{rel}","templated":true}]}}