{"id":35697,"date":"2024-11-05T09:24:23","date_gmt":"2024-11-05T09:24:23","guid":{"rendered":"https:\/\/jnksport.com\/?post_type=product&#038;p=35697"},"modified":"2026-03-31T23:08:42","modified_gmt":"2026-03-31T23:08:42","slug":"zapatilla-adidas-tensaur-gw1981-mujer","status":"publish","type":"product","link":"https:\/\/jnksport.com\/en\/product\/zapatilla-adidas-tensaur-gw1981-mujer\/","title":{"rendered":"Zapatilla Adidas Tensaur  GW1981 Mujer"},"content":{"rendered":"<p>Sin importar si est\u00e1n corriendo, saltando o caminando, los ni\u00f1os est\u00e1n constantemente poniendo sus zapatillas a prueba. Confeccionadas con una suela de caucho resistente que no deja marcas, estas zapatillas adidas se adhieren al suelo sin dejar marcas en las superficies. Adem\u00e1s, las dos tiras regulables de cierre por contacto en cada zapatilla las hacen f\u00e1ciles de poner y quitar.<\/p>\n<p>El exterior contiene al menos un 50 % de materiales reciclados. Este producto representa solo una de nuestras soluciones para ayudar a poner fin a los residuos pl\u00e1sticos.<\/p>","protected":false},"excerpt":{"rendered":"<p>Sin importar si est\u00e1n corriendo, saltando o caminando, los ni\u00f1os est\u00e1n constantemente poniendo sus zapatillas a prueba. Confeccionadas con una suela de caucho resistente que&#8230;<\/p>","protected":false},"featured_media":57236,"comment_status":"open","ping_status":"closed","template":"","meta":{"om_disable_all_campaigns":false,"_monsterinsights_skip_tracking":false,"_monsterinsights_sitenote_active":false,"_monsterinsights_sitenote_note":"","_monsterinsights_sitenote_category":0,"_uf_show_specific_survey":0,"_uf_disable_surveys":false,"_joinchat":[]},"etheme_brands":[],"product_brand":[],"product_cat":[18],"product_tag":[],"class_list":{"0":"post-35697","1":"product","2":"type-product","3":"status-publish","4":"has-post-thumbnail","6":"product_cat-mujer","7":"product_shipping_class-envio-a-lima-y-provincia","9":"first","10":"instock","11":"featured","12":"shipping-taxable","13":"purchasable","14":"product-type-variable"},"aioseo_notices":[],"_links":{"self":[{"href":"https:\/\/jnksport.com\/en\/wp-json\/wp\/v2\/product\/35697","targetHints":{"allow":["GET"]}}],"collection":[{"href":"https:\/\/jnksport.com\/en\/wp-json\/wp\/v2\/product"}],"about":[{"href":"https:\/\/jnksport.com\/en\/wp-json\/wp\/v2\/types\/product"}],"replies":[{"embeddable":true,"href":"https:\/\/jnksport.com\/en\/wp-json\/wp\/v2\/comments?post=35697"}],"version-history":[{"count":0,"href":"https:\/\/jnksport.com\/en\/wp-json\/wp\/v2\/product\/35697\/revisions"}],"wp:featuredmedia":[{"embeddable":true,"href":"https:\/\/jnksport.com\/en\/wp-json\/wp\/v2\/media\/57236"}],"wp:attachment":[{"href":"https:\/\/jnksport.com\/en\/wp-json\/wp\/v2\/media?parent=35697"}],"wp:term":[{"taxonomy":"brand","embeddable":true,"href":"https:\/\/jnksport.com\/en\/wp-json\/wp\/v2\/etheme_brands?post=35697"},{"taxonomy":"product_brand","embeddable":true,"href":"https:\/\/jnksport.com\/en\/wp-json\/wp\/v2\/product_brand?post=35697"},{"taxonomy":"product_cat","embeddable":true,"href":"https:\/\/jnksport.com\/en\/wp-json\/wp\/v2\/product_cat?post=35697"},{"taxonomy":"product_tag","embeddable":true,"href":"https:\/\/jnksport.com\/en\/wp-json\/wp\/v2\/product_tag?post=35697"}],"curies":[{"name":"wp","href":"https:\/\/api.w.org\/{rel}","templated":true}]}}