{"id":35751,"date":"2024-11-05T09:25:19","date_gmt":"2024-11-05T09:25:19","guid":{"rendered":"https:\/\/jnksport.com\/?post_type=product&#038;p=35751"},"modified":"2026-04-11T17:02:50","modified_gmt":"2026-04-11T17:02:50","slug":"zapatilla-adidas-tensaur-gx9772-mujer","status":"publish","type":"product","link":"https:\/\/jnksport.com\/en\/product\/zapatilla-adidas-tensaur-gx9772-mujer\/","title":{"rendered":"Zapatilla Adidas Tensaur GX9772 Mujer"},"content":{"rendered":"<p>Zapatillas c\u00f3modas hechas parcialmente con materiales reciclados<br \/>\nLos ni\u00f1os que est\u00e1n aprendiendo nuevas habilidades necesitan un calzado que se mueva con ellos. Estas zapatillas adidas cl\u00e1sicas tienen una suela de caucho que le inyecta suavidad a tus pasos y no marca los pisos de madera. As\u00ed que son perfectas para el estudio y para las pr\u00e1cticas deportivas.<\/p>\n<p>Hecho con una serie de materiales reciclados, el exterior incorpora al menos un 50 % de contenido reciclado. Este producto representa solo una de nuestras soluciones para acabar con los residuos pl\u00e1sticos.<\/p>","protected":false},"excerpt":{"rendered":"<p>Zapatillas c\u00f3modas hechas parcialmente con materiales reciclados Los ni\u00f1os que est\u00e1n aprendiendo nuevas habilidades necesitan un calzado que se mueva con ellos. Estas zapatillas adidas&#8230;<\/p>","protected":false},"featured_media":57237,"comment_status":"open","ping_status":"closed","template":"","meta":{"om_disable_all_campaigns":false,"_monsterinsights_skip_tracking":false,"_monsterinsights_sitenote_active":false,"_monsterinsights_sitenote_note":"","_monsterinsights_sitenote_category":0,"_uf_show_specific_survey":0,"_uf_disable_surveys":false,"_joinchat":[]},"etheme_brands":[],"product_brand":[],"product_cat":[18],"product_tag":[],"class_list":{"0":"post-35751","1":"product","2":"type-product","3":"status-publish","4":"has-post-thumbnail","6":"product_cat-mujer","7":"product_shipping_class-envio-a-lima-y-provincia","9":"first","10":"instock","11":"featured","12":"shipping-taxable","13":"purchasable","14":"product-type-variable"},"aioseo_notices":[],"_links":{"self":[{"href":"https:\/\/jnksport.com\/en\/wp-json\/wp\/v2\/product\/35751","targetHints":{"allow":["GET"]}}],"collection":[{"href":"https:\/\/jnksport.com\/en\/wp-json\/wp\/v2\/product"}],"about":[{"href":"https:\/\/jnksport.com\/en\/wp-json\/wp\/v2\/types\/product"}],"replies":[{"embeddable":true,"href":"https:\/\/jnksport.com\/en\/wp-json\/wp\/v2\/comments?post=35751"}],"version-history":[{"count":0,"href":"https:\/\/jnksport.com\/en\/wp-json\/wp\/v2\/product\/35751\/revisions"}],"wp:featuredmedia":[{"embeddable":true,"href":"https:\/\/jnksport.com\/en\/wp-json\/wp\/v2\/media\/57237"}],"wp:attachment":[{"href":"https:\/\/jnksport.com\/en\/wp-json\/wp\/v2\/media?parent=35751"}],"wp:term":[{"taxonomy":"brand","embeddable":true,"href":"https:\/\/jnksport.com\/en\/wp-json\/wp\/v2\/etheme_brands?post=35751"},{"taxonomy":"product_brand","embeddable":true,"href":"https:\/\/jnksport.com\/en\/wp-json\/wp\/v2\/product_brand?post=35751"},{"taxonomy":"product_cat","embeddable":true,"href":"https:\/\/jnksport.com\/en\/wp-json\/wp\/v2\/product_cat?post=35751"},{"taxonomy":"product_tag","embeddable":true,"href":"https:\/\/jnksport.com\/en\/wp-json\/wp\/v2\/product_tag?post=35751"}],"curies":[{"name":"wp","href":"https:\/\/api.w.org\/{rel}","templated":true}]}}