{"id":35765,"date":"2024-11-05T09:25:33","date_gmt":"2024-11-05T09:25:33","guid":{"rendered":"https:\/\/jnksport.com\/?post_type=product&#038;p=35765"},"modified":"2026-03-31T23:21:10","modified_gmt":"2026-03-31T23:21:10","slug":"zapatilla-adidas-hoops-gz9673jr-ninos","status":"publish","type":"product","link":"https:\/\/jnksport.com\/en\/product\/zapatilla-adidas-hoops-gz9673jr-ninos\/","title":{"rendered":"Zapatilla Adidas Hoops GZ9673JR Ni\u00f1os"},"content":{"rendered":"<p>Iny\u00e9ctale un poco de estilo inspirado en el b\u00e1squet a los looks de tu peque. Estas zapatillas adidas para ni\u00f1os le imprimen el soporte y la estabilidad del calzado de b\u00e1squet a un modelo para uso diario. El exterior de cuero sint\u00e9tico les da un look pr\u00e9mium y al mismo tiempo mantiene las zapatillas lo suficientemente livianas como para moverse con facilidad.<\/p>","protected":false},"excerpt":{"rendered":"<p>Iny\u00e9ctale un poco de estilo inspirado en el b\u00e1squet a los looks de tu peque. Estas zapatillas adidas para ni\u00f1os le imprimen el soporte y&#8230;<\/p>","protected":false},"featured_media":57238,"comment_status":"open","ping_status":"closed","template":"","meta":{"om_disable_all_campaigns":false,"_monsterinsights_skip_tracking":false,"_monsterinsights_sitenote_active":false,"_monsterinsights_sitenote_note":"","_monsterinsights_sitenote_category":0,"_uf_show_specific_survey":0,"_uf_disable_surveys":false,"_joinchat":[]},"etheme_brands":[],"product_brand":[],"product_cat":[159],"product_tag":[],"class_list":{"0":"post-35765","1":"product","2":"type-product","3":"status-publish","4":"has-post-thumbnail","6":"product_cat-ninos","7":"product_shipping_class-envio-a-lima-y-provincia","9":"first","10":"instock","11":"featured","12":"shipping-taxable","13":"purchasable","14":"product-type-variable"},"aioseo_notices":[],"_links":{"self":[{"href":"https:\/\/jnksport.com\/en\/wp-json\/wp\/v2\/product\/35765","targetHints":{"allow":["GET"]}}],"collection":[{"href":"https:\/\/jnksport.com\/en\/wp-json\/wp\/v2\/product"}],"about":[{"href":"https:\/\/jnksport.com\/en\/wp-json\/wp\/v2\/types\/product"}],"replies":[{"embeddable":true,"href":"https:\/\/jnksport.com\/en\/wp-json\/wp\/v2\/comments?post=35765"}],"version-history":[{"count":0,"href":"https:\/\/jnksport.com\/en\/wp-json\/wp\/v2\/product\/35765\/revisions"}],"wp:featuredmedia":[{"embeddable":true,"href":"https:\/\/jnksport.com\/en\/wp-json\/wp\/v2\/media\/57238"}],"wp:attachment":[{"href":"https:\/\/jnksport.com\/en\/wp-json\/wp\/v2\/media?parent=35765"}],"wp:term":[{"taxonomy":"brand","embeddable":true,"href":"https:\/\/jnksport.com\/en\/wp-json\/wp\/v2\/etheme_brands?post=35765"},{"taxonomy":"product_brand","embeddable":true,"href":"https:\/\/jnksport.com\/en\/wp-json\/wp\/v2\/product_brand?post=35765"},{"taxonomy":"product_cat","embeddable":true,"href":"https:\/\/jnksport.com\/en\/wp-json\/wp\/v2\/product_cat?post=35765"},{"taxonomy":"product_tag","embeddable":true,"href":"https:\/\/jnksport.com\/en\/wp-json\/wp\/v2\/product_tag?post=35765"}],"curies":[{"name":"wp","href":"https:\/\/api.w.org\/{rel}","templated":true}]}}