{"id":35785,"date":"2024-11-05T09:25:52","date_gmt":"2024-11-05T09:25:52","guid":{"rendered":"https:\/\/jnksport.com\/?post_type=product&#038;p=35785"},"modified":"2026-03-31T23:24:14","modified_gmt":"2026-03-31T23:24:14","slug":"zapatilla-adidas-breaknet-hp8959-mujer","status":"publish","type":"product","link":"https:\/\/jnksport.com\/en\/product\/zapatilla-adidas-breaknet-hp8959-mujer\/","title":{"rendered":"Zapatilla Adidas Breaknet HP8959 Mujer"},"content":{"rendered":"<p>Ahora los ni\u00f1os pueden enfrentar el juego con estilo con estas zapatillas adidas inspiradas en el zapatillas. Su dise\u00f1o se inspira en los modelos cl\u00e1sicos de las canchas para crear un look elegante y deportivo. Las 3 Tiras cosidas en los costados les confieren un look cl\u00e1sico. Una mediasuela acolchada les da comodidad en la escuela, en casa o cuando salen con amigos.<\/p>\n<p>Este producto, hecho con una serie de materiales reciclados y al menos 50 % de contenido reciclado, representa solo una de nuestras soluciones para acabar con los residuos pl\u00e1sticos.<\/p>","protected":false},"excerpt":{"rendered":"<p>Ahora los ni\u00f1os pueden enfrentar el juego con estilo con estas zapatillas adidas inspiradas en el zapatillas. Su dise\u00f1o se inspira en los modelos cl\u00e1sicos&#8230;<\/p>","protected":false},"featured_media":57239,"comment_status":"open","ping_status":"closed","template":"","meta":{"om_disable_all_campaigns":false,"_monsterinsights_skip_tracking":false,"_monsterinsights_sitenote_active":false,"_monsterinsights_sitenote_note":"","_monsterinsights_sitenote_category":0,"_uf_show_specific_survey":0,"_uf_disable_surveys":false,"_joinchat":[]},"etheme_brands":[],"product_brand":[],"product_cat":[18],"product_tag":[],"class_list":{"0":"post-35785","1":"product","2":"type-product","3":"status-publish","4":"has-post-thumbnail","6":"product_cat-mujer","7":"product_shipping_class-envio-a-lima-y-provincia","9":"first","10":"instock","11":"featured","12":"shipping-taxable","13":"purchasable","14":"product-type-variable"},"aioseo_notices":[],"_links":{"self":[{"href":"https:\/\/jnksport.com\/en\/wp-json\/wp\/v2\/product\/35785","targetHints":{"allow":["GET"]}}],"collection":[{"href":"https:\/\/jnksport.com\/en\/wp-json\/wp\/v2\/product"}],"about":[{"href":"https:\/\/jnksport.com\/en\/wp-json\/wp\/v2\/types\/product"}],"replies":[{"embeddable":true,"href":"https:\/\/jnksport.com\/en\/wp-json\/wp\/v2\/comments?post=35785"}],"version-history":[{"count":0,"href":"https:\/\/jnksport.com\/en\/wp-json\/wp\/v2\/product\/35785\/revisions"}],"wp:featuredmedia":[{"embeddable":true,"href":"https:\/\/jnksport.com\/en\/wp-json\/wp\/v2\/media\/57239"}],"wp:attachment":[{"href":"https:\/\/jnksport.com\/en\/wp-json\/wp\/v2\/media?parent=35785"}],"wp:term":[{"taxonomy":"brand","embeddable":true,"href":"https:\/\/jnksport.com\/en\/wp-json\/wp\/v2\/etheme_brands?post=35785"},{"taxonomy":"product_brand","embeddable":true,"href":"https:\/\/jnksport.com\/en\/wp-json\/wp\/v2\/product_brand?post=35785"},{"taxonomy":"product_cat","embeddable":true,"href":"https:\/\/jnksport.com\/en\/wp-json\/wp\/v2\/product_cat?post=35785"},{"taxonomy":"product_tag","embeddable":true,"href":"https:\/\/jnksport.com\/en\/wp-json\/wp\/v2\/product_tag?post=35785"}],"curies":[{"name":"wp","href":"https:\/\/api.w.org\/{rel}","templated":true}]}}