{"id":35805,"date":"2024-11-05T09:26:15","date_gmt":"2024-11-05T09:26:15","guid":{"rendered":"https:\/\/jnksport.com\/?post_type=product&#038;p=35805"},"modified":"2026-03-31T23:31:13","modified_gmt":"2026-03-31T23:31:13","slug":"zapatilla-adidas-ultrabounce-id2259-hombre","status":"publish","type":"product","link":"https:\/\/jnksport.com\/en\/product\/zapatilla-adidas-ultrabounce-id2259-hombre\/","title":{"rendered":"Zapatilla Adidas Ultrabounce ID2259 Hombre"},"content":{"rendered":"<p>ZAPATILLAS DE RUNNING CON AMORTIGUACI\u00d3N HECHAS PARCIALMENTE CON MATERIALES RECICLADOS<br \/>\nPrep\u00e1rate para mejorar tu entrenamiento. Estas zapatillas adidas te ayudar\u00e1n a avanzar en tu carrera. La mediasuela Bounce ligera proporciona comodidad, amortiguaci\u00f3n y flexibilidad a tu pisada para que puedas a\u00f1adir kil\u00f3metros a tu carrera diaria. La suela de caucho de gran resistencia al desgaste garantiza una excelente tracci\u00f3n en una gran variedad de superficies.<\/p>","protected":false},"excerpt":{"rendered":"<p>ZAPATILLAS DE RUNNING CON AMORTIGUACI\u00d3N HECHAS PARCIALMENTE CON MATERIALES RECICLADOS Prep\u00e1rate para mejorar tu entrenamiento. Estas zapatillas adidas te ayudar\u00e1n a avanzar en tu carrera&#8230;.<\/p>","protected":false},"featured_media":57249,"comment_status":"open","ping_status":"closed","template":"","meta":{"om_disable_all_campaigns":false,"_monsterinsights_skip_tracking":false,"_monsterinsights_sitenote_active":false,"_monsterinsights_sitenote_note":"","_monsterinsights_sitenote_category":0,"_uf_show_specific_survey":0,"_uf_disable_surveys":false,"_joinchat":[]},"etheme_brands":[],"product_brand":[],"product_cat":[19],"product_tag":[],"class_list":{"0":"post-35805","1":"product","2":"type-product","3":"status-publish","4":"has-post-thumbnail","6":"product_cat-hombre","7":"product_shipping_class-envio-a-lima-y-provincia","9":"first","10":"instock","11":"sale","12":"featured","13":"shipping-taxable","14":"purchasable","15":"product-type-variable"},"aioseo_notices":[],"_links":{"self":[{"href":"https:\/\/jnksport.com\/en\/wp-json\/wp\/v2\/product\/35805","targetHints":{"allow":["GET"]}}],"collection":[{"href":"https:\/\/jnksport.com\/en\/wp-json\/wp\/v2\/product"}],"about":[{"href":"https:\/\/jnksport.com\/en\/wp-json\/wp\/v2\/types\/product"}],"replies":[{"embeddable":true,"href":"https:\/\/jnksport.com\/en\/wp-json\/wp\/v2\/comments?post=35805"}],"version-history":[{"count":0,"href":"https:\/\/jnksport.com\/en\/wp-json\/wp\/v2\/product\/35805\/revisions"}],"wp:featuredmedia":[{"embeddable":true,"href":"https:\/\/jnksport.com\/en\/wp-json\/wp\/v2\/media\/57249"}],"wp:attachment":[{"href":"https:\/\/jnksport.com\/en\/wp-json\/wp\/v2\/media?parent=35805"}],"wp:term":[{"taxonomy":"brand","embeddable":true,"href":"https:\/\/jnksport.com\/en\/wp-json\/wp\/v2\/etheme_brands?post=35805"},{"taxonomy":"product_brand","embeddable":true,"href":"https:\/\/jnksport.com\/en\/wp-json\/wp\/v2\/product_brand?post=35805"},{"taxonomy":"product_cat","embeddable":true,"href":"https:\/\/jnksport.com\/en\/wp-json\/wp\/v2\/product_cat?post=35805"},{"taxonomy":"product_tag","embeddable":true,"href":"https:\/\/jnksport.com\/en\/wp-json\/wp\/v2\/product_tag?post=35805"}],"curies":[{"name":"wp","href":"https:\/\/api.w.org\/{rel}","templated":true}]}}