{"id":35820,"date":"2024-11-05T09:26:31","date_gmt":"2024-11-05T09:26:31","guid":{"rendered":"https:\/\/jnksport.com\/?post_type=product&#038;p=35820"},"modified":"2026-02-03T08:33:32","modified_gmt":"2026-02-03T08:33:32","slug":"zapatilla-adidas-grand-court-id7868jr-mujer","status":"publish","type":"product","link":"https:\/\/jnksport.com\/en\/product\/zapatilla-adidas-grand-court-id7868jr-mujer\/","title":{"rendered":"Zapatilla Adidas Grand Court ID7868JR Mujer"},"content":{"rendered":"<p>Prep\u00e1ralos para seguir los pasos de los mejores jugadores de tenis. Estas zapatillas adidas para ni\u00f1os tienen un look estilizado inspirado en el estilo de las canchas de tenis de los a\u00f1os 70. La suela tipo cupsole de caucho se flexiona y se adhiere a tus pies para pasos suaves y seguros.<\/p>\n<p>Hecha con una serie de materiales reciclados, esta parte superior incorpora al menos un 50 % de contenido reciclado.<\/p>","protected":false},"excerpt":{"rendered":"<p>Prep\u00e1ralos para seguir los pasos de los mejores jugadores de tenis. Estas zapatillas adidas para ni\u00f1os tienen un look estilizado inspirado en el estilo de&#8230;<\/p>","protected":false},"featured_media":32806,"comment_status":"open","ping_status":"closed","template":"","meta":{"om_disable_all_campaigns":false,"_monsterinsights_skip_tracking":false,"_monsterinsights_sitenote_active":false,"_monsterinsights_sitenote_note":"","_monsterinsights_sitenote_category":0,"_uf_show_specific_survey":0,"_uf_disable_surveys":false,"_joinchat":[]},"etheme_brands":[],"product_brand":[],"product_cat":[18],"product_tag":[],"class_list":{"0":"post-35820","1":"product","2":"type-product","3":"status-publish","4":"has-post-thumbnail","6":"product_cat-mujer","7":"product_shipping_class-envio-a-lima-y-provincia","9":"first","10":"instock","11":"featured","12":"shipping-taxable","13":"purchasable","14":"product-type-variable"},"aioseo_notices":[],"_links":{"self":[{"href":"https:\/\/jnksport.com\/en\/wp-json\/wp\/v2\/product\/35820","targetHints":{"allow":["GET"]}}],"collection":[{"href":"https:\/\/jnksport.com\/en\/wp-json\/wp\/v2\/product"}],"about":[{"href":"https:\/\/jnksport.com\/en\/wp-json\/wp\/v2\/types\/product"}],"replies":[{"embeddable":true,"href":"https:\/\/jnksport.com\/en\/wp-json\/wp\/v2\/comments?post=35820"}],"version-history":[{"count":0,"href":"https:\/\/jnksport.com\/en\/wp-json\/wp\/v2\/product\/35820\/revisions"}],"wp:featuredmedia":[{"embeddable":true,"href":"https:\/\/jnksport.com\/en\/wp-json\/wp\/v2\/media\/32806"}],"wp:attachment":[{"href":"https:\/\/jnksport.com\/en\/wp-json\/wp\/v2\/media?parent=35820"}],"wp:term":[{"taxonomy":"brand","embeddable":true,"href":"https:\/\/jnksport.com\/en\/wp-json\/wp\/v2\/etheme_brands?post=35820"},{"taxonomy":"product_brand","embeddable":true,"href":"https:\/\/jnksport.com\/en\/wp-json\/wp\/v2\/product_brand?post=35820"},{"taxonomy":"product_cat","embeddable":true,"href":"https:\/\/jnksport.com\/en\/wp-json\/wp\/v2\/product_cat?post=35820"},{"taxonomy":"product_tag","embeddable":true,"href":"https:\/\/jnksport.com\/en\/wp-json\/wp\/v2\/product_tag?post=35820"}],"curies":[{"name":"wp","href":"https:\/\/api.w.org\/{rel}","templated":true}]}}