{"id":35827,"date":"2024-11-05T09:26:39","date_gmt":"2024-11-05T09:26:39","guid":{"rendered":"https:\/\/jnksport.com\/?post_type=product&#038;p=35827"},"modified":"2026-03-31T23:47:03","modified_gmt":"2026-03-31T23:47:03","slug":"zapatilla-adidas-runfalcon-5-ie8574-ninos","status":"publish","type":"product","link":"https:\/\/jnksport.com\/en\/product\/zapatilla-adidas-runfalcon-5-ie8574-ninos\/","title":{"rendered":"Zapatilla Adidas Runfalcon 5 IE8574 Ni\u00f1os"},"content":{"rendered":"<p>Comodidad y diversi\u00f3n a todo tren<br \/>\nPara jugar y saltar en el cole y en el parque, aqu\u00ed est\u00e1 esta zapatilla adidas para peques imparables. Presenta un empeine ligero con un forro suave y una mediasuela con amortiguaci\u00f3n Cloudfoam que le brindan una pisada m\u00e1s c\u00f3moda y una gran sujeci\u00f3n durante todo el d\u00eda. Incorpora cordones el\u00e1sticos y una correa autoadherente para pon\u00e9rsela y quit\u00e1rsela en cuesti\u00f3n de segundos y \u00a1que comience la acci\u00f3n!<\/p>\n<p>Este producto contiene al menos un 20% de materiales reciclados. Utilizando materiales reciclados, reducimos los residuos, nuestra dependencia de los recursos finitos y la huella que generan los productos que fabricamos.<\/p>","protected":false},"excerpt":{"rendered":"<p>Comodidad y diversi\u00f3n a todo tren Para jugar y saltar en el cole y en el parque, aqu\u00ed est\u00e1 esta zapatilla adidas para peques imparables&#8230;.<\/p>","protected":false},"featured_media":57252,"comment_status":"open","ping_status":"closed","template":"","meta":{"om_disable_all_campaigns":false,"_monsterinsights_skip_tracking":false,"_monsterinsights_sitenote_active":false,"_monsterinsights_sitenote_note":"","_monsterinsights_sitenote_category":0,"_uf_show_specific_survey":0,"_uf_disable_surveys":false,"_joinchat":[]},"etheme_brands":[],"product_brand":[],"product_cat":[159],"product_tag":[],"class_list":{"0":"post-35827","1":"product","2":"type-product","3":"status-publish","4":"has-post-thumbnail","6":"product_cat-ninos","7":"product_shipping_class-envio-a-lima-y-provincia","9":"first","10":"instock","11":"featured","12":"shipping-taxable","13":"purchasable","14":"product-type-variable"},"aioseo_notices":[],"_links":{"self":[{"href":"https:\/\/jnksport.com\/en\/wp-json\/wp\/v2\/product\/35827","targetHints":{"allow":["GET"]}}],"collection":[{"href":"https:\/\/jnksport.com\/en\/wp-json\/wp\/v2\/product"}],"about":[{"href":"https:\/\/jnksport.com\/en\/wp-json\/wp\/v2\/types\/product"}],"replies":[{"embeddable":true,"href":"https:\/\/jnksport.com\/en\/wp-json\/wp\/v2\/comments?post=35827"}],"version-history":[{"count":0,"href":"https:\/\/jnksport.com\/en\/wp-json\/wp\/v2\/product\/35827\/revisions"}],"wp:featuredmedia":[{"embeddable":true,"href":"https:\/\/jnksport.com\/en\/wp-json\/wp\/v2\/media\/57252"}],"wp:attachment":[{"href":"https:\/\/jnksport.com\/en\/wp-json\/wp\/v2\/media?parent=35827"}],"wp:term":[{"taxonomy":"brand","embeddable":true,"href":"https:\/\/jnksport.com\/en\/wp-json\/wp\/v2\/etheme_brands?post=35827"},{"taxonomy":"product_brand","embeddable":true,"href":"https:\/\/jnksport.com\/en\/wp-json\/wp\/v2\/product_brand?post=35827"},{"taxonomy":"product_cat","embeddable":true,"href":"https:\/\/jnksport.com\/en\/wp-json\/wp\/v2\/product_cat?post=35827"},{"taxonomy":"product_tag","embeddable":true,"href":"https:\/\/jnksport.com\/en\/wp-json\/wp\/v2\/product_tag?post=35827"}],"curies":[{"name":"wp","href":"https:\/\/api.w.org\/{rel}","templated":true}]}}