{"id":35856,"date":"2024-11-05T09:27:09","date_gmt":"2024-11-05T09:27:09","guid":{"rendered":"https:\/\/jnksport.com\/?post_type=product&#038;p=35856"},"modified":"2026-03-30T21:39:21","modified_gmt":"2026-03-30T21:39:21","slug":"zapatilla-adidas-forum-low-ig3777-hombre","status":"publish","type":"product","link":"https:\/\/jnksport.com\/en\/product\/zapatilla-adidas-forum-low-ig3777-hombre\/","title":{"rendered":"Zapatilla Adidas Forum Low IG3777 Hombre"},"content":{"rendered":"<p>Zapatillas exclusivas que combinan energ\u00eda deportiva con un dise\u00f1o moderno<br \/>\nLas zapatillas adidas Forum han resistido la prueba del tiempo. Con una parte superior hecha de cuero premium, esta versi\u00f3n de corte bajo es una mezcla cl\u00e1sica de deporte y estilo. La suela tipo cupsole de caucho ofrece una base firme y confiable para todo lo que te depare el d\u00eda. El logo vintage de la leng\u00fceta destaca su legado deportivo. Comprobadas, aut\u00e9nticas y atemporales, estas zapatillas est\u00e1n hechas para ser usados.<\/p>","protected":false},"excerpt":{"rendered":"<p>Zapatillas exclusivas que combinan energ\u00eda deportiva con un dise\u00f1o moderno Las zapatillas adidas Forum han resistido la prueba del tiempo. Con una parte superior hecha&#8230;<\/p>","protected":false},"featured_media":57168,"comment_status":"open","ping_status":"closed","template":"","meta":{"om_disable_all_campaigns":false,"_monsterinsights_skip_tracking":false,"_monsterinsights_sitenote_active":false,"_monsterinsights_sitenote_note":"","_monsterinsights_sitenote_category":0,"_uf_show_specific_survey":0,"_uf_disable_surveys":false,"_joinchat":[]},"etheme_brands":[],"product_brand":[],"product_cat":[19],"product_tag":[],"class_list":{"0":"post-35856","1":"product","2":"type-product","3":"status-publish","4":"has-post-thumbnail","6":"product_cat-hombre","7":"product_shipping_class-envio-a-lima-y-provincia","9":"first","10":"instock","11":"sale","12":"featured","13":"shipping-taxable","14":"purchasable","15":"product-type-variable"},"aioseo_notices":[],"_links":{"self":[{"href":"https:\/\/jnksport.com\/en\/wp-json\/wp\/v2\/product\/35856","targetHints":{"allow":["GET"]}}],"collection":[{"href":"https:\/\/jnksport.com\/en\/wp-json\/wp\/v2\/product"}],"about":[{"href":"https:\/\/jnksport.com\/en\/wp-json\/wp\/v2\/types\/product"}],"replies":[{"embeddable":true,"href":"https:\/\/jnksport.com\/en\/wp-json\/wp\/v2\/comments?post=35856"}],"version-history":[{"count":0,"href":"https:\/\/jnksport.com\/en\/wp-json\/wp\/v2\/product\/35856\/revisions"}],"wp:featuredmedia":[{"embeddable":true,"href":"https:\/\/jnksport.com\/en\/wp-json\/wp\/v2\/media\/57168"}],"wp:attachment":[{"href":"https:\/\/jnksport.com\/en\/wp-json\/wp\/v2\/media?parent=35856"}],"wp:term":[{"taxonomy":"brand","embeddable":true,"href":"https:\/\/jnksport.com\/en\/wp-json\/wp\/v2\/etheme_brands?post=35856"},{"taxonomy":"product_brand","embeddable":true,"href":"https:\/\/jnksport.com\/en\/wp-json\/wp\/v2\/product_brand?post=35856"},{"taxonomy":"product_cat","embeddable":true,"href":"https:\/\/jnksport.com\/en\/wp-json\/wp\/v2\/product_cat?post=35856"},{"taxonomy":"product_tag","embeddable":true,"href":"https:\/\/jnksport.com\/en\/wp-json\/wp\/v2\/product_tag?post=35856"}],"curies":[{"name":"wp","href":"https:\/\/api.w.org\/{rel}","templated":true}]}}