{"id":35872,"date":"2024-11-05T09:27:25","date_gmt":"2024-11-05T09:27:25","guid":{"rendered":"https:\/\/jnksport.com\/?post_type=product&#038;p=35872"},"modified":"2026-04-20T15:30:13","modified_gmt":"2026-04-20T15:30:13","slug":"zapatilla-adidas-hoops-3-0-ih0182-mujer","status":"publish","type":"product","link":"https:\/\/jnksport.com\/en\/product\/zapatilla-adidas-hoops-3-0-ih0182-mujer\/","title":{"rendered":"Zapatilla Adidas Hoops 3.0 IH0182 Mujer"},"content":{"rendered":"<p>Zapatillas de estilo cl\u00e1sico con forro interno de malla y una suela robusta<br \/>\nBasadas en un look cl\u00e1sico, estas zapatillas adidas tienen un forro interno de malla que ofrece comodidad excepcional durante todo el d\u00eda. Las 3 Tiras resaltan sobre la parte superior de cuero sint\u00e9tico para un toque adicional de estilo sutil. La suela de caucho tiene un poco m\u00e1s de altura para un acabado moderno.<\/p>","protected":false},"excerpt":{"rendered":"<p>Zapatillas de estilo cl\u00e1sico con forro interno de malla y una suela robusta Basadas en un look cl\u00e1sico, estas zapatillas adidas tienen un forro interno&#8230;<\/p>","protected":false},"featured_media":57250,"comment_status":"open","ping_status":"closed","template":"","meta":{"om_disable_all_campaigns":false,"_monsterinsights_skip_tracking":false,"_monsterinsights_sitenote_active":false,"_monsterinsights_sitenote_note":"","_monsterinsights_sitenote_category":0,"_uf_show_specific_survey":0,"_uf_disable_surveys":false,"_joinchat":[]},"etheme_brands":[],"product_brand":[],"product_cat":[18],"product_tag":[],"class_list":{"0":"post-35872","1":"product","2":"type-product","3":"status-publish","4":"has-post-thumbnail","6":"product_cat-mujer","7":"product_shipping_class-envio-a-lima-y-provincia","9":"first","10":"instock","11":"featured","12":"shipping-taxable","13":"purchasable","14":"product-type-variable"},"aioseo_notices":[],"_links":{"self":[{"href":"https:\/\/jnksport.com\/en\/wp-json\/wp\/v2\/product\/35872","targetHints":{"allow":["GET"]}}],"collection":[{"href":"https:\/\/jnksport.com\/en\/wp-json\/wp\/v2\/product"}],"about":[{"href":"https:\/\/jnksport.com\/en\/wp-json\/wp\/v2\/types\/product"}],"replies":[{"embeddable":true,"href":"https:\/\/jnksport.com\/en\/wp-json\/wp\/v2\/comments?post=35872"}],"version-history":[{"count":0,"href":"https:\/\/jnksport.com\/en\/wp-json\/wp\/v2\/product\/35872\/revisions"}],"wp:featuredmedia":[{"embeddable":true,"href":"https:\/\/jnksport.com\/en\/wp-json\/wp\/v2\/media\/57250"}],"wp:attachment":[{"href":"https:\/\/jnksport.com\/en\/wp-json\/wp\/v2\/media?parent=35872"}],"wp:term":[{"taxonomy":"brand","embeddable":true,"href":"https:\/\/jnksport.com\/en\/wp-json\/wp\/v2\/etheme_brands?post=35872"},{"taxonomy":"product_brand","embeddable":true,"href":"https:\/\/jnksport.com\/en\/wp-json\/wp\/v2\/product_brand?post=35872"},{"taxonomy":"product_cat","embeddable":true,"href":"https:\/\/jnksport.com\/en\/wp-json\/wp\/v2\/product_cat?post=35872"},{"taxonomy":"product_tag","embeddable":true,"href":"https:\/\/jnksport.com\/en\/wp-json\/wp\/v2\/product_tag?post=35872"}],"curies":[{"name":"wp","href":"https:\/\/api.w.org\/{rel}","templated":true}]}}