{"id":35900,"date":"2024-11-05T09:27:53","date_gmt":"2024-11-05T09:27:53","guid":{"rendered":"https:\/\/jnksport.com\/?post_type=product&#038;p=35900"},"modified":"2025-11-14T22:50:06","modified_gmt":"2025-11-14T22:50:06","slug":"zapatilla-joma-liga-5-ligw2402in-hombre","status":"publish","type":"product","link":"https:\/\/jnksport.com\/en\/product\/zapatilla-joma-liga-5-ligw2402in-hombre\/","title":{"rendered":"Zapatilla Joma Liga 5 LIGW2402IN Hombre"},"content":{"rendered":"<p>Botas de f\u00fatbol para terrenos sint\u00e9ticos y de moqueta. Desarrolladas para futbolistas que dominan los movimientos t\u00e9cnicos y quieren conseguir un alto rendimiento en el terreno de juego.<\/p>\n<p>Parte superior fabricada con una combinaci\u00f3n de material sint\u00e9tico de malla transpirable y perforaciones VTS para facilitar la ventilaci\u00f3n del sudor. La construcci\u00f3n de los dos materiales da como resultado un corte ligero y flexible que ofrece un buen contacto con el bal\u00f3n.<\/p>\n<p>Refuerzo de PROTECCI\u00d3N en el antepi\u00e9.<\/p>\n<p>Entresuela de phylon mejorada para mayor estabilidad, amortiguaci\u00f3n y comodidad.<\/p>\n<p>Suela de goma DURABILIDAD con alta resistencia a la abrasi\u00f3n y agarre superficial. Elle presenta una estructura de m\u00faltiples tacos, que reduce la presi\u00f3n de la zancada y proporciona un buen soporte.<\/p>","protected":false},"excerpt":{"rendered":"<p>Botas de f\u00fatbol para terrenos sint\u00e9ticos y de moqueta. Desarrolladas para futbolistas que dominan los movimientos t\u00e9cnicos y quieren conseguir un alto rendimiento en el&#8230;<\/p>","protected":false},"featured_media":32885,"comment_status":"open","ping_status":"closed","template":"","meta":{"om_disable_all_campaigns":false,"_monsterinsights_skip_tracking":false,"_monsterinsights_sitenote_active":false,"_monsterinsights_sitenote_note":"","_monsterinsights_sitenote_category":0,"_uf_show_specific_survey":0,"_uf_disable_surveys":false,"_joinchat":[]},"etheme_brands":[],"product_brand":[],"product_cat":[19],"product_tag":[],"class_list":{"0":"post-35900","1":"product","2":"type-product","3":"status-publish","4":"has-post-thumbnail","6":"product_cat-hombre","7":"product_shipping_class-envio-a-lima-y-provincia","9":"first","10":"instock","11":"sale","12":"featured","13":"shipping-taxable","14":"purchasable","15":"product-type-variable"},"aioseo_notices":[],"_links":{"self":[{"href":"https:\/\/jnksport.com\/en\/wp-json\/wp\/v2\/product\/35900","targetHints":{"allow":["GET"]}}],"collection":[{"href":"https:\/\/jnksport.com\/en\/wp-json\/wp\/v2\/product"}],"about":[{"href":"https:\/\/jnksport.com\/en\/wp-json\/wp\/v2\/types\/product"}],"replies":[{"embeddable":true,"href":"https:\/\/jnksport.com\/en\/wp-json\/wp\/v2\/comments?post=35900"}],"version-history":[{"count":0,"href":"https:\/\/jnksport.com\/en\/wp-json\/wp\/v2\/product\/35900\/revisions"}],"wp:featuredmedia":[{"embeddable":true,"href":"https:\/\/jnksport.com\/en\/wp-json\/wp\/v2\/media\/32885"}],"wp:attachment":[{"href":"https:\/\/jnksport.com\/en\/wp-json\/wp\/v2\/media?parent=35900"}],"wp:term":[{"taxonomy":"brand","embeddable":true,"href":"https:\/\/jnksport.com\/en\/wp-json\/wp\/v2\/etheme_brands?post=35900"},{"taxonomy":"product_brand","embeddable":true,"href":"https:\/\/jnksport.com\/en\/wp-json\/wp\/v2\/product_brand?post=35900"},{"taxonomy":"product_cat","embeddable":true,"href":"https:\/\/jnksport.com\/en\/wp-json\/wp\/v2\/product_cat?post=35900"},{"taxonomy":"product_tag","embeddable":true,"href":"https:\/\/jnksport.com\/en\/wp-json\/wp\/v2\/product_tag?post=35900"}],"curies":[{"name":"wp","href":"https:\/\/api.w.org\/{rel}","templated":true}]}}