{"id":35910,"date":"2024-11-05T09:28:03","date_gmt":"2024-11-05T09:28:03","guid":{"rendered":"https:\/\/jnksport.com\/?post_type=product&#038;p=35910"},"modified":"2026-01-13T18:54:42","modified_gmt":"2026-01-13T18:54:42","slug":"zapatilla-joma-maxima-maxw2404tf-hombre","status":"publish","type":"product","link":"https:\/\/jnksport.com\/en\/product\/zapatilla-joma-maxima-maxw2404tf-hombre\/","title":{"rendered":"Zapatilla Joma Maxima MAXW2404TF Hombre"},"content":{"rendered":"<p>La estructura est\u00e1 realizada principalmente en PVC ligero y resistente. Para optimizar la ventilaci\u00f3n del sudor, se han aplicado peque\u00f1as perforaciones VTS para mejorar el flujo de aire, permitiendo que el pie permanezca a una temperatura constante. La zona del tobillo y la leng\u00fceta tienen un forro de tela para un ajuste ce\u00f1ido y comodidad. Los cordones PERFECT FIT mantienen el pie siempre en su sitio.<\/p>\n<p>Tiene un elemento PROTECTION en la puntera para proteger la zona de impactos. Fabricado en caucho.<\/p>\n<p>La suela es de caucho macizo macizo. Alta calidad, buena resistencia al desgaste por abrasi\u00f3n y adherencia a la superficie. Con una estructura de m\u00faltiples p\u00faas que reduce la presi\u00f3n sobre la pisada, proporcionando un buen soporte.<\/p>","protected":false},"excerpt":{"rendered":"<p>La estructura est\u00e1 realizada principalmente en PVC ligero y resistente. Para optimizar la ventilaci\u00f3n del sudor, se han aplicado peque\u00f1as perforaciones VTS para mejorar el&#8230;<\/p>","protected":false},"featured_media":32890,"comment_status":"open","ping_status":"closed","template":"","meta":{"om_disable_all_campaigns":false,"_monsterinsights_skip_tracking":false,"_monsterinsights_sitenote_active":false,"_monsterinsights_sitenote_note":"","_monsterinsights_sitenote_category":0,"_uf_show_specific_survey":0,"_uf_disable_surveys":false,"_joinchat":[]},"etheme_brands":[],"product_brand":[],"product_cat":[19],"product_tag":[],"class_list":{"0":"post-35910","1":"product","2":"type-product","3":"status-publish","4":"has-post-thumbnail","6":"product_cat-hombre","7":"product_shipping_class-envio-a-lima-y-provincia","9":"first","10":"instock","11":"sale","12":"featured","13":"shipping-taxable","14":"purchasable","15":"product-type-variable"},"aioseo_notices":[],"_links":{"self":[{"href":"https:\/\/jnksport.com\/en\/wp-json\/wp\/v2\/product\/35910","targetHints":{"allow":["GET"]}}],"collection":[{"href":"https:\/\/jnksport.com\/en\/wp-json\/wp\/v2\/product"}],"about":[{"href":"https:\/\/jnksport.com\/en\/wp-json\/wp\/v2\/types\/product"}],"replies":[{"embeddable":true,"href":"https:\/\/jnksport.com\/en\/wp-json\/wp\/v2\/comments?post=35910"}],"version-history":[{"count":0,"href":"https:\/\/jnksport.com\/en\/wp-json\/wp\/v2\/product\/35910\/revisions"}],"wp:featuredmedia":[{"embeddable":true,"href":"https:\/\/jnksport.com\/en\/wp-json\/wp\/v2\/media\/32890"}],"wp:attachment":[{"href":"https:\/\/jnksport.com\/en\/wp-json\/wp\/v2\/media?parent=35910"}],"wp:term":[{"taxonomy":"brand","embeddable":true,"href":"https:\/\/jnksport.com\/en\/wp-json\/wp\/v2\/etheme_brands?post=35910"},{"taxonomy":"product_brand","embeddable":true,"href":"https:\/\/jnksport.com\/en\/wp-json\/wp\/v2\/product_brand?post=35910"},{"taxonomy":"product_cat","embeddable":true,"href":"https:\/\/jnksport.com\/en\/wp-json\/wp\/v2\/product_cat?post=35910"},{"taxonomy":"product_tag","embeddable":true,"href":"https:\/\/jnksport.com\/en\/wp-json\/wp\/v2\/product_tag?post=35910"}],"curies":[{"name":"wp","href":"https:\/\/api.w.org\/{rel}","templated":true}]}}