{"id":35981,"date":"2024-11-05T09:29:14","date_gmt":"2024-11-05T09:29:14","guid":{"rendered":"https:\/\/jnksport.com\/?post_type=product&#038;p=35981"},"modified":"2026-03-29T20:21:08","modified_gmt":"2026-03-29T20:21:08","slug":"zapatilla-joma-mundial-munw2402tf-hombre","status":"publish","type":"product","link":"https:\/\/jnksport.com\/en\/product\/zapatilla-joma-mundial-munw2402tf-hombre\/","title":{"rendered":"Zapatilla Joma Mundial MUNW2402TF Hombre"},"content":{"rendered":"<p>Las zapatillas de f\u00fatbol Joma Mundial 2402 TF MUNW2402TF se distinguen por un dise\u00f1o atrevido en color blanco que aporta un aire de frescura al terreno de juego. Dise\u00f1adas para los amantes del f\u00fatbol que valoran tanto el estilo como la funcionalidad, son perfectas para jugar en superficies artificiales.<\/p>\n<p>El fabricante de estas zapatillas es Joma, una marca reconocida en el mundo del deporte, que de por s\u00ed garantiza una alta calidad y el cuidado de cada detalle. La categor\u00eda a la que pertenecen es la deportiva, m\u00e1s concretamente la de f\u00fatbol y c\u00e9sped, lo que las define como un calzado dedicado a jugar sobre c\u00e9sped artificial.<\/p>\n<p>Este modelo se caracteriza por un perfil bajo con cordones, que garantiza confianza en cada paso y un ajuste c\u00f3modo. La parte superior aireada, hecha de una combinaci\u00f3n de cuero flor y tela, garantiza una circulaci\u00f3n de aire adecuada y, por lo tanto, el m\u00e1ximo nivel de comodidad, incluso durante los partidos o entrenamientos m\u00e1s intensos.<\/p>\n<p>La suela de goma utilizada en las zapatillas Joma Mundial 2402 TF est\u00e1 dise\u00f1ada para un agarre y estabilidad \u00f3ptimos en superficies artificiales, lo que convierte a este modelo en una opci\u00f3n confiable para cualquier jugador de f\u00fatbol.<\/p>\n<p>El interior del zapato est\u00e1 forrado con material textil, lo que aumenta a\u00fan m\u00e1s la comodidad de uso. El color blanco, resaltado con detalles negros, le da al calzado un car\u00e1cter elegante pero expresivo.<\/p>\n<p>Las botas de f\u00fatbol Joma Mundial 2402 TF son una propuesta para los hombres que necesitan un calzado deportivo fiable y elegante, dise\u00f1ado para un rendimiento \u00f3ptimo en el terreno de juego. El cierre con cordones permite un ajuste personalizado y el embalaje original garantiza el perfecto estado del producto.<\/p>\n<p>Al elegir las botas de f\u00fatbol Joma Mundial 2402 TF, te centras en la calidad y la comodidad, lo que se traduce en mejores resultados en el campo. Tanto si eres un jugador amateur como si eres un aspirante a profesional, este modelo te proporcionar\u00e1 el apoyo que necesitas para desarrollar tus habilidades futbol\u00edsticas.<\/p>","protected":false},"excerpt":{"rendered":"<p>Las zapatillas de f\u00fatbol Joma Mundial 2402 TF MUNW2402TF se distinguen por un dise\u00f1o atrevido en color blanco que aporta un aire de frescura al&#8230;<\/p>","protected":false},"featured_media":32939,"comment_status":"open","ping_status":"closed","template":"","meta":{"om_disable_all_campaigns":false,"_monsterinsights_skip_tracking":false,"_monsterinsights_sitenote_active":false,"_monsterinsights_sitenote_note":"","_monsterinsights_sitenote_category":0,"_uf_show_specific_survey":0,"_uf_disable_surveys":false,"_joinchat":[]},"etheme_brands":[],"product_brand":[],"product_cat":[19],"product_tag":[],"class_list":{"0":"post-35981","1":"product","2":"type-product","3":"status-publish","4":"has-post-thumbnail","6":"product_cat-hombre","7":"product_shipping_class-envio-a-lima-y-provincia","9":"first","10":"instock","11":"sale","12":"featured","13":"shipping-taxable","14":"purchasable","15":"product-type-variable"},"aioseo_notices":[],"_links":{"self":[{"href":"https:\/\/jnksport.com\/en\/wp-json\/wp\/v2\/product\/35981","targetHints":{"allow":["GET"]}}],"collection":[{"href":"https:\/\/jnksport.com\/en\/wp-json\/wp\/v2\/product"}],"about":[{"href":"https:\/\/jnksport.com\/en\/wp-json\/wp\/v2\/types\/product"}],"replies":[{"embeddable":true,"href":"https:\/\/jnksport.com\/en\/wp-json\/wp\/v2\/comments?post=35981"}],"version-history":[{"count":0,"href":"https:\/\/jnksport.com\/en\/wp-json\/wp\/v2\/product\/35981\/revisions"}],"wp:featuredmedia":[{"embeddable":true,"href":"https:\/\/jnksport.com\/en\/wp-json\/wp\/v2\/media\/32939"}],"wp:attachment":[{"href":"https:\/\/jnksport.com\/en\/wp-json\/wp\/v2\/media?parent=35981"}],"wp:term":[{"taxonomy":"brand","embeddable":true,"href":"https:\/\/jnksport.com\/en\/wp-json\/wp\/v2\/etheme_brands?post=35981"},{"taxonomy":"product_brand","embeddable":true,"href":"https:\/\/jnksport.com\/en\/wp-json\/wp\/v2\/product_brand?post=35981"},{"taxonomy":"product_cat","embeddable":true,"href":"https:\/\/jnksport.com\/en\/wp-json\/wp\/v2\/product_cat?post=35981"},{"taxonomy":"product_tag","embeddable":true,"href":"https:\/\/jnksport.com\/en\/wp-json\/wp\/v2\/product_tag?post=35981"}],"curies":[{"name":"wp","href":"https:\/\/api.w.org\/{rel}","templated":true}]}}