{"id":36001,"date":"2024-11-05T09:29:34","date_gmt":"2024-11-05T09:29:34","guid":{"rendered":"https:\/\/jnksport.com\/?post_type=product&#038;p=36001"},"modified":"2026-01-26T07:56:54","modified_gmt":"2026-01-26T07:56:54","slug":"zapatilla-joma-regate-rebound-rrew2401in-hombre","status":"publish","type":"product","link":"https:\/\/jnksport.com\/en\/product\/zapatilla-joma-regate-rebound-rrew2401in-hombre\/","title":{"rendered":"Zapatilla Joma Regate Rebound RREW2401IN Hombre"},"content":{"rendered":"<p>Zapatillas de f\u00fatbol sala. Uno de los modelos profesionales favoritos de los futbolistas de \u00e9lite, como Ferr\u00e3o. Dise\u00f1o renovado con la tecnolog\u00eda de siempre, pensadas para aportar altas prestaciones en partidos y entrenamientos.<\/p>\n<p>El corte se ha fabricado combinando varios materiales. Por un lado, incorpora parte de textil antidesgarros, que aporta ligereza y resistencia a las zapatillas. En la leng\u00fceta y el tal\u00f3n tiene textil perforado con el sistema VTS, que facilita la entrada y salida de aire con el fin de mantener la temperatura del pie constante. Por otro lado, cuenta con material sint\u00e9tico (TPU) sellado con la tecnolog\u00eda JOMA SPORTECH, que ajusta y protege asegurando la ligereza. La cordonera PERFECT FIT optimiza la sujeci\u00f3n.<\/p>\n<p>Incluye una pieza protectora de caucho en la puntera.<\/p>\n<p>La mediasuela est\u00e1 realizada con doble densidad gracias a la tecnolog\u00eda FULL DUAL PULSOR. La parte superior es de phylon para aportar estabilidad, mientras que la inferior est\u00e1 realizada con REACTIVE BALL, un material que amortigua cada impacto y al mismo tiempo ofrece reactividad.<\/p>\n<p>La suela es de caucho DURABILITY de buena calidad, resistencia a la abrasi\u00f3n y adherencia a terrenos indoor. Transici\u00f3n natural de la pisada asegurada con el sistema de l\u00edneas de flexi\u00f3n FLEXO.<\/p>","protected":false},"excerpt":{"rendered":"<p>Zapatillas de f\u00fatbol sala. Uno de los modelos profesionales favoritos de los futbolistas de \u00e9lite, como Ferr\u00e3o. Dise\u00f1o renovado con la tecnolog\u00eda de siempre, pensadas&#8230;<\/p>","protected":false},"featured_media":44417,"comment_status":"open","ping_status":"closed","template":"","meta":{"om_disable_all_campaigns":false,"_monsterinsights_skip_tracking":false,"_monsterinsights_sitenote_active":false,"_monsterinsights_sitenote_note":"","_monsterinsights_sitenote_category":0,"_uf_show_specific_survey":0,"_uf_disable_surveys":false,"_joinchat":[]},"etheme_brands":[],"product_brand":[],"product_cat":[19],"product_tag":[],"class_list":{"0":"post-36001","1":"product","2":"type-product","3":"status-publish","4":"has-post-thumbnail","6":"product_cat-hombre","7":"product_shipping_class-envio-a-lima-y-provincia","9":"first","10":"instock","11":"sale","12":"featured","13":"shipping-taxable","14":"purchasable","15":"product-type-variable"},"aioseo_notices":[],"_links":{"self":[{"href":"https:\/\/jnksport.com\/en\/wp-json\/wp\/v2\/product\/36001","targetHints":{"allow":["GET"]}}],"collection":[{"href":"https:\/\/jnksport.com\/en\/wp-json\/wp\/v2\/product"}],"about":[{"href":"https:\/\/jnksport.com\/en\/wp-json\/wp\/v2\/types\/product"}],"replies":[{"embeddable":true,"href":"https:\/\/jnksport.com\/en\/wp-json\/wp\/v2\/comments?post=36001"}],"version-history":[{"count":0,"href":"https:\/\/jnksport.com\/en\/wp-json\/wp\/v2\/product\/36001\/revisions"}],"wp:featuredmedia":[{"embeddable":true,"href":"https:\/\/jnksport.com\/en\/wp-json\/wp\/v2\/media\/44417"}],"wp:attachment":[{"href":"https:\/\/jnksport.com\/en\/wp-json\/wp\/v2\/media?parent=36001"}],"wp:term":[{"taxonomy":"brand","embeddable":true,"href":"https:\/\/jnksport.com\/en\/wp-json\/wp\/v2\/etheme_brands?post=36001"},{"taxonomy":"product_brand","embeddable":true,"href":"https:\/\/jnksport.com\/en\/wp-json\/wp\/v2\/product_brand?post=36001"},{"taxonomy":"product_cat","embeddable":true,"href":"https:\/\/jnksport.com\/en\/wp-json\/wp\/v2\/product_cat?post=36001"},{"taxonomy":"product_tag","embeddable":true,"href":"https:\/\/jnksport.com\/en\/wp-json\/wp\/v2\/product_tag?post=36001"}],"curies":[{"name":"wp","href":"https:\/\/api.w.org\/{rel}","templated":true}]}}