{"id":36011,"date":"2024-11-05T09:29:45","date_gmt":"2024-11-05T09:29:45","guid":{"rendered":"https:\/\/jnksport.com\/?post_type=product&#038;p=36011"},"modified":"2025-11-14T22:50:11","modified_gmt":"2025-11-14T22:50:11","slug":"zapatilla-joma-rebound-rrew2402in-hombre","status":"publish","type":"product","link":"https:\/\/jnksport.com\/en\/product\/zapatilla-joma-rebound-rrew2402in-hombre\/","title":{"rendered":"Zapatilla Joma Rebound RREW2402IN Hombre"},"content":{"rendered":"<p>Zapatillas de f\u00fatbol sala. Modelo destinado a f\u00fatbol sala profesional, donde los jugadores quieren sacar el m\u00e1ximo rendimiento a sus zapatillas. Testadas por futbolistas profesionales.<\/p>\n<p>Upper elaborado en su mayor\u00eda con mesh transpirable gracias a las perforaciones del sistema VTS Tambi\u00e9n lleva el sistema de ajuste termosellado JOMA SPORTECH, junto con el mismo material protegiendo la parte frontal (tecnolog\u00eda PROTECTION).<\/p>\n<p>Mediasuela DUAL REACTIVE con parte inferior de REACTIVE BALL, un material amortiguador y reactivo. La parte superior es de phylon m\u00e1s estable.<\/p>\n<p>Suela de caucho DURABILITY de alta resistencia a la abrasi\u00f3n y calidad. Se adhiere a terrenos indoor sin dejar marcas en la cancha.<\/p>","protected":false},"excerpt":{"rendered":"<p>Zapatillas de f\u00fatbol sala. Modelo destinado a f\u00fatbol sala profesional, donde los jugadores quieren sacar el m\u00e1ximo rendimiento a sus zapatillas. Testadas por futbolistas profesionales&#8230;.<\/p>","protected":false},"featured_media":32956,"comment_status":"open","ping_status":"closed","template":"","meta":{"om_disable_all_campaigns":false,"_monsterinsights_skip_tracking":false,"_monsterinsights_sitenote_active":false,"_monsterinsights_sitenote_note":"","_monsterinsights_sitenote_category":0,"_uf_show_specific_survey":0,"_uf_disable_surveys":false,"_joinchat":[]},"etheme_brands":[],"product_brand":[],"product_cat":[19],"product_tag":[],"class_list":{"0":"post-36011","1":"product","2":"type-product","3":"status-publish","4":"has-post-thumbnail","6":"product_cat-hombre","7":"product_shipping_class-envio-a-lima-y-provincia","9":"first","10":"instock","11":"sale","12":"featured","13":"shipping-taxable","14":"purchasable","15":"product-type-variable"},"aioseo_notices":[],"_links":{"self":[{"href":"https:\/\/jnksport.com\/en\/wp-json\/wp\/v2\/product\/36011","targetHints":{"allow":["GET"]}}],"collection":[{"href":"https:\/\/jnksport.com\/en\/wp-json\/wp\/v2\/product"}],"about":[{"href":"https:\/\/jnksport.com\/en\/wp-json\/wp\/v2\/types\/product"}],"replies":[{"embeddable":true,"href":"https:\/\/jnksport.com\/en\/wp-json\/wp\/v2\/comments?post=36011"}],"version-history":[{"count":0,"href":"https:\/\/jnksport.com\/en\/wp-json\/wp\/v2\/product\/36011\/revisions"}],"wp:featuredmedia":[{"embeddable":true,"href":"https:\/\/jnksport.com\/en\/wp-json\/wp\/v2\/media\/32956"}],"wp:attachment":[{"href":"https:\/\/jnksport.com\/en\/wp-json\/wp\/v2\/media?parent=36011"}],"wp:term":[{"taxonomy":"brand","embeddable":true,"href":"https:\/\/jnksport.com\/en\/wp-json\/wp\/v2\/etheme_brands?post=36011"},{"taxonomy":"product_brand","embeddable":true,"href":"https:\/\/jnksport.com\/en\/wp-json\/wp\/v2\/product_brand?post=36011"},{"taxonomy":"product_cat","embeddable":true,"href":"https:\/\/jnksport.com\/en\/wp-json\/wp\/v2\/product_cat?post=36011"},{"taxonomy":"product_tag","embeddable":true,"href":"https:\/\/jnksport.com\/en\/wp-json\/wp\/v2\/product_tag?post=36011"}],"curies":[{"name":"wp","href":"https:\/\/api.w.org\/{rel}","templated":true}]}}