{"id":36031,"date":"2024-11-05T09:30:07","date_gmt":"2024-11-05T09:30:07","guid":{"rendered":"https:\/\/jnksport.com\/?post_type=product&#038;p=36031"},"modified":"2025-11-14T22:50:11","modified_gmt":"2025-11-14T22:50:11","slug":"zapatilla-joma-turf-junior-tojw2401tf-ninos","status":"publish","type":"product","link":"https:\/\/jnksport.com\/en\/product\/zapatilla-joma-turf-junior-tojw2401tf-ninos\/","title":{"rendered":"Zapatilla Joma Turf Junior TOJW2401TF Ni\u00f1os"},"content":{"rendered":"<p>Botas de ni\u00f1o Joma Toledo Jr TOJW2401TF.<\/p>\n<p>Los ciempi\u00e9s Joma Toledo est\u00e1n dise\u00f1ados para su uso en c\u00e9sped y superficies sint\u00e9ticas.<\/p>\n<p>Este modelo de f\u00fatbol cl\u00e1sico de Joma es perfecto para jugar en cualquier campo.<\/p>\n<p>La parte superior del calzado est\u00e1 hecha de material sint\u00e9tico de alta calidad, lo que proporciona un excelente agarre del bal\u00f3n y te ayuda a dominar el juego.<\/p>\n<p>La entresuela est\u00e1 fabricada con material de calidad, proporcionando una pisada m\u00e1s ligera y c\u00f3moda, adem\u00e1s de absorber los impactos, manteniendo la estabilidad durante el juego.<\/p>\n<p>La suela est\u00e1 hecha de caucho duradero DURABILITY, que proporciona una alta resistencia al desgaste y una excelente adherencia a la superficie.<\/p>\n<p>Muchos picos en la suela reducen la presi\u00f3n sobre la pisada y brindan un soporte confiable.<\/p>\n<p>La tecnolog\u00eda ROTATION facilita los giros y reduce el riesgo de lesiones.<br \/>\n\u041f\u043e\u0434\u0440\u043e\u0431\u043d\u0435\u0435: https:\/\/soccer-shop.com.ua\/ua\/p95939-sorokonozhki_joma_toledo_jr_tojw2401tf_detskie<\/p>","protected":false},"excerpt":{"rendered":"<p>Botas de ni\u00f1o Joma Toledo Jr TOJW2401TF. Los ciempi\u00e9s Joma Toledo est\u00e1n dise\u00f1ados para su uso en c\u00e9sped y superficies sint\u00e9ticas. Este modelo de f\u00fatbol&#8230;<\/p>","protected":false},"featured_media":32965,"comment_status":"open","ping_status":"closed","template":"","meta":{"om_disable_all_campaigns":false,"_monsterinsights_skip_tracking":false,"_monsterinsights_sitenote_active":false,"_monsterinsights_sitenote_note":"","_monsterinsights_sitenote_category":0,"_uf_show_specific_survey":0,"_uf_disable_surveys":false,"_joinchat":[]},"etheme_brands":[],"product_brand":[],"product_cat":[159],"product_tag":[],"class_list":{"0":"post-36031","1":"product","2":"type-product","3":"status-publish","4":"has-post-thumbnail","6":"product_cat-ninos","7":"product_shipping_class-envio-a-lima-y-provincia","9":"first","10":"instock","11":"sale","12":"featured","13":"shipping-taxable","14":"purchasable","15":"product-type-variable"},"aioseo_notices":[],"_links":{"self":[{"href":"https:\/\/jnksport.com\/en\/wp-json\/wp\/v2\/product\/36031","targetHints":{"allow":["GET"]}}],"collection":[{"href":"https:\/\/jnksport.com\/en\/wp-json\/wp\/v2\/product"}],"about":[{"href":"https:\/\/jnksport.com\/en\/wp-json\/wp\/v2\/types\/product"}],"replies":[{"embeddable":true,"href":"https:\/\/jnksport.com\/en\/wp-json\/wp\/v2\/comments?post=36031"}],"version-history":[{"count":0,"href":"https:\/\/jnksport.com\/en\/wp-json\/wp\/v2\/product\/36031\/revisions"}],"wp:featuredmedia":[{"embeddable":true,"href":"https:\/\/jnksport.com\/en\/wp-json\/wp\/v2\/media\/32965"}],"wp:attachment":[{"href":"https:\/\/jnksport.com\/en\/wp-json\/wp\/v2\/media?parent=36031"}],"wp:term":[{"taxonomy":"brand","embeddable":true,"href":"https:\/\/jnksport.com\/en\/wp-json\/wp\/v2\/etheme_brands?post=36031"},{"taxonomy":"product_brand","embeddable":true,"href":"https:\/\/jnksport.com\/en\/wp-json\/wp\/v2\/product_brand?post=36031"},{"taxonomy":"product_cat","embeddable":true,"href":"https:\/\/jnksport.com\/en\/wp-json\/wp\/v2\/product_cat?post=36031"},{"taxonomy":"product_tag","embeddable":true,"href":"https:\/\/jnksport.com\/en\/wp-json\/wp\/v2\/product_tag?post=36031"}],"curies":[{"name":"wp","href":"https:\/\/api.w.org\/{rel}","templated":true}]}}