{"id":36041,"date":"2024-11-05T09:30:19","date_gmt":"2024-11-05T09:30:19","guid":{"rendered":"https:\/\/jnksport.com\/?post_type=product&#038;p=36041"},"modified":"2026-03-02T09:53:25","modified_gmt":"2026-03-02T09:53:25","slug":"zapatilla-joma-turf-junior-tojw2404tf-ninos","status":"publish","type":"product","link":"https:\/\/jnksport.com\/en\/product\/zapatilla-joma-turf-junior-tojw2404tf-ninos\/","title":{"rendered":"Zapatilla Joma Turf Junior TOJW2404TF Ni\u00f1os"},"content":{"rendered":"<p>Botas de f\u00fatbol para ni\u00f1o\/ni\u00f1a. Para c\u00e9sped artificial (superficies sint\u00e9ticas). Un a\u00f1o m\u00e1s, el cl\u00e1sico modelo infantil de f\u00fatbol sala contin\u00faa en el cat\u00e1logo de Joma. Con estas zapatillas polivalentes, los m\u00e1s peque\u00f1os podr\u00e1n jugar y entrenar en cualquier terreno.<\/p>\n<p>El dise\u00f1o est\u00e1 fabricado en piel sint\u00e9tica de alta calidad, resistencia y buen contacto con el bal\u00f3n. Pensada para dominar el juego y mostrar todas tus cualidades en pistas indoor. <\/p>\n<p>La suela est\u00e1 fabricada en caucho DURABILITY de una sola pieza. Alta calidad, buena resistencia al desgaste por abrasi\u00f3n y agarre a la superficie. Con estructura multitacos que reducen la presi\u00f3n de la pisada y garantizan un buen soporte. Flexibilidad asegurada por las l\u00edneas FLEXO. Giros seguros con estructuras geom\u00e9tricas ROTATION.<\/p>\n<p>El dise\u00f1o sigue inspir\u00e1ndose en las botas tradicionales, pero manteniendo la calidad que las caracteriza. Detalle personalizado con la impresi\u00f3n TOLEDO en relieve.<\/p>","protected":false},"excerpt":{"rendered":"<p>Botas de f\u00fatbol para ni\u00f1o\/ni\u00f1a. Para c\u00e9sped artificial (superficies sint\u00e9ticas). Un a\u00f1o m\u00e1s, el cl\u00e1sico modelo infantil de f\u00fatbol sala contin\u00faa en el cat\u00e1logo de&#8230;<\/p>","protected":false},"featured_media":32970,"comment_status":"open","ping_status":"closed","template":"","meta":{"om_disable_all_campaigns":false,"_monsterinsights_skip_tracking":false,"_monsterinsights_sitenote_active":false,"_monsterinsights_sitenote_note":"","_monsterinsights_sitenote_category":0,"_uf_show_specific_survey":0,"_uf_disable_surveys":false,"_joinchat":[]},"etheme_brands":[],"product_brand":[],"product_cat":[159],"product_tag":[],"class_list":{"0":"post-36041","1":"product","2":"type-product","3":"status-publish","4":"has-post-thumbnail","6":"product_cat-ninos","7":"product_shipping_class-envio-a-lima-y-provincia","9":"first","10":"instock","11":"sale","12":"featured","13":"shipping-taxable","14":"purchasable","15":"product-type-variable"},"aioseo_notices":[],"_links":{"self":[{"href":"https:\/\/jnksport.com\/en\/wp-json\/wp\/v2\/product\/36041","targetHints":{"allow":["GET"]}}],"collection":[{"href":"https:\/\/jnksport.com\/en\/wp-json\/wp\/v2\/product"}],"about":[{"href":"https:\/\/jnksport.com\/en\/wp-json\/wp\/v2\/types\/product"}],"replies":[{"embeddable":true,"href":"https:\/\/jnksport.com\/en\/wp-json\/wp\/v2\/comments?post=36041"}],"version-history":[{"count":0,"href":"https:\/\/jnksport.com\/en\/wp-json\/wp\/v2\/product\/36041\/revisions"}],"wp:featuredmedia":[{"embeddable":true,"href":"https:\/\/jnksport.com\/en\/wp-json\/wp\/v2\/media\/32970"}],"wp:attachment":[{"href":"https:\/\/jnksport.com\/en\/wp-json\/wp\/v2\/media?parent=36041"}],"wp:term":[{"taxonomy":"brand","embeddable":true,"href":"https:\/\/jnksport.com\/en\/wp-json\/wp\/v2\/etheme_brands?post=36041"},{"taxonomy":"product_brand","embeddable":true,"href":"https:\/\/jnksport.com\/en\/wp-json\/wp\/v2\/product_brand?post=36041"},{"taxonomy":"product_cat","embeddable":true,"href":"https:\/\/jnksport.com\/en\/wp-json\/wp\/v2\/product_cat?post=36041"},{"taxonomy":"product_tag","embeddable":true,"href":"https:\/\/jnksport.com\/en\/wp-json\/wp\/v2\/product_tag?post=36041"}],"curies":[{"name":"wp","href":"https:\/\/api.w.org\/{rel}","templated":true}]}}