{"id":36058,"date":"2024-11-05T09:30:36","date_gmt":"2024-11-05T09:30:36","guid":{"rendered":"https:\/\/jnksport.com\/?post_type=product&#038;p=36058"},"modified":"2026-04-20T15:30:13","modified_gmt":"2026-04-20T15:30:13","slug":"zapatilla-joma-top-flex-topw2402in-hombre","status":"publish","type":"product","link":"https:\/\/jnksport.com\/en\/product\/zapatilla-joma-top-flex-topw2402in-hombre\/","title":{"rendered":"Zapatilla Joma Top Flex TOPW2402IN Hombre"},"content":{"rendered":"<p>Zapatillas de f\u00fatbol sala unisex. Se trata de la zapatilla m\u00e1s emblem\u00e1tica del cat\u00e1logo de f\u00fatbol sala de Joma. Un modelo ligero y polivalente, apto tanto para entrenamiento como para competici\u00f3n. Testado por futbolistas profesionales.<\/p>\n<p>La parte superior est\u00e1 fabricada en piel muy flexible, resistente y transpirable, proporcionando un excelente contacto con el bal\u00f3n asegurando control y potencia. Adem\u00e1s, cuenta con un acolchado de tejido de alta resistencia a la tracci\u00f3n para mayor comodidad. Por otro lado, se han insertado perforaciones VTS en la piel para mejorar la ventilaci\u00f3n del sudor manteniendo constante la temperatura del pie. <\/p>\n<p>Refuerzo de protecci\u00f3n en la puntera fabricado en goma.<\/p>\n<p>Entresuela de phylon de gran durabilidad. Proporciona estabilidad, absorci\u00f3n de impactos y reactividad. <\/p>\n<p>La suela est\u00e1 fabricada en caucho DURABILITY de excelente calidad resistente a la abrasi\u00f3n, agarr\u00e1ndose perfectamente al campo de juego interior. Incorpora estructuras geom\u00e9tricas ROTATION, facilitando giros seguros y previniendo posibles lesiones. Alto nivel de flexibilidad gracias a las l\u00edneas de tecnolog\u00eda FLEXO.<\/p>","protected":false},"excerpt":{"rendered":"<p>Zapatillas de f\u00fatbol sala unisex. Se trata de la zapatilla m\u00e1s emblem\u00e1tica del cat\u00e1logo de f\u00fatbol sala de Joma. Un modelo ligero y polivalente, apto&#8230;<\/p>","protected":false},"featured_media":32980,"comment_status":"open","ping_status":"closed","template":"","meta":{"om_disable_all_campaigns":false,"_monsterinsights_skip_tracking":false,"_monsterinsights_sitenote_active":false,"_monsterinsights_sitenote_note":"","_monsterinsights_sitenote_category":0,"_uf_show_specific_survey":0,"_uf_disable_surveys":false,"_joinchat":[]},"etheme_brands":[],"product_brand":[],"product_cat":[19],"product_tag":[],"class_list":{"0":"post-36058","1":"product","2":"type-product","3":"status-publish","4":"has-post-thumbnail","6":"product_cat-hombre","7":"product_shipping_class-envio-a-lima-y-provincia","9":"first","10":"instock","11":"sale","12":"featured","13":"shipping-taxable","14":"purchasable","15":"product-type-variable"},"aioseo_notices":[],"_links":{"self":[{"href":"https:\/\/jnksport.com\/en\/wp-json\/wp\/v2\/product\/36058","targetHints":{"allow":["GET"]}}],"collection":[{"href":"https:\/\/jnksport.com\/en\/wp-json\/wp\/v2\/product"}],"about":[{"href":"https:\/\/jnksport.com\/en\/wp-json\/wp\/v2\/types\/product"}],"replies":[{"embeddable":true,"href":"https:\/\/jnksport.com\/en\/wp-json\/wp\/v2\/comments?post=36058"}],"version-history":[{"count":0,"href":"https:\/\/jnksport.com\/en\/wp-json\/wp\/v2\/product\/36058\/revisions"}],"wp:featuredmedia":[{"embeddable":true,"href":"https:\/\/jnksport.com\/en\/wp-json\/wp\/v2\/media\/32980"}],"wp:attachment":[{"href":"https:\/\/jnksport.com\/en\/wp-json\/wp\/v2\/media?parent=36058"}],"wp:term":[{"taxonomy":"brand","embeddable":true,"href":"https:\/\/jnksport.com\/en\/wp-json\/wp\/v2\/etheme_brands?post=36058"},{"taxonomy":"product_brand","embeddable":true,"href":"https:\/\/jnksport.com\/en\/wp-json\/wp\/v2\/product_brand?post=36058"},{"taxonomy":"product_cat","embeddable":true,"href":"https:\/\/jnksport.com\/en\/wp-json\/wp\/v2\/product_cat?post=36058"},{"taxonomy":"product_tag","embeddable":true,"href":"https:\/\/jnksport.com\/en\/wp-json\/wp\/v2\/product_tag?post=36058"}],"curies":[{"name":"wp","href":"https:\/\/api.w.org\/{rel}","templated":true}]}}