{"id":36068,"date":"2024-11-05T09:30:46","date_gmt":"2024-11-05T09:30:46","guid":{"rendered":"https:\/\/jnksport.com\/?post_type=product&#038;p=36068"},"modified":"2025-11-14T22:50:12","modified_gmt":"2025-11-14T22:50:12","slug":"zapatilla-joma-top-flex-topw2404in-hombre","status":"publish","type":"product","link":"https:\/\/jnksport.com\/en\/product\/zapatilla-joma-top-flex-topw2404in-hombre\/","title":{"rendered":"Zapatilla Joma Top Flex TOPW2404IN Hombre"},"content":{"rendered":"<p>Las zapatillas de f\u00fatbol Joma Top Flex 2404 In TOPW2404IN en color azul con detalles en verde son un calzado \u00fanico dise\u00f1ado para jugar en interiores, que brindar\u00e1 comodidad y soporte durante cada minuto del partido. Especialmente dise\u00f1adas para personas que valoran la alta calidad y la funcionalidad, estas zapatillas atraer\u00e1n tanto a profesionales como a entusiastas del f\u00fatbol.<\/p>\n<p>La parte superior de las zapatillas est\u00e1 fabricada con una combinaci\u00f3n de piel natural y elementos sint\u00e9ticos de alta calidad, lo que garantiza un ajuste perfecto al pie y una durabilidad \u00f3ptima. La caracter\u00edstica principal del modelo Top Flex 2404 In es el cl\u00e1sico sistema de cordones, que permite un ajuste individual del calzado a las necesidades del usuario.<\/p>\n<p>Las zapatillas est\u00e1n equipadas con un sistema de protecci\u00f3n \u00fanico en la zona de impacto, que aumenta significativamente su resistencia al desgaste y a los da\u00f1os, lo que resulta inestimable durante un entrenamiento o competici\u00f3n intensos. La comodidad de uso aumenta gracias al forro y al inserto interior, que contienen la adici\u00f3n de espuma EVA, que proporciona amortiguaci\u00f3n y soporte al pie.<\/p>\n<p>La innovaci\u00f3n y funcionalidad del modelo Top Flex 2404 In se complementa con una suela exterior de espuma Phylon, famosa por su ligereza y flexibilidad, as\u00ed como por su excelente absorci\u00f3n de impactos. Adem\u00e1s, aqu\u00ed se utiliza una tecnolog\u00eda especial que no deja marcas, lo que resulta especialmente importante cuando se juega en diversas superficies de interior.<\/p>\n<p>Las zapatillas de f\u00fatbol Joma Top Flex 2404 In son un modelo unisex, ideal tanto para mujeres como para hombres que valoran la profesionalidad y un equipamiento deportivo de alto nivel. Su color azul impoluto con detalles en verde les confiere un car\u00e1cter \u00fanico que sin duda distinguir\u00e1 a cada jugador en el terreno de juego.<\/p>\n<p>En resumen, las zapatillas Joma Top Flex 2404 In son una excelente opci\u00f3n para todo aquel que busque alta calidad, durabilidad y comodidad a la hora de jugar al f\u00fatbol sala. Gracias a la combinaci\u00f3n de tecnolog\u00edas modernas y dise\u00f1o cl\u00e1sico, son el calzado perfecto para todos los amantes de este deporte.<\/p>","protected":false},"excerpt":{"rendered":"<p>Las zapatillas de f\u00fatbol Joma Top Flex 2404 In TOPW2404IN en color azul con detalles en verde son un calzado \u00fanico dise\u00f1ado para jugar en&#8230;<\/p>","protected":false},"featured_media":32985,"comment_status":"open","ping_status":"closed","template":"","meta":{"om_disable_all_campaigns":false,"_monsterinsights_skip_tracking":false,"_monsterinsights_sitenote_active":false,"_monsterinsights_sitenote_note":"","_monsterinsights_sitenote_category":0,"_uf_show_specific_survey":0,"_uf_disable_surveys":false,"_joinchat":[]},"etheme_brands":[],"product_brand":[],"product_cat":[19],"product_tag":[],"class_list":{"0":"post-36068","1":"product","2":"type-product","3":"status-publish","4":"has-post-thumbnail","6":"product_cat-hombre","7":"product_shipping_class-envio-a-lima-y-provincia","9":"first","10":"instock","11":"sale","12":"featured","13":"shipping-taxable","14":"purchasable","15":"product-type-variable"},"aioseo_notices":[],"_links":{"self":[{"href":"https:\/\/jnksport.com\/en\/wp-json\/wp\/v2\/product\/36068","targetHints":{"allow":["GET"]}}],"collection":[{"href":"https:\/\/jnksport.com\/en\/wp-json\/wp\/v2\/product"}],"about":[{"href":"https:\/\/jnksport.com\/en\/wp-json\/wp\/v2\/types\/product"}],"replies":[{"embeddable":true,"href":"https:\/\/jnksport.com\/en\/wp-json\/wp\/v2\/comments?post=36068"}],"version-history":[{"count":0,"href":"https:\/\/jnksport.com\/en\/wp-json\/wp\/v2\/product\/36068\/revisions"}],"wp:featuredmedia":[{"embeddable":true,"href":"https:\/\/jnksport.com\/en\/wp-json\/wp\/v2\/media\/32985"}],"wp:attachment":[{"href":"https:\/\/jnksport.com\/en\/wp-json\/wp\/v2\/media?parent=36068"}],"wp:term":[{"taxonomy":"brand","embeddable":true,"href":"https:\/\/jnksport.com\/en\/wp-json\/wp\/v2\/etheme_brands?post=36068"},{"taxonomy":"product_brand","embeddable":true,"href":"https:\/\/jnksport.com\/en\/wp-json\/wp\/v2\/product_brand?post=36068"},{"taxonomy":"product_cat","embeddable":true,"href":"https:\/\/jnksport.com\/en\/wp-json\/wp\/v2\/product_cat?post=36068"},{"taxonomy":"product_tag","embeddable":true,"href":"https:\/\/jnksport.com\/en\/wp-json\/wp\/v2\/product_tag?post=36068"}],"curies":[{"name":"wp","href":"https:\/\/api.w.org\/{rel}","templated":true}]}}