{"id":36117,"date":"2024-11-05T09:31:37","date_gmt":"2024-11-05T09:31:37","guid":{"rendered":"https:\/\/jnksport.com\/?post_type=product&#038;p=36117"},"modified":"2026-04-29T22:32:00","modified_gmt":"2026-04-29T22:32:00","slug":"zapatilla-joma-top-flex-rebound-torw2486in-hombre","status":"publish","type":"product","link":"https:\/\/jnksport.com\/en\/product\/zapatilla-joma-top-flex-rebound-torw2486in-hombre\/","title":{"rendered":"Zapatilla Joma Top Flex Rebound TORW2486IN Hombre"},"content":{"rendered":"<p>Las TOP FLEX REBOUND 2486 en rojo y negro son unas zapatillas dise\u00f1adas espec\u00edficamente para baloncesto en interiores. Aqu\u00ed te dejo una descripci\u00f3n detallada de sus caracter\u00edsticas: Las zapatillas presentan un dise\u00f1o atractivo en colores rojo y negro, con detalles que aportan un estilo moderno y deportivo. La combinaci\u00f3n de estos colores no solo es visualmente impactante, sino que tambi\u00e9n es pr\u00e1ctica para combinar con diferentes uniformes.<\/p>","protected":false},"excerpt":{"rendered":"<p>Las TOP FLEX REBOUND 2486 en rojo y negro son unas zapatillas dise\u00f1adas espec\u00edficamente para baloncesto en interiores. Aqu\u00ed te dejo una descripci\u00f3n detallada de&#8230;<\/p>","protected":false},"featured_media":33011,"comment_status":"open","ping_status":"closed","template":"","meta":{"om_disable_all_campaigns":false,"_monsterinsights_skip_tracking":false,"_monsterinsights_sitenote_active":false,"_monsterinsights_sitenote_note":"","_monsterinsights_sitenote_category":0,"_uf_show_specific_survey":0,"_uf_disable_surveys":false,"_joinchat":[]},"etheme_brands":[],"product_brand":[],"product_cat":[19],"product_tag":[],"class_list":{"0":"post-36117","1":"product","2":"type-product","3":"status-publish","4":"has-post-thumbnail","6":"product_cat-hombre","7":"product_shipping_class-envio-a-lima-y-provincia","9":"first","10":"instock","11":"sale","12":"featured","13":"shipping-taxable","14":"purchasable","15":"product-type-variable"},"aioseo_notices":[],"_links":{"self":[{"href":"https:\/\/jnksport.com\/en\/wp-json\/wp\/v2\/product\/36117","targetHints":{"allow":["GET"]}}],"collection":[{"href":"https:\/\/jnksport.com\/en\/wp-json\/wp\/v2\/product"}],"about":[{"href":"https:\/\/jnksport.com\/en\/wp-json\/wp\/v2\/types\/product"}],"replies":[{"embeddable":true,"href":"https:\/\/jnksport.com\/en\/wp-json\/wp\/v2\/comments?post=36117"}],"version-history":[{"count":0,"href":"https:\/\/jnksport.com\/en\/wp-json\/wp\/v2\/product\/36117\/revisions"}],"wp:featuredmedia":[{"embeddable":true,"href":"https:\/\/jnksport.com\/en\/wp-json\/wp\/v2\/media\/33011"}],"wp:attachment":[{"href":"https:\/\/jnksport.com\/en\/wp-json\/wp\/v2\/media?parent=36117"}],"wp:term":[{"taxonomy":"brand","embeddable":true,"href":"https:\/\/jnksport.com\/en\/wp-json\/wp\/v2\/etheme_brands?post=36117"},{"taxonomy":"product_brand","embeddable":true,"href":"https:\/\/jnksport.com\/en\/wp-json\/wp\/v2\/product_brand?post=36117"},{"taxonomy":"product_cat","embeddable":true,"href":"https:\/\/jnksport.com\/en\/wp-json\/wp\/v2\/product_cat?post=36117"},{"taxonomy":"product_tag","embeddable":true,"href":"https:\/\/jnksport.com\/en\/wp-json\/wp\/v2\/product_tag?post=36117"}],"curies":[{"name":"wp","href":"https:\/\/api.w.org\/{rel}","templated":true}]}}