{"id":36137,"date":"2024-11-05T09:31:59","date_gmt":"2024-11-05T09:31:59","guid":{"rendered":"https:\/\/jnksport.com\/?post_type=product&#038;p=36137"},"modified":"2026-02-18T06:03:02","modified_gmt":"2026-02-18T06:03:02","slug":"zapatilla-joma-top-flex-jr-tpjw2402tf-ninos","status":"publish","type":"product","link":"https:\/\/jnksport.com\/en\/product\/zapatilla-joma-top-flex-jr-tpjw2402tf-ninos\/","title":{"rendered":"Zapatilla Joma Top Flex Jr TPJW2402TF Ni\u00f1os"},"content":{"rendered":"<p>Zapatillas de f\u00fatbol sala para ni\u00f1os y ni\u00f1as. El modelo cl\u00e1sico por excelencia del cat\u00e1logo de f\u00fatbol sala tambi\u00e9n est\u00e1 disponible para los m\u00e1s j\u00f3venes. Dise\u00f1ado para un alto rendimiento durante los entrenamientos y partidos en interior.<\/p>\n<p>La estructura est\u00e1 fabricada en material sint\u00e9tico duradero, ideal para ni\u00f1os peque\u00f1os. En aquellas zonas que necesitan un extra de ventilaci\u00f3n por el sudor, se han a\u00f1adido peque\u00f1as perforaciones mediante el sistema VTS para permitir la entrada y salida del aire, manteniendo el pie fresco en todo momento. Con forro de tela a\u00f1adido en la zona de los tobillos y leng\u00fceta, que aporta comodidad y confort. Tambi\u00e9n hay dos modelos disponibles en cuanto a la sujeci\u00f3n: uno con cierre de velcro, que proporciona m\u00e1s libertad a los m\u00e1s peque\u00f1os, y otro con un sistema de cordones cl\u00e1sico.<\/p>\n<p>Incluye refuerzo de goma PROTECTION en la puntera.<\/p>\n<p>La suela es de caucho DURABILITY de alta calidad. Este material reduce el desgaste y proporciona un buen agarre en las superficies internas. La flexibilidad la proporciona el sistema FLEXO flex line. Y tambi\u00e9n mejora el giro, evitando lesiones gracias a las estructuras de ROTACI\u00d3N.<\/p>","protected":false},"excerpt":{"rendered":"<p>Zapatillas de f\u00fatbol sala para ni\u00f1os y ni\u00f1as. El modelo cl\u00e1sico por excelencia del cat\u00e1logo de f\u00fatbol sala tambi\u00e9n est\u00e1 disponible para los m\u00e1s j\u00f3venes&#8230;.<\/p>","protected":false},"featured_media":33022,"comment_status":"open","ping_status":"closed","template":"","meta":{"om_disable_all_campaigns":false,"_monsterinsights_skip_tracking":false,"_monsterinsights_sitenote_active":false,"_monsterinsights_sitenote_note":"","_monsterinsights_sitenote_category":0,"_uf_show_specific_survey":0,"_uf_disable_surveys":false,"_joinchat":[]},"etheme_brands":[],"product_brand":[],"product_cat":[159],"product_tag":[],"class_list":{"0":"post-36137","1":"product","2":"type-product","3":"status-publish","4":"has-post-thumbnail","6":"product_cat-ninos","7":"product_shipping_class-envio-a-lima-y-provincia","9":"first","10":"instock","11":"sale","12":"featured","13":"shipping-taxable","14":"purchasable","15":"product-type-variable"},"aioseo_notices":[],"_links":{"self":[{"href":"https:\/\/jnksport.com\/en\/wp-json\/wp\/v2\/product\/36137","targetHints":{"allow":["GET"]}}],"collection":[{"href":"https:\/\/jnksport.com\/en\/wp-json\/wp\/v2\/product"}],"about":[{"href":"https:\/\/jnksport.com\/en\/wp-json\/wp\/v2\/types\/product"}],"replies":[{"embeddable":true,"href":"https:\/\/jnksport.com\/en\/wp-json\/wp\/v2\/comments?post=36137"}],"version-history":[{"count":0,"href":"https:\/\/jnksport.com\/en\/wp-json\/wp\/v2\/product\/36137\/revisions"}],"wp:featuredmedia":[{"embeddable":true,"href":"https:\/\/jnksport.com\/en\/wp-json\/wp\/v2\/media\/33022"}],"wp:attachment":[{"href":"https:\/\/jnksport.com\/en\/wp-json\/wp\/v2\/media?parent=36137"}],"wp:term":[{"taxonomy":"brand","embeddable":true,"href":"https:\/\/jnksport.com\/en\/wp-json\/wp\/v2\/etheme_brands?post=36137"},{"taxonomy":"product_brand","embeddable":true,"href":"https:\/\/jnksport.com\/en\/wp-json\/wp\/v2\/product_brand?post=36137"},{"taxonomy":"product_cat","embeddable":true,"href":"https:\/\/jnksport.com\/en\/wp-json\/wp\/v2\/product_cat?post=36137"},{"taxonomy":"product_tag","embeddable":true,"href":"https:\/\/jnksport.com\/en\/wp-json\/wp\/v2\/product_tag?post=36137"}],"curies":[{"name":"wp","href":"https:\/\/api.w.org\/{rel}","templated":true}]}}