{"id":36157,"date":"2024-11-05T09:32:22","date_gmt":"2024-11-05T09:32:22","guid":{"rendered":"https:\/\/jnksport.com\/?post_type=product&#038;p=36157"},"modified":"2025-11-14T22:50:17","modified_gmt":"2025-11-14T22:50:17","slug":"zapatilla-joma-top-flex-jr-tpjw2433tf-ninos","status":"publish","type":"product","link":"https:\/\/jnksport.com\/en\/product\/zapatilla-joma-top-flex-jr-tpjw2433tf-ninos\/","title":{"rendered":"Zapatilla Joma Top Flex Jr TPJW2433TF Ni\u00f1os"},"content":{"rendered":"<p>Zapatillas de f\u00fatbol sala para ni\u00f1o\/ni\u00f1a. El modelo cl\u00e1sico por excelencia del cat\u00e1logo de f\u00fatbol sala disponible tambi\u00e9n para los m\u00e1s peque\u00f1os. Dise\u00f1adas para ofrecer un alto rendimiento en entrenamientos y partidos en pista cubierta.<\/p>\n<p>El dise\u00f1o est\u00e1 fabricado en material sint\u00e9tico resistente, ideal para el uso de los m\u00e1s peque\u00f1os. En aquellas partes que necesitan una ventilaci\u00f3n extra del sudor, se han a\u00f1adido peque\u00f1as perforaciones con el sistema VTS, permitiendo la entrada y salida del aire, manteniendo el pie fresco en todo momento. Con acolchado de tejido a\u00f1adido en la zona del tobillo y la leng\u00fceta optimizando el ajuste y la comodidad. Tambi\u00e9n hay dos modelos disponibles en cuanto a cierre: uno con cierre de velcro ofreciendo mayor libertad para los m\u00e1s peque\u00f1os, y otro con sistema de cordones cl\u00e1sico. <\/p>\n<p>Incluye refuerzo de goma PROTECCI\u00d3N en la puntera.<\/p>\n<p>La suela est\u00e1 fabricada en caucho DURABILITY de buena calidad. Este material reduce el desgaste con un buen agarre en terrenos indoor. La flexibilidad est\u00e1 asegurada gracias al sistema de l\u00ednea flexible FLEXO. Y tambi\u00e9n mejora los cambios de giro evitando lesiones gracias a las estructuras ROTATION.<\/p>","protected":false},"excerpt":{"rendered":"<p>Zapatillas de f\u00fatbol sala para ni\u00f1o\/ni\u00f1a. El modelo cl\u00e1sico por excelencia del cat\u00e1logo de f\u00fatbol sala disponible tambi\u00e9n para los m\u00e1s peque\u00f1os. Dise\u00f1adas para ofrecer&#8230;<\/p>","protected":false},"featured_media":33032,"comment_status":"open","ping_status":"closed","template":"","meta":{"om_disable_all_campaigns":false,"_monsterinsights_skip_tracking":false,"_monsterinsights_sitenote_active":false,"_monsterinsights_sitenote_note":"","_monsterinsights_sitenote_category":0,"_uf_show_specific_survey":0,"_uf_disable_surveys":false,"_joinchat":[]},"etheme_brands":[],"product_brand":[],"product_cat":[159],"product_tag":[],"class_list":{"0":"post-36157","1":"product","2":"type-product","3":"status-publish","4":"has-post-thumbnail","6":"product_cat-ninos","7":"product_shipping_class-envio-a-lima-y-provincia","9":"first","10":"instock","11":"sale","12":"featured","13":"shipping-taxable","14":"purchasable","15":"product-type-variable"},"aioseo_notices":[],"_links":{"self":[{"href":"https:\/\/jnksport.com\/en\/wp-json\/wp\/v2\/product\/36157","targetHints":{"allow":["GET"]}}],"collection":[{"href":"https:\/\/jnksport.com\/en\/wp-json\/wp\/v2\/product"}],"about":[{"href":"https:\/\/jnksport.com\/en\/wp-json\/wp\/v2\/types\/product"}],"replies":[{"embeddable":true,"href":"https:\/\/jnksport.com\/en\/wp-json\/wp\/v2\/comments?post=36157"}],"version-history":[{"count":0,"href":"https:\/\/jnksport.com\/en\/wp-json\/wp\/v2\/product\/36157\/revisions"}],"wp:featuredmedia":[{"embeddable":true,"href":"https:\/\/jnksport.com\/en\/wp-json\/wp\/v2\/media\/33032"}],"wp:attachment":[{"href":"https:\/\/jnksport.com\/en\/wp-json\/wp\/v2\/media?parent=36157"}],"wp:term":[{"taxonomy":"brand","embeddable":true,"href":"https:\/\/jnksport.com\/en\/wp-json\/wp\/v2\/etheme_brands?post=36157"},{"taxonomy":"product_brand","embeddable":true,"href":"https:\/\/jnksport.com\/en\/wp-json\/wp\/v2\/product_brand?post=36157"},{"taxonomy":"product_cat","embeddable":true,"href":"https:\/\/jnksport.com\/en\/wp-json\/wp\/v2\/product_cat?post=36157"},{"taxonomy":"product_tag","embeddable":true,"href":"https:\/\/jnksport.com\/en\/wp-json\/wp\/v2\/product_tag?post=36157"}],"curies":[{"name":"wp","href":"https:\/\/api.w.org\/{rel}","templated":true}]}}