{"id":36167,"date":"2024-11-05T09:32:33","date_gmt":"2024-11-05T09:32:33","guid":{"rendered":"https:\/\/jnksport.com\/?post_type=product&#038;p=36167"},"modified":"2025-12-30T08:01:23","modified_gmt":"2025-12-30T08:01:23","slug":"zapatilla-joma-v-impulse-vbloks2401-hombre","status":"publish","type":"product","link":"https:\/\/jnksport.com\/en\/product\/zapatilla-joma-v-impulse-vbloks2401-hombre\/","title":{"rendered":"Zapatilla Joma V. Impulse VBLOKS2401 Hombre"},"content":{"rendered":"<p>Zapatillas de voleibol para hombre. Versi\u00f3n de alto perfil desarrollada para el voleibol profesional, ayudando a conseguir el m\u00e1ximo rendimiento. Proporciona estabilidad y amortiguaci\u00f3n para mejorar las capacidades de ataque y defensa.<\/p>\n<p>Parte superior fabricada en varios materiales. Por un lado, la malla transpirable regula la acumulaci\u00f3n de sudor gracias a las perforaciones VTS. Por otro lado, cuenta con sistemas de ajuste y protecci\u00f3n termosellados: JOMA SPORTECH y PROTECTION. El resultado es una parte superior ligera, flexible y segura.<\/p>\n<p>C\u00f3modo refuerzo acolchado en el tobillo.<\/p>\n<p>Entresuela DUAL REACTIVE fabricada con phylon superior y REACTIVE BALL inferior. Esta tecnolog\u00eda es capaz de absorber los impactos de las pisadas durante los movimientos e impulsar al jugador. Una pieza STABILIS en la zona de torsi\u00f3n para garantizar la estabilidad y prevenir posibles lesiones.<\/p>\n<p>DURABILIDAD Suela de goma con excelente resistencia a la abrasi\u00f3n. La estructura de ROTACI\u00d3N situada en la zona del metatarsiano mejora los giros. El sistema FLEXO line hace que el calzado deportivo sea m\u00e1s flexible.<\/p>","protected":false},"excerpt":{"rendered":"<p>Zapatillas de voleibol para hombre. Versi\u00f3n de alto perfil desarrollada para el voleibol profesional, ayudando a conseguir el m\u00e1ximo rendimiento. Proporciona estabilidad y amortiguaci\u00f3n para&#8230;<\/p>","protected":false},"featured_media":33036,"comment_status":"open","ping_status":"closed","template":"","meta":{"om_disable_all_campaigns":false,"_monsterinsights_skip_tracking":false,"_monsterinsights_sitenote_active":false,"_monsterinsights_sitenote_note":"","_monsterinsights_sitenote_category":0,"_uf_show_specific_survey":0,"_uf_disable_surveys":false,"_joinchat":[]},"etheme_brands":[],"product_brand":[],"product_cat":[19],"product_tag":[],"class_list":{"0":"post-36167","1":"product","2":"type-product","3":"status-publish","4":"has-post-thumbnail","6":"product_cat-hombre","7":"product_shipping_class-envio-a-lima-y-provincia","9":"first","10":"instock","11":"sale","12":"featured","13":"shipping-taxable","14":"purchasable","15":"product-type-variable"},"aioseo_notices":[],"_links":{"self":[{"href":"https:\/\/jnksport.com\/en\/wp-json\/wp\/v2\/product\/36167","targetHints":{"allow":["GET"]}}],"collection":[{"href":"https:\/\/jnksport.com\/en\/wp-json\/wp\/v2\/product"}],"about":[{"href":"https:\/\/jnksport.com\/en\/wp-json\/wp\/v2\/types\/product"}],"replies":[{"embeddable":true,"href":"https:\/\/jnksport.com\/en\/wp-json\/wp\/v2\/comments?post=36167"}],"version-history":[{"count":0,"href":"https:\/\/jnksport.com\/en\/wp-json\/wp\/v2\/product\/36167\/revisions"}],"wp:featuredmedia":[{"embeddable":true,"href":"https:\/\/jnksport.com\/en\/wp-json\/wp\/v2\/media\/33036"}],"wp:attachment":[{"href":"https:\/\/jnksport.com\/en\/wp-json\/wp\/v2\/media?parent=36167"}],"wp:term":[{"taxonomy":"brand","embeddable":true,"href":"https:\/\/jnksport.com\/en\/wp-json\/wp\/v2\/etheme_brands?post=36167"},{"taxonomy":"product_brand","embeddable":true,"href":"https:\/\/jnksport.com\/en\/wp-json\/wp\/v2\/product_brand?post=36167"},{"taxonomy":"product_cat","embeddable":true,"href":"https:\/\/jnksport.com\/en\/wp-json\/wp\/v2\/product_cat?post=36167"},{"taxonomy":"product_tag","embeddable":true,"href":"https:\/\/jnksport.com\/en\/wp-json\/wp\/v2\/product_tag?post=36167"}],"curies":[{"name":"wp","href":"https:\/\/api.w.org\/{rel}","templated":true}]}}