{"id":39009,"date":"2024-12-07T18:08:58","date_gmt":"2024-12-07T18:08:58","guid":{"rendered":"https:\/\/jnksport.com\/?post_type=product&#038;p=39009"},"modified":"2025-11-14T22:50:20","modified_gmt":"2025-11-14T22:50:20","slug":"zapatilla-reebok-atr-chill-100201835-ninos","status":"publish","type":"product","link":"https:\/\/jnksport.com\/en\/product\/zapatilla-reebok-atr-chill-100201835-ninos\/","title":{"rendered":"Zapatilla Reebok Atr Chill 100201835 Ni\u00f1os"},"content":{"rendered":"<div>\n<div>nspiradas en los dise\u00f1os cl\u00e1sicos de la colecci\u00f3n Above the Rim de los 90, los Reebok ATR Chill para ni\u00f1os en un rojo espectacular reinventan el modelo original para traerlo a la actualidad. La parte superior de cuero y tejido sint\u00e9tico se combina con una entresuela y una suela de goma para crear un modelo de baloncesto aut\u00e9ntico.<\/div>\n<\/div>\n<ul>\n<li>Marca: Reebok<\/li>\n<li>Codigo: 100201835<\/li>\n<li>Modelo: Atr Chill<\/li>\n<li>G\u00e9nero: Ni\u00f1os<\/li>\n<li>Estilo: Urbano<\/li>\n<li>Cierre: Cordones<\/li>\n<li>Material: Cuero<\/li>\n<li>Color: Blanco<\/li>\n<li>Material de la Suela: Goma<\/li>\n<\/ul>","protected":false},"excerpt":{"rendered":"<p>nspiradas en los dise\u00f1os cl\u00e1sicos de la colecci\u00f3n Above the Rim de los 90, los Reebok ATR Chill para ni\u00f1os en un rojo espectacular reinventan&#8230;<\/p>","protected":false},"featured_media":38896,"comment_status":"open","ping_status":"closed","template":"","meta":{"om_disable_all_campaigns":false,"_monsterinsights_skip_tracking":false,"_monsterinsights_sitenote_active":false,"_monsterinsights_sitenote_note":"","_monsterinsights_sitenote_category":0,"_uf_show_specific_survey":0,"_uf_disable_surveys":false,"_joinchat":[]},"etheme_brands":[],"product_brand":[],"product_cat":[159],"product_tag":[],"class_list":{"0":"post-39009","1":"product","2":"type-product","3":"status-publish","4":"has-post-thumbnail","6":"product_cat-ninos","7":"product_shipping_class-envio-a-lima-y-provincia","9":"first","10":"instock","11":"sale","12":"featured","13":"shipping-taxable","14":"purchasable","15":"product-type-variable"},"aioseo_notices":[],"_links":{"self":[{"href":"https:\/\/jnksport.com\/en\/wp-json\/wp\/v2\/product\/39009","targetHints":{"allow":["GET"]}}],"collection":[{"href":"https:\/\/jnksport.com\/en\/wp-json\/wp\/v2\/product"}],"about":[{"href":"https:\/\/jnksport.com\/en\/wp-json\/wp\/v2\/types\/product"}],"replies":[{"embeddable":true,"href":"https:\/\/jnksport.com\/en\/wp-json\/wp\/v2\/comments?post=39009"}],"version-history":[{"count":0,"href":"https:\/\/jnksport.com\/en\/wp-json\/wp\/v2\/product\/39009\/revisions"}],"wp:featuredmedia":[{"embeddable":true,"href":"https:\/\/jnksport.com\/en\/wp-json\/wp\/v2\/media\/38896"}],"wp:attachment":[{"href":"https:\/\/jnksport.com\/en\/wp-json\/wp\/v2\/media?parent=39009"}],"wp:term":[{"taxonomy":"brand","embeddable":true,"href":"https:\/\/jnksport.com\/en\/wp-json\/wp\/v2\/etheme_brands?post=39009"},{"taxonomy":"product_brand","embeddable":true,"href":"https:\/\/jnksport.com\/en\/wp-json\/wp\/v2\/product_brand?post=39009"},{"taxonomy":"product_cat","embeddable":true,"href":"https:\/\/jnksport.com\/en\/wp-json\/wp\/v2\/product_cat?post=39009"},{"taxonomy":"product_tag","embeddable":true,"href":"https:\/\/jnksport.com\/en\/wp-json\/wp\/v2\/product_tag?post=39009"}],"curies":[{"name":"wp","href":"https:\/\/api.w.org\/{rel}","templated":true}]}}