{"id":39010,"date":"2024-12-07T18:08:59","date_gmt":"2024-12-07T18:08:59","guid":{"rendered":"https:\/\/jnksport.com\/?post_type=product&#038;p=39010"},"modified":"2025-11-14T22:50:20","modified_gmt":"2025-11-14T22:50:20","slug":"zapatilla-reebok-atr-chill-100201935-ninos","status":"publish","type":"product","link":"https:\/\/jnksport.com\/en\/product\/zapatilla-reebok-atr-chill-100201935-ninos\/","title":{"rendered":"Zapatilla Reebok Atr Chill 100201935 Ni\u00f1os"},"content":{"rendered":"<div>\n<div>Tus hijos ver\u00e1n el blanco y el negro en las zapatillas Reebok ATR Chill para ni\u00f1os, lo que las hace f\u00e1ciles de combinar con casi cualquier atuendo del d\u00eda. La suela de goma garantiza que cada paso est\u00e9 amortiguado y tenga el soporte adecuado. Y tienen ese aire de la vieja escuela, por lo que es posible que est\u00e9s a\u00fan m\u00e1s feliz de darle a tu hijo estas zapatillas.<\/p>\n<p>Caracter\u00edsticas:<br \/>\nDe ca\u00f1a baja.<br \/>\nCon cordones.<br \/>\nPlantilla de felpa OrthoLite\u00ae.<br \/>\nDetalles:<br \/>\nSuela de goma para mayor soporte.<br \/>\nProviene de una mirada pasada.<br \/>\nParte superior: Cuero.<\/p><\/div>\n<\/div>\n<ul>\n<li>Marca: Reebok<\/li>\n<li>Codigo: 100201935<\/li>\n<li>Modelo: Atr Chill<\/li>\n<li>G\u00e9nero: Ni\u00f1os<\/li>\n<li>Estilo: Urbano<\/li>\n<li>Cierre: Cordones<\/li>\n<li>Material: Cuero<\/li>\n<li>Color: Blanco<\/li>\n<li>Material de la Suela: Goma<\/li>\n<\/ul>","protected":false},"excerpt":{"rendered":"<p>Tus hijos ver\u00e1n el blanco y el negro en las zapatillas Reebok ATR Chill para ni\u00f1os, lo que las hace f\u00e1ciles de combinar con casi&#8230;<\/p>","protected":false},"featured_media":38900,"comment_status":"open","ping_status":"closed","template":"","meta":{"om_disable_all_campaigns":false,"_monsterinsights_skip_tracking":false,"_monsterinsights_sitenote_active":false,"_monsterinsights_sitenote_note":"","_monsterinsights_sitenote_category":0,"_uf_show_specific_survey":0,"_uf_disable_surveys":false,"_joinchat":[]},"etheme_brands":[],"product_brand":[],"product_cat":[159],"product_tag":[],"class_list":{"0":"post-39010","1":"product","2":"type-product","3":"status-publish","4":"has-post-thumbnail","6":"product_cat-ninos","7":"product_shipping_class-envio-a-lima-y-provincia","9":"first","10":"instock","11":"sale","12":"featured","13":"shipping-taxable","14":"purchasable","15":"product-type-variable"},"aioseo_notices":[],"_links":{"self":[{"href":"https:\/\/jnksport.com\/en\/wp-json\/wp\/v2\/product\/39010","targetHints":{"allow":["GET"]}}],"collection":[{"href":"https:\/\/jnksport.com\/en\/wp-json\/wp\/v2\/product"}],"about":[{"href":"https:\/\/jnksport.com\/en\/wp-json\/wp\/v2\/types\/product"}],"replies":[{"embeddable":true,"href":"https:\/\/jnksport.com\/en\/wp-json\/wp\/v2\/comments?post=39010"}],"version-history":[{"count":0,"href":"https:\/\/jnksport.com\/en\/wp-json\/wp\/v2\/product\/39010\/revisions"}],"wp:featuredmedia":[{"embeddable":true,"href":"https:\/\/jnksport.com\/en\/wp-json\/wp\/v2\/media\/38900"}],"wp:attachment":[{"href":"https:\/\/jnksport.com\/en\/wp-json\/wp\/v2\/media?parent=39010"}],"wp:term":[{"taxonomy":"brand","embeddable":true,"href":"https:\/\/jnksport.com\/en\/wp-json\/wp\/v2\/etheme_brands?post=39010"},{"taxonomy":"product_brand","embeddable":true,"href":"https:\/\/jnksport.com\/en\/wp-json\/wp\/v2\/product_brand?post=39010"},{"taxonomy":"product_cat","embeddable":true,"href":"https:\/\/jnksport.com\/en\/wp-json\/wp\/v2\/product_cat?post=39010"},{"taxonomy":"product_tag","embeddable":true,"href":"https:\/\/jnksport.com\/en\/wp-json\/wp\/v2\/product_tag?post=39010"}],"curies":[{"name":"wp","href":"https:\/\/api.w.org\/{rel}","templated":true}]}}