{"id":39075,"date":"2024-12-07T18:10:10","date_gmt":"2024-12-07T18:10:10","guid":{"rendered":"https:\/\/jnksport.com\/?post_type=product&#038;p=39075"},"modified":"2026-01-26T07:56:54","modified_gmt":"2026-01-26T07:56:54","slug":"zapatilla-puma-court-classic-lux-395019-08-hombre","status":"publish","type":"product","link":"https:\/\/jnksport.com\/en\/product\/zapatilla-puma-court-classic-lux-395019-08-hombre\/","title":{"rendered":"Zapatilla Puma Court Classic Lux 395019-08 Hombre"},"content":{"rendered":"<div>\n<div>Puma Court Classic Lux<br \/>\nLos Court Classic son zapatos urbanos con un dise\u00f1o inspirado en el tenis retro, el nuevo Court Classic Lux combina versatilidad y moda en una pieza b\u00e1sica ic\u00f3nica, inspirada en la cancha, hecha para lacalle. La plantilla SoftFoam+ proporciona una amortiguaci\u00f3n superior y una comodidad \u00f3ptima para cada paso del d\u00eda.<\/p>\n<p>Beneficios del producto<br \/>\nPlantilla SoftFoam+.<br \/>\nCierre de cordones.<br \/>\nParte superior sint\u00e9tica.<br \/>\nSuela de goma.<\/p><\/div>\n<\/div>\n<ul>\n<li>Marca: Puma<\/li>\n<li>Codigo: 395019-08<\/li>\n<li>Modelo: Court Classic Lux<\/li>\n<li>G\u00e9nero: Hombre<\/li>\n<li>Estilo: Urbano<\/li>\n<li>Cierre: Cordones<\/li>\n<li>Material: Cuero<\/li>\n<li>Color: Blanco<\/li>\n<li>Material de la Suela: Goma<\/li>\n<\/ul>","protected":false},"excerpt":{"rendered":"<p>Puma Court Classic Lux Los Court Classic son zapatos urbanos con un dise\u00f1o inspirado en el tenis retro, el nuevo Court Classic Lux combina versatilidad&#8230;<\/p>","protected":false},"featured_media":38874,"comment_status":"open","ping_status":"closed","template":"","meta":{"om_disable_all_campaigns":false,"_monsterinsights_skip_tracking":false,"_monsterinsights_sitenote_active":false,"_monsterinsights_sitenote_note":"","_monsterinsights_sitenote_category":0,"_uf_show_specific_survey":0,"_uf_disable_surveys":false,"_joinchat":[]},"etheme_brands":[],"product_brand":[],"product_cat":[19],"product_tag":[],"class_list":{"0":"post-39075","1":"product","2":"type-product","3":"status-publish","4":"has-post-thumbnail","6":"product_cat-hombre","7":"product_shipping_class-envio-a-lima-y-provincia","9":"first","10":"instock","11":"sale","12":"featured","13":"shipping-taxable","14":"purchasable","15":"product-type-variable"},"aioseo_notices":[],"_links":{"self":[{"href":"https:\/\/jnksport.com\/en\/wp-json\/wp\/v2\/product\/39075","targetHints":{"allow":["GET"]}}],"collection":[{"href":"https:\/\/jnksport.com\/en\/wp-json\/wp\/v2\/product"}],"about":[{"href":"https:\/\/jnksport.com\/en\/wp-json\/wp\/v2\/types\/product"}],"replies":[{"embeddable":true,"href":"https:\/\/jnksport.com\/en\/wp-json\/wp\/v2\/comments?post=39075"}],"version-history":[{"count":0,"href":"https:\/\/jnksport.com\/en\/wp-json\/wp\/v2\/product\/39075\/revisions"}],"wp:featuredmedia":[{"embeddable":true,"href":"https:\/\/jnksport.com\/en\/wp-json\/wp\/v2\/media\/38874"}],"wp:attachment":[{"href":"https:\/\/jnksport.com\/en\/wp-json\/wp\/v2\/media?parent=39075"}],"wp:term":[{"taxonomy":"brand","embeddable":true,"href":"https:\/\/jnksport.com\/en\/wp-json\/wp\/v2\/etheme_brands?post=39075"},{"taxonomy":"product_brand","embeddable":true,"href":"https:\/\/jnksport.com\/en\/wp-json\/wp\/v2\/product_brand?post=39075"},{"taxonomy":"product_cat","embeddable":true,"href":"https:\/\/jnksport.com\/en\/wp-json\/wp\/v2\/product_cat?post=39075"},{"taxonomy":"product_tag","embeddable":true,"href":"https:\/\/jnksport.com\/en\/wp-json\/wp\/v2\/product_tag?post=39075"}],"curies":[{"name":"wp","href":"https:\/\/api.w.org\/{rel}","templated":true}]}}