{"id":39085,"date":"2024-12-07T18:10:21","date_gmt":"2024-12-07T18:10:21","guid":{"rendered":"https:\/\/jnksport.com\/?post_type=product&#038;p=39085"},"modified":"2025-12-30T08:01:25","modified_gmt":"2025-12-30T08:01:25","slug":"zapatilla-puma-carina-2-0-397972-01-ninas","status":"publish","type":"product","link":"https:\/\/jnksport.com\/en\/product\/zapatilla-puma-carina-2-0-397972-01-ninas\/","title":{"rendered":"Zapatilla Puma Carina 2.0 397972-01 Ni\u00f1as"},"content":{"rendered":"<div>\n<div>Puma Carina 2.0 Bouncy Sky V Ps<br \/>\nLas Carina 2.0 Bouncy Sky V PS est\u00e1n inspiradas en el estilo de vida desenfadado de la California de los 80, siendo el paradigma de la elegancia despreocupada. La \u00faltima edici\u00f3n se ha renovado con una suela m\u00e1s gruesa y con m\u00e1s textura que les confiere un toque adicional de estilo y actitud.<\/p>\n<p>Beneficios del producto<br \/>\nInspiradas en el estilo de vida desenfadado de la California de los 80.<br \/>\nParadigma de la elegancia despreocupada.<br \/>\nRenovadas con una suela m\u00e1s gruesa y con m\u00e1s textura.<br \/>\nConfieren un toque adicional de estilo y actitud.<\/p><\/div>\n<\/div>\n<ul>\n<li>Marca: Puma<\/li>\n<li>Codigo: 397972-01<\/li>\n<li>Modelo: Carina 2.0<\/li>\n<li>G\u00e9nero: Ni\u00f1as<\/li>\n<li>Estilo: Urbano<\/li>\n<li>Cierre: Cierre por contacto<\/li>\n<li>Material: Cuero<\/li>\n<li>Color: Blanco<\/li>\n<li>Material de la Suela: Goma<\/li>\n<\/ul>","protected":false},"excerpt":{"rendered":"<p>Puma Carina 2.0 Bouncy Sky V Ps Las Carina 2.0 Bouncy Sky V PS est\u00e1n inspiradas en el estilo de vida desenfadado de la California&#8230;<\/p>","protected":false},"featured_media":38879,"comment_status":"open","ping_status":"closed","template":"","meta":{"om_disable_all_campaigns":false,"_monsterinsights_skip_tracking":false,"_monsterinsights_sitenote_active":false,"_monsterinsights_sitenote_note":"","_monsterinsights_sitenote_category":0,"_uf_show_specific_survey":0,"_uf_disable_surveys":false,"_joinchat":[]},"etheme_brands":[],"product_brand":[],"product_cat":[19],"product_tag":[],"class_list":{"0":"post-39085","1":"product","2":"type-product","3":"status-publish","4":"has-post-thumbnail","6":"product_cat-hombre","7":"product_shipping_class-envio-a-lima-y-provincia","9":"first","10":"instock","11":"sale","12":"featured","13":"shipping-taxable","14":"purchasable","15":"product-type-variable"},"aioseo_notices":[],"_links":{"self":[{"href":"https:\/\/jnksport.com\/en\/wp-json\/wp\/v2\/product\/39085","targetHints":{"allow":["GET"]}}],"collection":[{"href":"https:\/\/jnksport.com\/en\/wp-json\/wp\/v2\/product"}],"about":[{"href":"https:\/\/jnksport.com\/en\/wp-json\/wp\/v2\/types\/product"}],"replies":[{"embeddable":true,"href":"https:\/\/jnksport.com\/en\/wp-json\/wp\/v2\/comments?post=39085"}],"version-history":[{"count":0,"href":"https:\/\/jnksport.com\/en\/wp-json\/wp\/v2\/product\/39085\/revisions"}],"wp:featuredmedia":[{"embeddable":true,"href":"https:\/\/jnksport.com\/en\/wp-json\/wp\/v2\/media\/38879"}],"wp:attachment":[{"href":"https:\/\/jnksport.com\/en\/wp-json\/wp\/v2\/media?parent=39085"}],"wp:term":[{"taxonomy":"brand","embeddable":true,"href":"https:\/\/jnksport.com\/en\/wp-json\/wp\/v2\/etheme_brands?post=39085"},{"taxonomy":"product_brand","embeddable":true,"href":"https:\/\/jnksport.com\/en\/wp-json\/wp\/v2\/product_brand?post=39085"},{"taxonomy":"product_cat","embeddable":true,"href":"https:\/\/jnksport.com\/en\/wp-json\/wp\/v2\/product_cat?post=39085"},{"taxonomy":"product_tag","embeddable":true,"href":"https:\/\/jnksport.com\/en\/wp-json\/wp\/v2\/product_tag?post=39085"}],"curies":[{"name":"wp","href":"https:\/\/api.w.org\/{rel}","templated":true}]}}