{"id":39093,"date":"2024-12-07T18:10:29","date_gmt":"2024-12-07T18:10:29","guid":{"rendered":"https:\/\/jnksport.com\/?post_type=product&#038;p=39093"},"modified":"2025-12-18T00:33:07","modified_gmt":"2025-12-18T00:33:07","slug":"zapatilla-puma-carina-2-0-397972-02-ninas","status":"publish","type":"product","link":"https:\/\/jnksport.com\/en\/product\/zapatilla-puma-carina-2-0-397972-02-ninas\/","title":{"rendered":"Zapatilla Puma Carina 2.0 397972-02 Ni\u00f1as"},"content":{"rendered":"<div>\n<div>Presentamos las Carina 2.0. Tomando ejemplos de dise\u00f1o de los a\u00f1os 80, la cl\u00e1sica silueta de estas zapatillas est\u00e1 inspirada en el estilo relajado de la moda playera californiana. Manteni\u00e9ndose fiel a su apreciado look y calce, las Carina 2.0 dan un paso hacia la nueva temporada con algunas novedades. Esta versi\u00f3n Bouncy Sky para ni\u00f1as luce una estampa de coraz\u00f3n en relieve y detalles iridiscentes, para un toque alegre que a tu peque\u00f1a le encantar\u00e1.<\/p>\n<p>Calce regular<br \/>\nCubierta de material sint\u00e9tico<br \/>\nCierre de abrojo<br \/>\nPlantilla KinderFit\u00ae, que garantiza un calce correcto<br \/>\nEtiqueta textil en leng\u00fceta<br \/>\nDetalles de la marca PUMA<\/p><\/div>\n<\/div>\n<ul>\n<li>Marca: Puma<\/li>\n<li>Codigo: 397972-02<\/li>\n<li>Modelo: Carina 2.0<\/li>\n<li>G\u00e9nero: Ni\u00f1as<\/li>\n<li>Estilo: Urbano<\/li>\n<li>Cierre: Cierre por contacto<\/li>\n<li>Material: Cuero<\/li>\n<li>Color: Negro<\/li>\n<li>Material de la Suela: Goma<\/li>\n<\/ul>","protected":false},"excerpt":{"rendered":"<p>Presentamos las Carina 2.0. Tomando ejemplos de dise\u00f1o de los a\u00f1os 80, la cl\u00e1sica silueta de estas zapatillas est\u00e1 inspirada en el estilo relajado de&#8230;<\/p>","protected":false},"featured_media":38885,"comment_status":"open","ping_status":"closed","template":"","meta":{"om_disable_all_campaigns":false,"_monsterinsights_skip_tracking":false,"_monsterinsights_sitenote_active":false,"_monsterinsights_sitenote_note":"","_monsterinsights_sitenote_category":0,"_uf_show_specific_survey":0,"_uf_disable_surveys":false,"_joinchat":[]},"etheme_brands":[],"product_brand":[],"product_cat":[19],"product_tag":[],"class_list":{"0":"post-39093","1":"product","2":"type-product","3":"status-publish","4":"has-post-thumbnail","6":"product_cat-hombre","7":"product_shipping_class-envio-a-lima-y-provincia","9":"first","10":"instock","11":"sale","12":"featured","13":"shipping-taxable","14":"purchasable","15":"product-type-variable"},"aioseo_notices":[],"_links":{"self":[{"href":"https:\/\/jnksport.com\/en\/wp-json\/wp\/v2\/product\/39093","targetHints":{"allow":["GET"]}}],"collection":[{"href":"https:\/\/jnksport.com\/en\/wp-json\/wp\/v2\/product"}],"about":[{"href":"https:\/\/jnksport.com\/en\/wp-json\/wp\/v2\/types\/product"}],"replies":[{"embeddable":true,"href":"https:\/\/jnksport.com\/en\/wp-json\/wp\/v2\/comments?post=39093"}],"version-history":[{"count":0,"href":"https:\/\/jnksport.com\/en\/wp-json\/wp\/v2\/product\/39093\/revisions"}],"wp:featuredmedia":[{"embeddable":true,"href":"https:\/\/jnksport.com\/en\/wp-json\/wp\/v2\/media\/38885"}],"wp:attachment":[{"href":"https:\/\/jnksport.com\/en\/wp-json\/wp\/v2\/media?parent=39093"}],"wp:term":[{"taxonomy":"brand","embeddable":true,"href":"https:\/\/jnksport.com\/en\/wp-json\/wp\/v2\/etheme_brands?post=39093"},{"taxonomy":"product_brand","embeddable":true,"href":"https:\/\/jnksport.com\/en\/wp-json\/wp\/v2\/product_brand?post=39093"},{"taxonomy":"product_cat","embeddable":true,"href":"https:\/\/jnksport.com\/en\/wp-json\/wp\/v2\/product_cat?post=39093"},{"taxonomy":"product_tag","embeddable":true,"href":"https:\/\/jnksport.com\/en\/wp-json\/wp\/v2\/product_tag?post=39093"}],"curies":[{"name":"wp","href":"https:\/\/api.w.org\/{rel}","templated":true}]}}