{"id":39173,"date":"2024-12-07T18:11:59","date_gmt":"2024-12-07T18:11:59","guid":{"rendered":"https:\/\/jnksport.com\/?post_type=product&#038;p=39173"},"modified":"2025-11-14T22:50:26","modified_gmt":"2025-11-14T22:50:26","slug":"zapatilla-joma-indoor-fs-fsw2476in-hombre","status":"publish","type":"product","link":"https:\/\/jnksport.com\/en\/product\/zapatilla-joma-indoor-fs-fsw2476in-hombre\/","title":{"rendered":"Zapatilla Joma Indoor FS FSW2476IN Hombre"},"content":{"rendered":"<div>\n<div>Zapatillas de f\u00fatbol sala. Se trata de uno de los modelos de alto rendimiento de Joma, de tecnolog\u00eda punta y fabricado en parte en piel, que ofrece solo el m\u00e1ximo rendimiento a los futbolistas profesionales.<\/p>\n<p>Parte superior fabricada principalmente en piel. Este material es perfecto para este deporte gracias a su durabilidad, flexibilidad, transpirabilidad y buen contacto con el bal\u00f3n. Ventilaci\u00f3n reforzada con tecnolog\u00eda VTS.<\/p>\n<p>Refuerzo de PROTECCI\u00d3N en la puntera.<\/p>\n<p>Entresuela DUAL REACTIVE: la parte inferior est\u00e1 hecha de FOAM REACTIVE para amortiguar los impactos y la parte superior est\u00e1 hecha de phylon m\u00e1s estable.<\/p>\n<p>Suela de caucho DURABILITY de alta resistencia a la abrasi\u00f3n y calidad. Agarre a superficies indoor sin dejar marcas en la cancha. Estructuras geom\u00e9tricas ROTATION que ofrecen una flexibilidad superior.<\/p><\/div>\n<\/div>\n<ul>\n<li>Marca: Joma<\/li>\n<li>Codigo: FSW2476IN<\/li>\n<li>Modelo: Indoor FS<\/li>\n<li>G\u00e9nero: Hombre<\/li>\n<li>Estilo: Deportivo<\/li>\n<li>Cierre: Cordones<\/li>\n<li>Material: Cuero<\/li>\n<li>Color: Blanco<\/li>\n<li>Material de la Suela: Caucho<\/li>\n<\/ul>","protected":false},"excerpt":{"rendered":"<p>Zapatillas de f\u00fatbol sala. Se trata de uno de los modelos de alto rendimiento de Joma, de tecnolog\u00eda punta y fabricado en parte en piel,&#8230;<\/p>","protected":false},"featured_media":38950,"comment_status":"open","ping_status":"closed","template":"","meta":{"om_disable_all_campaigns":false,"_monsterinsights_skip_tracking":false,"_monsterinsights_sitenote_active":false,"_monsterinsights_sitenote_note":"","_monsterinsights_sitenote_category":0,"_uf_show_specific_survey":0,"_uf_disable_surveys":false,"_joinchat":[]},"etheme_brands":[],"product_brand":[],"product_cat":[19],"product_tag":[],"class_list":{"0":"post-39173","1":"product","2":"type-product","3":"status-publish","4":"has-post-thumbnail","6":"product_cat-hombre","7":"product_shipping_class-envio-a-lima-y-provincia","9":"first","10":"instock","11":"sale","12":"featured","13":"shipping-taxable","14":"purchasable","15":"product-type-variable"},"aioseo_notices":[],"_links":{"self":[{"href":"https:\/\/jnksport.com\/en\/wp-json\/wp\/v2\/product\/39173","targetHints":{"allow":["GET"]}}],"collection":[{"href":"https:\/\/jnksport.com\/en\/wp-json\/wp\/v2\/product"}],"about":[{"href":"https:\/\/jnksport.com\/en\/wp-json\/wp\/v2\/types\/product"}],"replies":[{"embeddable":true,"href":"https:\/\/jnksport.com\/en\/wp-json\/wp\/v2\/comments?post=39173"}],"version-history":[{"count":0,"href":"https:\/\/jnksport.com\/en\/wp-json\/wp\/v2\/product\/39173\/revisions"}],"wp:featuredmedia":[{"embeddable":true,"href":"https:\/\/jnksport.com\/en\/wp-json\/wp\/v2\/media\/38950"}],"wp:attachment":[{"href":"https:\/\/jnksport.com\/en\/wp-json\/wp\/v2\/media?parent=39173"}],"wp:term":[{"taxonomy":"brand","embeddable":true,"href":"https:\/\/jnksport.com\/en\/wp-json\/wp\/v2\/etheme_brands?post=39173"},{"taxonomy":"product_brand","embeddable":true,"href":"https:\/\/jnksport.com\/en\/wp-json\/wp\/v2\/product_brand?post=39173"},{"taxonomy":"product_cat","embeddable":true,"href":"https:\/\/jnksport.com\/en\/wp-json\/wp\/v2\/product_cat?post=39173"},{"taxonomy":"product_tag","embeddable":true,"href":"https:\/\/jnksport.com\/en\/wp-json\/wp\/v2\/product_tag?post=39173"}],"curies":[{"name":"wp","href":"https:\/\/api.w.org\/{rel}","templated":true}]}}