{"id":39183,"date":"2024-12-07T18:12:11","date_gmt":"2024-12-07T18:12:11","guid":{"rendered":"https:\/\/jnksport.com\/?post_type=product&#038;p=39183"},"modified":"2026-03-29T20:21:08","modified_gmt":"2026-03-29T20:21:08","slug":"zapatilla-adidas-breaknet-2-0-ih2385-ninos","status":"publish","type":"product","link":"https:\/\/jnksport.com\/en\/product\/zapatilla-adidas-breaknet-2-0-ih2385-ninos\/","title":{"rendered":"Zapatilla Adidas Breaknet 2.0 IH2385 Ni\u00f1os"},"content":{"rendered":"<div>\n<div>Zapatillas para beb\u00e9 hechas parcialmente con materiales reciclados<br \/>\nNo importa qu\u00e9 tan ocupado sea el d\u00eda, tu peque\u00f1o podr\u00e1 relajarse con comodidad con estas zapatillas Breaknet 2.0 para beb\u00e9 de adidas. Las tiras ajustables de cierre por contacto las hacen f\u00e1ciles de poner y quitar, mientras que la mediasuela y suela de EVA de una sola pieza mantienen cada paso suave y estable. Ya sea jugando en el parque o practicando en los columpios, estas zapatillas mantendr\u00e1n c\u00f3modos los pies de tu peque.<\/p>\n<p>Este producto contiene al menos un 20 % de material reciclado. Utilizando materiales reciclados disminuimos los residuos, nuestra dependencia de los recursos finitos y la huella que generan los productos que fabricamos.<\/p><\/div>\n<\/div>\n<ul>\n<li>Marca: Adidas<\/li>\n<li>Codigo: IH2385<\/li>\n<li>Modelo: Breaknet 2.0<\/li>\n<li>G\u00e9nero: Ni\u00f1os<\/li>\n<li>Estilo: Urbano<\/li>\n<li>Cierre: Cierre por contacto<\/li>\n<li>Material: Cuero<\/li>\n<li>Color: Blanco<\/li>\n<li>Material de la Suela: Caucho<\/li>\n<\/ul>","protected":false},"excerpt":{"rendered":"<p>Zapatillas para beb\u00e9 hechas parcialmente con materiales reciclados No importa qu\u00e9 tan ocupado sea el d\u00eda, tu peque\u00f1o podr\u00e1 relajarse con comodidad con estas zapatillas&#8230;<\/p>","protected":false},"featured_media":38954,"comment_status":"open","ping_status":"closed","template":"","meta":{"om_disable_all_campaigns":false,"_monsterinsights_skip_tracking":false,"_monsterinsights_sitenote_active":false,"_monsterinsights_sitenote_note":"","_monsterinsights_sitenote_category":0,"_uf_show_specific_survey":0,"_uf_disable_surveys":false,"_joinchat":[]},"etheme_brands":[],"product_brand":[],"product_cat":[159],"product_tag":[],"class_list":{"0":"post-39183","1":"product","2":"type-product","3":"status-publish","4":"has-post-thumbnail","6":"product_cat-ninos","7":"product_shipping_class-envio-a-lima-y-provincia","9":"first","10":"instock","11":"featured","12":"shipping-taxable","13":"purchasable","14":"product-type-variable"},"aioseo_notices":[],"_links":{"self":[{"href":"https:\/\/jnksport.com\/en\/wp-json\/wp\/v2\/product\/39183","targetHints":{"allow":["GET"]}}],"collection":[{"href":"https:\/\/jnksport.com\/en\/wp-json\/wp\/v2\/product"}],"about":[{"href":"https:\/\/jnksport.com\/en\/wp-json\/wp\/v2\/types\/product"}],"replies":[{"embeddable":true,"href":"https:\/\/jnksport.com\/en\/wp-json\/wp\/v2\/comments?post=39183"}],"version-history":[{"count":0,"href":"https:\/\/jnksport.com\/en\/wp-json\/wp\/v2\/product\/39183\/revisions"}],"wp:featuredmedia":[{"embeddable":true,"href":"https:\/\/jnksport.com\/en\/wp-json\/wp\/v2\/media\/38954"}],"wp:attachment":[{"href":"https:\/\/jnksport.com\/en\/wp-json\/wp\/v2\/media?parent=39183"}],"wp:term":[{"taxonomy":"brand","embeddable":true,"href":"https:\/\/jnksport.com\/en\/wp-json\/wp\/v2\/etheme_brands?post=39183"},{"taxonomy":"product_brand","embeddable":true,"href":"https:\/\/jnksport.com\/en\/wp-json\/wp\/v2\/product_brand?post=39183"},{"taxonomy":"product_cat","embeddable":true,"href":"https:\/\/jnksport.com\/en\/wp-json\/wp\/v2\/product_cat?post=39183"},{"taxonomy":"product_tag","embeddable":true,"href":"https:\/\/jnksport.com\/en\/wp-json\/wp\/v2\/product_tag?post=39183"}],"curies":[{"name":"wp","href":"https:\/\/api.w.org\/{rel}","templated":true}]}}