{"id":39205,"date":"2024-12-07T18:12:35","date_gmt":"2024-12-07T18:12:35","guid":{"rendered":"https:\/\/jnksport.com\/?post_type=product&#038;p=39205"},"modified":"2026-04-25T19:59:28","modified_gmt":"2026-04-25T19:59:28","slug":"zapatilla-adidas-breaknet-sleek-ih5426-mujer","status":"publish","type":"product","link":"https:\/\/jnksport.com\/en\/product\/zapatilla-adidas-breaknet-sleek-ih5426-mujer\/","title":{"rendered":"Zapatilla Adidas Breaknet Sleek IH5426 Mujer"},"content":{"rendered":"<div>\n<div>Hechos para el d\u00eda a d\u00eda<br \/>\nUn par que te acompa\u00f1a para todo, son los Tenis adidas Breaknet Sleek de mujer que mantiene una est\u00e9tica cl\u00e1sica y son ideales para tu d\u00eda. Puedes acompa\u00f1arlos con cualquier look y lograr lucir incre\u00edble. Sus franjas a los lados le dan ese plus audaz.<\/p>\n<p>Construcci\u00f3n de los tenis blancos<br \/>\nEste calzado para dama se ha confeccionado con material sint\u00e9tico para una gran resistencia, adem\u00e1s de tener agujetas para un amarre seguro. Su plantilla crea confort en cada paso, adem\u00e1s de tener una suela de goma que da una tracci\u00f3n duradera en cada pisada que das.<\/p><\/div>\n<\/div>\n<ul>\n<li>Marca: Adidas<\/li>\n<li>Codigo: IH5426<\/li>\n<li>Modelo: Breaknet Sleek<\/li>\n<li>G\u00e9nero: Mujer<\/li>\n<li>Estilo: Urbano<\/li>\n<li>Cierre: Cordones<\/li>\n<li>Material: Cuero<\/li>\n<li>Color: Blanco<\/li>\n<li>Material de la Suela: Goma<\/li>\n<\/ul>","protected":false},"excerpt":{"rendered":"<p>Hechos para el d\u00eda a d\u00eda Un par que te acompa\u00f1a para todo, son los Tenis adidas Breaknet Sleek de mujer que mantiene una est\u00e9tica&#8230;<\/p>","protected":false},"featured_media":57251,"comment_status":"open","ping_status":"closed","template":"","meta":{"om_disable_all_campaigns":false,"_monsterinsights_skip_tracking":false,"_monsterinsights_sitenote_active":false,"_monsterinsights_sitenote_note":"","_monsterinsights_sitenote_category":0,"_uf_show_specific_survey":0,"_uf_disable_surveys":false,"_joinchat":[]},"etheme_brands":[],"product_brand":[],"product_cat":[18],"product_tag":[],"class_list":{"0":"post-39205","1":"product","2":"type-product","3":"status-publish","4":"has-post-thumbnail","6":"product_cat-mujer","7":"product_shipping_class-envio-a-lima-y-provincia","9":"first","10":"instock","11":"featured","12":"shipping-taxable","13":"purchasable","14":"product-type-variable"},"aioseo_notices":[],"_links":{"self":[{"href":"https:\/\/jnksport.com\/en\/wp-json\/wp\/v2\/product\/39205","targetHints":{"allow":["GET"]}}],"collection":[{"href":"https:\/\/jnksport.com\/en\/wp-json\/wp\/v2\/product"}],"about":[{"href":"https:\/\/jnksport.com\/en\/wp-json\/wp\/v2\/types\/product"}],"replies":[{"embeddable":true,"href":"https:\/\/jnksport.com\/en\/wp-json\/wp\/v2\/comments?post=39205"}],"version-history":[{"count":0,"href":"https:\/\/jnksport.com\/en\/wp-json\/wp\/v2\/product\/39205\/revisions"}],"wp:featuredmedia":[{"embeddable":true,"href":"https:\/\/jnksport.com\/en\/wp-json\/wp\/v2\/media\/57251"}],"wp:attachment":[{"href":"https:\/\/jnksport.com\/en\/wp-json\/wp\/v2\/media?parent=39205"}],"wp:term":[{"taxonomy":"brand","embeddable":true,"href":"https:\/\/jnksport.com\/en\/wp-json\/wp\/v2\/etheme_brands?post=39205"},{"taxonomy":"product_brand","embeddable":true,"href":"https:\/\/jnksport.com\/en\/wp-json\/wp\/v2\/product_brand?post=39205"},{"taxonomy":"product_cat","embeddable":true,"href":"https:\/\/jnksport.com\/en\/wp-json\/wp\/v2\/product_cat?post=39205"},{"taxonomy":"product_tag","embeddable":true,"href":"https:\/\/jnksport.com\/en\/wp-json\/wp\/v2\/product_tag?post=39205"}],"curies":[{"name":"wp","href":"https:\/\/api.w.org\/{rel}","templated":true}]}}